{"id":31307,"date":"2025-10-07T12:59:25","date_gmt":"2025-10-07T12:59:25","guid":{"rendered":"https:\/\/puregrowshop.com\/?post_type=product&#038;p=31307"},"modified":"2025-11-21T11:01:25","modified_gmt":"2025-11-21T11:01:25","slug":"critical-soma-fem-advanced-seeds","status":"publish","type":"product","link":"https:\/\/puregrowshop.com\/fr\/critical-soma-fem-advanced-seeds\/","title":{"rendered":"Critical Soma fem. Advanced Seeds"},"content":{"rendered":"<p>Critical Soma de Advanced Seeds es una variedad fotodependiente feminizada que sobresale por su sencilla siembra, r\u00e1pida floraci\u00f3n y un perfil de sabor y efectos que la convierten en una excelente alternativa para cultivadores de todas las categor\u00edas. Esta cepa es el producto de la hibridaci\u00f3n entre dos variedades poderosas: la cl\u00e1sica Critical y la sabrosa Soma&#8217;s Skunk; es decir, una planta que no solamente proporciona abundantes cosechas, sino tambi\u00e9n un efecto equilibrado y un sabor.<\/p>\n<p>Lo primero que percibir\u00e1s de Critical Soma es su intenso y dulce olor, con una combinaci\u00f3n de notas afrutadas y terrosas que embellecen el ambiente con un aroma placentero. Su sabor es tambi\u00e9n dulce y afrutado, con notas de frutas tropicales y un trasfondo terroso y especiado que proporciona un ligero y agradable regusto.<\/p>\n<p>En lo que respecta a los efectos, Critical Soma te brinda un subid\u00f3n energizante y relajante a la vez, haci\u00e9ndola una variedad perfecta para gozar en cualquier momento del d\u00eda o de la noche. Los efectos euf\u00f3ricos te brindan una sensaci\u00f3n de bienestar y, al mismo tiempo, una profunda relajaci\u00f3n que reduce la tensi\u00f3n y el estr\u00e9s.<\/p>\n<p>Tambi\u00e9n es muy sencillo cultivar Critical Soma. Su floraci\u00f3n r\u00e1pida en interiores, que se da en 50-55 d\u00edas, y su capacidad de resistir plagas y enfermedades hacen de esta planta una alternativa ideal para cultivadores tanto principiantes como experimentados.<\/p>\n<h3 data-start=\"1594\" data-end=\"1625\">Caracter\u00edsticas principales<\/h3>\n<ul data-start=\"1627\" data-end=\"1980\">\n<li data-start=\"1627\" data-end=\"1676\">\n<p data-start=\"1629\" data-end=\"1676\"><strong data-start=\"1629\" data-end=\"1641\">Gen\u00e9tica<\/strong>: H\u00edbrido con predominancia \u00edndica.<\/p>\n<\/li>\n<li data-start=\"1677\" data-end=\"1724\">\n<p data-start=\"1679\" data-end=\"1724\"><strong data-start=\"1679\" data-end=\"1687\">Tipo<\/strong>: Semilla feminizada fotodependiente.<\/p>\n<\/li>\n<li data-start=\"1725\" data-end=\"1765\">\n<p data-start=\"1727\" data-end=\"1765\"><strong data-start=\"1727\" data-end=\"1752\">Floraci\u00f3n en interior<\/strong>: 50\u201355 d\u00edas.<\/p>\n<\/li>\n<li data-start=\"1766\" data-end=\"1836\">\n<p data-start=\"1768\" data-end=\"1836\"><strong data-start=\"1768\" data-end=\"1788\">Cosecha exterior<\/strong>: Finales de septiembre a principios de octubre.<\/p>\n<\/li>\n<li data-start=\"1837\" data-end=\"1860\">\n<p data-start=\"1839\" data-end=\"1860\"><strong data-start=\"1839\" data-end=\"1853\">Producci\u00f3n<\/strong>: Alta.<\/p>\n<\/li>\n<li data-start=\"1861\" data-end=\"1909\">\n<p data-start=\"1863\" data-end=\"1909\"><strong data-start=\"1863\" data-end=\"1873\">Efecto<\/strong>: Relajante, euf\u00f3rico y equilibrado.<\/p>\n<\/li>\n<li data-start=\"1910\" data-end=\"1980\">\n<p data-start=\"1912\" data-end=\"1980\"><strong data-start=\"1912\" data-end=\"1929\">Aroma y sabor<\/strong>: Dulce, afrutado, con notas terrosas y especiadas.<\/p>\n<\/li>\n<\/ul>\n<p data-start=\"1982\" data-end=\"2157\"><strong data-start=\"1982\" data-end=\"1999\">Critical Soma<\/strong> es perfecta para quienes buscan una variedad r\u00e1pida, f\u00e1cil de cultivar y con efectos que combinen relajaci\u00f3n y energ\u00eda, ideal para cualquier momento del d\u00eda.<\/p>\n<hr data-start=\"2159\" data-end=\"2162\" \/>\n<h3 data-start=\"2164\" data-end=\"2179\">Propiedades<\/h3>\n<p data-start=\"2181\" data-end=\"2540\"><strong data-start=\"2181\" data-end=\"2207\">Sabor de Critical Soma<\/strong><br data-start=\"2207\" data-end=\"2210\" \/>El sabor de <strong data-start=\"2222\" data-end=\"2239\">Critical Soma<\/strong> es una mezcla deliciosa de frutas tropicales y un toque terroso y especiado. Es dulce y afrutada, pero tambi\u00e9n tiene un fondo que recuerda a la tierra, lo que le da una complejidad muy agradable. Si te gustan los sabores afrutados y dulces con un toque sutil de especias, esta es una opci\u00f3n perfecta.<\/p>\n<p data-start=\"2542\" data-end=\"2889\"><strong data-start=\"2542\" data-end=\"2553\">Efectos<\/strong><br data-start=\"2553\" data-end=\"2556\" \/>Los efectos de <strong data-start=\"2571\" data-end=\"2588\">Critical Soma<\/strong> comienzan con una euforia suave y agradable que mejora el estado de \u00e1nimo y te da una sensaci\u00f3n de bienestar general. Despu\u00e9s, se suaviza en una relajaci\u00f3n profunda que te ayuda a aliviar el estr\u00e9s sin dejarte inm\u00f3vil. Es una variedad equilibrada que te permite disfrutar del d\u00eda sin sentirte pesado.<\/p>\n<hr data-start=\"2891\" data-end=\"2894\" \/>\n<h3 data-start=\"2896\" data-end=\"2930\">Cultivo en interior y exterior<\/h3>\n<p data-start=\"2932\" data-end=\"3327\"><strong data-start=\"2932\" data-end=\"2944\">Interior<\/strong><br data-start=\"2944\" data-end=\"2947\" \/>En cultivo interior, <strong data-start=\"2968\" data-end=\"2985\">Critical Soma<\/strong> es muy f\u00e1cil de manejar. Su floraci\u00f3n de 50-55 d\u00edas te permitir\u00e1 obtener resultados r\u00e1pidos, con una buena producci\u00f3n de cogollos densos y resinosos. Adem\u00e1s, su estructura compacta y ramificada es ideal para t\u00e9cnicas como SCROG o SOG. Si cultivas en interior, es recomendable usar filtros de carb\u00f3n para mantener el aroma dulce bajo control.<\/p>\n<p data-start=\"3329\" data-end=\"3687\"><strong data-start=\"3329\" data-end=\"3341\">Exterior<\/strong><br data-start=\"3341\" data-end=\"3344\" \/>En exterior, <strong data-start=\"3357\" data-end=\"3374\">Critical Soma<\/strong> se adapta bien a climas templados y mediterr\u00e1neos. La cosecha se realiza entre finales de septiembre y principios de octubre, y puedes esperar una producci\u00f3n abundante de cogollos de alta calidad. Su resistencia a plagas y enfermedades la convierte en una excelente opci\u00f3n para cultivadores de todos los niveles.<\/p>\n<hr data-start=\"3689\" data-end=\"3692\" \/>\n<h3 data-start=\"3694\" data-end=\"3728\">Ficha t\u00e9cnica de Critical Soma<\/h3>\n<ul data-start=\"3730\" data-end=\"4423\">\n<li data-start=\"3730\" data-end=\"3757\">\n<p data-start=\"3732\" data-end=\"3757\"><strong data-start=\"3732\" data-end=\"3741\">Banco<\/strong>: Advanced Seeds<\/p>\n<\/li>\n<li data-start=\"3758\" data-end=\"3809\">\n<p data-start=\"3760\" data-end=\"3809\"><strong data-start=\"3760\" data-end=\"3779\">Tipo de semilla<\/strong>: Feminizada (fotodependiente)<\/p>\n<\/li>\n<li data-start=\"3810\" data-end=\"3858\">\n<p data-start=\"3812\" data-end=\"3858\"><strong data-start=\"3812\" data-end=\"3824\">Gen\u00e9tica<\/strong>: H\u00edbrido con predominancia \u00edndica<\/p>\n<\/li>\n<li data-start=\"3859\" data-end=\"3874\">\n<p data-start=\"3861\" data-end=\"3874\"><strong data-start=\"3861\" data-end=\"3868\">THC<\/strong>: Alto<\/p>\n<\/li>\n<li data-start=\"3875\" data-end=\"3890\">\n<p data-start=\"3877\" data-end=\"3890\"><strong data-start=\"3877\" data-end=\"3884\">CBD<\/strong>: Bajo<\/p>\n<\/li>\n<li data-start=\"3891\" data-end=\"3930\">\n<p data-start=\"3893\" data-end=\"3930\"><strong data-start=\"3893\" data-end=\"3918\">Floraci\u00f3n en interior<\/strong>: 50\u201355 d\u00edas<\/p>\n<\/li>\n<li data-start=\"3931\" data-end=\"4000\">\n<p data-start=\"3933\" data-end=\"4000\"><strong data-start=\"3933\" data-end=\"3953\">Cosecha exterior<\/strong>: Finales de septiembre a principios de octubre<\/p>\n<\/li>\n<li data-start=\"4001\" data-end=\"4032\">\n<p data-start=\"4003\" data-end=\"4032\"><strong data-start=\"4003\" data-end=\"4026\">Producci\u00f3n interior<\/strong>: Alta<\/p>\n<\/li>\n<li data-start=\"4033\" data-end=\"4068\">\n<p data-start=\"4035\" data-end=\"4068\"><strong data-start=\"4035\" data-end=\"4058\">Producci\u00f3n exterior<\/strong>: Muy alta<\/p>\n<\/li>\n<li data-start=\"4069\" data-end=\"4088\">\n<p data-start=\"4071\" data-end=\"4088\"><strong data-start=\"4071\" data-end=\"4081\">Altura<\/strong>: Media<\/p>\n<\/li>\n<li data-start=\"4089\" data-end=\"4128\">\n<p data-start=\"4091\" data-end=\"4128\"><strong data-start=\"4091\" data-end=\"4105\">Estructura<\/strong>: Compacta y ramificada<\/p>\n<\/li>\n<li data-start=\"4129\" data-end=\"4186\">\n<p data-start=\"4131\" data-end=\"4186\"><strong data-start=\"4131\" data-end=\"4148\">Aroma y sabor<\/strong>: Dulce, afrutado, terroso y especiado<\/p>\n<\/li>\n<li data-start=\"4187\" data-end=\"4234\">\n<p data-start=\"4189\" data-end=\"4234\"><strong data-start=\"4189\" data-end=\"4199\">Efecto<\/strong>: Relajante, euf\u00f3rico y equilibrado<\/p>\n<\/li>\n<li data-start=\"4235\" data-end=\"4268\">\n<p data-start=\"4237\" data-end=\"4268\"><strong data-start=\"4237\" data-end=\"4262\">Dificultad de cultivo<\/strong>: Baja<\/p>\n<\/li>\n<li data-start=\"4269\" data-end=\"4323\">\n<p data-start=\"4271\" data-end=\"4323\"><strong data-start=\"4271\" data-end=\"4296\">T\u00e9cnicas recomendadas<\/strong>: SCROG, SOG, LST, tutorado<\/p>\n<\/li>\n<li data-start=\"4324\" data-end=\"4377\">\n<p data-start=\"4326\" data-end=\"4377\"><strong data-start=\"4326\" data-end=\"4345\">Uso recomendado<\/strong>: Consumo recreativo y relajante<\/p>\n<\/li>\n<li data-start=\"4378\" data-end=\"4423\">\n<p data-start=\"4380\" data-end=\"4423\"><strong data-start=\"4380\" data-end=\"4404\">Formatos disponibles<\/strong>: 1, 3 y 5 semillas<\/p>\n<\/li>\n<\/ul>\n<hr data-start=\"4425\" data-end=\"4428\" \/>\n<h3 data-start=\"4430\" data-end=\"4460\">Preguntas frecuentes (FAQ)<\/h3>\n<p data-start=\"4462\" data-end=\"4651\"><strong data-start=\"4462\" data-end=\"4498\">\u00bfEs adecuada para principiantes?<\/strong><br data-start=\"4498\" data-end=\"4501\" \/>S\u00ed, <strong data-start=\"4505\" data-end=\"4522\">Critical Soma<\/strong> es f\u00e1cil de cultivar, con una floraci\u00f3n r\u00e1pida y una buena resistencia a plagas, lo que la hace ideal para cultivadores novatos.<\/p>\n<p data-start=\"4653\" data-end=\"4840\"><strong data-start=\"4653\" data-end=\"4687\">\u00bfQu\u00e9 destaca de Critical Soma?<\/strong><br data-start=\"4687\" data-end=\"4690\" \/>Su sabor afrutado y dulce, combinado con una r\u00e1pida floraci\u00f3n y efectos equilibrados, la hacen una opci\u00f3n excelente para disfrutar a lo largo del d\u00eda.<\/p>\n<p data-start=\"4842\" data-end=\"5017\"><strong data-start=\"4842\" data-end=\"4872\">\u00bfCu\u00e1nto tarda en florecer?<\/strong><br data-start=\"4872\" data-end=\"4875\" \/>En interior, <strong data-start=\"4888\" data-end=\"4905\">Critical Soma<\/strong> florece en 50\u201355 d\u00edas, y en exterior la cosecha se realiza entre finales de septiembre y principios de octubre.<\/p>\n<p data-start=\"5019\" data-end=\"5156\"><strong data-start=\"5019\" data-end=\"5051\">\u00bfEs buena para extracciones?<\/strong><br data-start=\"5051\" data-end=\"5054\" \/>S\u00ed, su alta producci\u00f3n de resina la hace perfecta para realizar concentrados como rosin, BHO o hach\u00eds.<\/p>\n<p data-start=\"5158\" data-end=\"5295\"><strong data-start=\"5158\" data-end=\"5194\">\u00bfCu\u00e1ndo debo cortar en exterior?<\/strong><br data-start=\"5194\" data-end=\"5197\" \/>En el Hemisferio Norte, la cosecha se realiza entre finales de septiembre y principios de octubre.<\/p>\n","protected":false},"excerpt":{"rendered":"<p>Critical Soma fem. de Advanced Seeds combina la productividad de Critical con los matices tropicales de Somango en una gen\u00e9tica feminizada homog\u00e9nea y fiable. Floraci\u00f3n r\u00e1pida, estructura compacta y vigorosa, con altos rendimientos de flores densas y muy resinosas. Aroma dulce y afrutado (mango, fruta madura, toques c\u00edtricos) de gran intensidad. Ideal para quienes buscan facilidad de manejo, estabilidad y resultados consistentes en interior o exterior.<\/p>\n","protected":false},"featured_media":18507,"comment_status":"open","ping_status":"closed","template":"","meta":{"_bst_post_transparent":"","_bst_post_title":"","_bst_post_layout":"","_bst_post_sidebar_id":"","_bst_post_content_style":"","_bst_post_vertical_padding":"","_bst_post_feature":"","_bst_post_feature_position":"","_bst_post_header":false,"_bst_post_footer":false},"pwb-brand":[198],"product_brand":[],"product_cat":[69],"product_tag":[],"class_list":{"0":"post-31307","1":"product","2":"type-product","3":"status-publish","4":"has-post-thumbnail","6":"pwb-brand-advanced-seeds","7":"product_cat-feminizadas","9":"first","10":"outofstock","11":"sale","12":"taxable","13":"shipping-taxable","14":"purchasable","15":"product-type-variable","16":"entry","17":"content-bg","18":"loop-entry"},"brands":[{"id":198,"name":"Advanced Seeds","slug":"advanced-seeds"}],"_links":{"self":[{"href":"https:\/\/puregrowshop.com\/fr\/wp-json\/wp\/v2\/product\/31307","targetHints":{"allow":["GET"]}}],"collection":[{"href":"https:\/\/puregrowshop.com\/fr\/wp-json\/wp\/v2\/product"}],"about":[{"href":"https:\/\/puregrowshop.com\/fr\/wp-json\/wp\/v2\/types\/product"}],"replies":[{"embeddable":true,"href":"https:\/\/puregrowshop.com\/fr\/wp-json\/wp\/v2\/comments?post=31307"}],"wp:featuredmedia":[{"embeddable":true,"href":"https:\/\/puregrowshop.com\/fr\/wp-json\/wp\/v2\/media\/18507"}],"wp:attachment":[{"href":"https:\/\/puregrowshop.com\/fr\/wp-json\/wp\/v2\/media?parent=31307"}],"wp:term":[{"taxonomy":"pwb-brand","embeddable":true,"href":"https:\/\/puregrowshop.com\/fr\/wp-json\/wp\/v2\/pwb-brand?post=31307"},{"taxonomy":"product_brand","embeddable":true,"href":"https:\/\/puregrowshop.com\/fr\/wp-json\/wp\/v2\/product_brand?post=31307"},{"taxonomy":"product_cat","embeddable":true,"href":"https:\/\/puregrowshop.com\/fr\/wp-json\/wp\/v2\/product_cat?post=31307"},{"taxonomy":"product_tag","embeddable":true,"href":"https:\/\/puregrowshop.com\/fr\/wp-json\/wp\/v2\/product_tag?post=31307"}],"curies":[{"name":"wp","href":"https:\/\/api.w.org\/{rel}","templated":true}]}}