{"id":31306,"date":"2025-10-07T12:59:24","date_gmt":"2025-10-07T12:59:24","guid":{"rendered":"https:\/\/puregrowshop.com\/?post_type=product&#038;p=31306"},"modified":"2025-11-21T11:01:25","modified_gmt":"2025-11-21T11:01:25","slug":"critical-purple-kush-fem-advanced-seeds","status":"publish","type":"product","link":"https:\/\/puregrowshop.com\/fr\/critical-purple-kush-fem-advanced-seeds\/","title":{"rendered":"Critical Purple Kush fem. Advanced Seeds"},"content":{"rendered":"<p>Es una cepa feminizada que depende de la luz, Critical Purple Kush de Advanced Seeds, conocida por su r\u00e1pida floraci\u00f3n y el fuerte efecto relajante que tiene. Esta variedad es el resultado de un cruce entre la Critical y la Purple Kush; une la solidez y la productividad de la primera con los matices relajantes y el color intenso de la segunda.<\/p>\n<p>Su extraordinario perfume, que combina matices dulces y terrosos con un toque afrutado y floral, es lo primero que notar\u00e1s al cultivarla. El sabor contin\u00faa en la misma l\u00ednea, con un perfil azucarado y suave que evoca el vino tinto y las frutas maduras, mezclado con un sutil toque terroso y especiado que aporta complejidad y profundidad. Es una experiencia de gusto exquisita que te har\u00e1 deleitarte con cada calada.<\/p>\n<p>En lo que respecta a los efectos, Critical Purple Kush es una variedad que proporciona un relajamiento duradero y profundo, ideal para desconectar y reducir el estr\u00e9s. Su efecto empieza con suavidad, pero pronto te envuelve en una sensaci\u00f3n de bienestar que te deja tranquilo sin ser demasiado pesado. Es perfecto para disfrutar por la noche o en instantes en los que solo desees relajarte y gozar de la vida.<\/p>\n<p>Adem\u00e1s, Critical Purple Kush tiene un cultivo sencillo y florece r\u00e1pidamente en 50-55 d\u00edas en interiores. Su estructura robusta y ramificada la hace perfecta para m\u00e9todos como SCROG y SOG. Adem\u00e1s, su capacidad para resistir plagas y enfermedades la vuelve una opci\u00f3n \u00f3ptima para todos los cultivadores.<\/p>\n<h3 data-start=\"1639\" data-end=\"1670\">Caracter\u00edsticas principales<\/h3>\n<ul data-start=\"1672\" data-end=\"2028\">\n<li data-start=\"1672\" data-end=\"1721\">\n<p data-start=\"1674\" data-end=\"1721\"><strong data-start=\"1674\" data-end=\"1686\">Gen\u00e9tica<\/strong>: H\u00edbrido con predominancia \u00edndica.<\/p>\n<\/li>\n<li data-start=\"1722\" data-end=\"1769\">\n<p data-start=\"1724\" data-end=\"1769\"><strong data-start=\"1724\" data-end=\"1732\">Tipo<\/strong>: Semilla feminizada fotodependiente.<\/p>\n<\/li>\n<li data-start=\"1770\" data-end=\"1810\">\n<p data-start=\"1772\" data-end=\"1810\"><strong data-start=\"1772\" data-end=\"1797\">Floraci\u00f3n en interior<\/strong>: 50\u201355 d\u00edas.<\/p>\n<\/li>\n<li data-start=\"1811\" data-end=\"1881\">\n<p data-start=\"1813\" data-end=\"1881\"><strong data-start=\"1813\" data-end=\"1833\">Cosecha exterior<\/strong>: Finales de septiembre a principios de octubre.<\/p>\n<\/li>\n<li data-start=\"1882\" data-end=\"1905\">\n<p data-start=\"1884\" data-end=\"1905\"><strong data-start=\"1884\" data-end=\"1898\">Producci\u00f3n<\/strong>: Alta.<\/p>\n<\/li>\n<li data-start=\"1906\" data-end=\"1961\">\n<p data-start=\"1908\" data-end=\"1961\"><strong data-start=\"1908\" data-end=\"1918\">Efecto<\/strong>: Relajante, calmante, ideal para la noche.<\/p>\n<\/li>\n<li data-start=\"1962\" data-end=\"2028\">\n<p data-start=\"1964\" data-end=\"2028\"><strong data-start=\"1964\" data-end=\"1981\">Aroma y sabor<\/strong>: Dulce, afrutado, terroso con toques florales.<\/p>\n<\/li>\n<\/ul>\n<p data-start=\"2030\" data-end=\"2165\"><strong data-start=\"2030\" data-end=\"2054\">Critical Purple Kush<\/strong> es perfecta para quienes buscan una variedad que combine rapidez, calidad y un efecto relajante y equilibrado.<\/p>\n<hr data-start=\"2167\" data-end=\"2170\" \/>\n<h3 data-start=\"2172\" data-end=\"2187\">Propiedades<\/h3>\n<p data-start=\"2189\" data-end=\"2479\"><strong data-start=\"2189\" data-end=\"2222\">Sabor de Critical Purple Kush<\/strong><br data-start=\"2222\" data-end=\"2225\" \/>El sabor de <strong data-start=\"2237\" data-end=\"2261\">Critical Purple Kush<\/strong> es una mezcla dulce y afrutada que recuerda a las frutas maduras, con un fondo terroso y floral que le aporta profundidad. Cada calada es suave y deliciosa, ideal para los amantes de los sabores complejos y naturales.<\/p>\n<p data-start=\"2481\" data-end=\"2831\"><strong data-start=\"2481\" data-end=\"2492\">Efectos<\/strong><br data-start=\"2492\" data-end=\"2495\" \/>Los efectos de <strong data-start=\"2510\" data-end=\"2534\">Critical Purple Kush<\/strong> te sumergen en una relajaci\u00f3n profunda. Comienza de forma suave y gradual, pero pronto te envuelve en una sensaci\u00f3n de bienestar que te ayudar\u00e1 a aliviar el estr\u00e9s sin dejarte demasiado somnoliento. Es la opci\u00f3n perfecta para la noche, para relajarte o disfrutar de una pel\u00edcula o buena compa\u00f1\u00eda.<\/p>\n<hr data-start=\"2833\" data-end=\"2836\" \/>\n<h3 data-start=\"2838\" data-end=\"2872\">Cultivo en interior y exterior<\/h3>\n<p data-start=\"2874\" data-end=\"3243\"><strong data-start=\"2874\" data-end=\"2886\">Interior<\/strong><br data-start=\"2886\" data-end=\"2889\" \/><strong data-start=\"2889\" data-end=\"2913\">Critical Purple Kush<\/strong> es muy f\u00e1cil de cultivar, con una floraci\u00f3n r\u00e1pida de 50-55 d\u00edas. Su estructura compacta y ramificada la hace perfecta para t\u00e9cnicas de SCROG o SOG. A pesar de su rapidez, ofrece una alta producci\u00f3n de cogollos densos y resinosos. Como siempre, dado su aroma fuerte, es recomendable usar filtros de carb\u00f3n para controlar el olor.<\/p>\n<p data-start=\"3245\" data-end=\"3583\"><strong data-start=\"3245\" data-end=\"3257\">Exterior<\/strong><br data-start=\"3257\" data-end=\"3260\" \/>En cultivo exterior, <strong data-start=\"3281\" data-end=\"3305\">Critical Purple Kush<\/strong> se adapta bien a climas templados y mediterr\u00e1neos. La cosecha se realiza entre finales de septiembre y principios de octubre. Su resistencia la hace ideal para cultivadores de todos los niveles, y puedes esperar una producci\u00f3n abundante de cogollos resinosos y de gran calidad.<\/p>\n<hr data-start=\"3585\" data-end=\"3588\" \/>\n<h3 data-start=\"3590\" data-end=\"3631\">Ficha t\u00e9cnica de Critical Purple Kush<\/h3>\n<ul data-start=\"3633\" data-end=\"4311\">\n<li data-start=\"3633\" data-end=\"3660\">\n<p data-start=\"3635\" data-end=\"3660\"><strong data-start=\"3635\" data-end=\"3644\">Banco<\/strong>: Advanced Seeds<\/p>\n<\/li>\n<li data-start=\"3661\" data-end=\"3712\">\n<p data-start=\"3663\" data-end=\"3712\"><strong data-start=\"3663\" data-end=\"3682\">Tipo de semilla<\/strong>: Feminizada (fotodependiente)<\/p>\n<\/li>\n<li data-start=\"3713\" data-end=\"3761\">\n<p data-start=\"3715\" data-end=\"3761\"><strong data-start=\"3715\" data-end=\"3727\">Gen\u00e9tica<\/strong>: H\u00edbrido con predominancia \u00edndica<\/p>\n<\/li>\n<li data-start=\"3762\" data-end=\"3777\">\n<p data-start=\"3764\" data-end=\"3777\"><strong data-start=\"3764\" data-end=\"3771\">THC<\/strong>: Alto<\/p>\n<\/li>\n<li data-start=\"3778\" data-end=\"3793\">\n<p data-start=\"3780\" data-end=\"3793\"><strong data-start=\"3780\" data-end=\"3787\">CBD<\/strong>: Bajo<\/p>\n<\/li>\n<li data-start=\"3794\" data-end=\"3833\">\n<p data-start=\"3796\" data-end=\"3833\"><strong data-start=\"3796\" data-end=\"3821\">Floraci\u00f3n en interior<\/strong>: 50\u201355 d\u00edas<\/p>\n<\/li>\n<li data-start=\"3834\" data-end=\"3903\">\n<p data-start=\"3836\" data-end=\"3903\"><strong data-start=\"3836\" data-end=\"3856\">Cosecha exterior<\/strong>: Finales de septiembre a principios de octubre<\/p>\n<\/li>\n<li data-start=\"3904\" data-end=\"3935\">\n<p data-start=\"3906\" data-end=\"3935\"><strong data-start=\"3906\" data-end=\"3929\">Producci\u00f3n interior<\/strong>: Alta<\/p>\n<\/li>\n<li data-start=\"3936\" data-end=\"3971\">\n<p data-start=\"3938\" data-end=\"3971\"><strong data-start=\"3938\" data-end=\"3961\">Producci\u00f3n exterior<\/strong>: Muy alta<\/p>\n<\/li>\n<li data-start=\"3972\" data-end=\"3991\">\n<p data-start=\"3974\" data-end=\"3991\"><strong data-start=\"3974\" data-end=\"3984\">Altura<\/strong>: Media<\/p>\n<\/li>\n<li data-start=\"3992\" data-end=\"4031\">\n<p data-start=\"3994\" data-end=\"4031\"><strong data-start=\"3994\" data-end=\"4008\">Estructura<\/strong>: Compacta y ramificada<\/p>\n<\/li>\n<li data-start=\"4032\" data-end=\"4086\">\n<p data-start=\"4034\" data-end=\"4086\"><strong data-start=\"4034\" data-end=\"4051\">Aroma y sabor<\/strong>: Dulce, afrutado, terroso y floral<\/p>\n<\/li>\n<li data-start=\"4087\" data-end=\"4121\">\n<p data-start=\"4089\" data-end=\"4121\"><strong data-start=\"4089\" data-end=\"4099\">Efecto<\/strong>: Relajante y calmante<\/p>\n<\/li>\n<li data-start=\"4122\" data-end=\"4156\">\n<p data-start=\"4124\" data-end=\"4156\"><strong data-start=\"4124\" data-end=\"4149\">Dificultad de cultivo<\/strong>: Media<\/p>\n<\/li>\n<li data-start=\"4157\" data-end=\"4211\">\n<p data-start=\"4159\" data-end=\"4211\"><strong data-start=\"4159\" data-end=\"4184\">T\u00e9cnicas recomendadas<\/strong>: SCROG, SOG, LST, tutorado<\/p>\n<\/li>\n<li data-start=\"4212\" data-end=\"4265\">\n<p data-start=\"4214\" data-end=\"4265\"><strong data-start=\"4214\" data-end=\"4233\">Uso recomendado<\/strong>: Consumo recreativo y relajante<\/p>\n<\/li>\n<li data-start=\"4266\" data-end=\"4311\">\n<p data-start=\"4268\" data-end=\"4311\"><strong data-start=\"4268\" data-end=\"4292\">Formatos disponibles<\/strong>: 1, 3 y 5 semillas<\/p>\n<\/li>\n<\/ul>\n<hr data-start=\"4313\" data-end=\"4316\" \/>\n<h3 data-start=\"4318\" data-end=\"4348\">Preguntas frecuentes (FAQ)<\/h3>\n<p data-start=\"4350\" data-end=\"4519\"><strong data-start=\"4350\" data-end=\"4386\">\u00bfEs adecuada para principiantes?<\/strong><br data-start=\"4386\" data-end=\"4389\" \/>S\u00ed, <strong data-start=\"4393\" data-end=\"4417\">Critical Purple Kush<\/strong> es f\u00e1cil de cultivar y tiene una floraci\u00f3n r\u00e1pida, lo que la hace perfecta para cultivadores novatos.<\/p>\n<p data-start=\"4521\" data-end=\"4713\"><strong data-start=\"4521\" data-end=\"4562\">\u00bfQu\u00e9 destaca de Critical Purple Kush?<\/strong><br data-start=\"4562\" data-end=\"4565\" \/>Su sabor dulce y afrutado, junto con su r\u00e1pido tiempo de floraci\u00f3n y sus efectos relajantes que hacen que sea ideal para disfrutar al final del d\u00eda.<\/p>\n<p data-start=\"4715\" data-end=\"4896\"><strong data-start=\"4715\" data-end=\"4745\">\u00bfCu\u00e1nto tarda en florecer?<\/strong><br data-start=\"4745\" data-end=\"4748\" \/>En interior, <strong data-start=\"4761\" data-end=\"4785\">Critical Purple Kush<\/strong> florece en 50\u201355 d\u00edas. En exterior, la cosecha se realiza entre finales de septiembre y principios de octubre.<\/p>\n<p data-start=\"4898\" data-end=\"5041\"><strong data-start=\"4898\" data-end=\"4930\">\u00bfEs buena para extracciones?<\/strong><br data-start=\"4930\" data-end=\"4933\" \/>S\u00ed, tiene una alta producci\u00f3n de resina, lo que la hace perfecta para concentrados como rosin, BHO o hach\u00eds.<\/p>\n<p data-start=\"5043\" data-end=\"5180\"><strong data-start=\"5043\" data-end=\"5079\">\u00bfCu\u00e1ndo debo cortar en exterior?<\/strong><br data-start=\"5079\" data-end=\"5082\" \/>En el Hemisferio Norte, la cosecha se realiza entre finales de septiembre y principios de octubre.<\/p>\n","protected":false},"excerpt":{"rendered":"<p>Critical Purple Kush fem. Advanced Seeds destaca por su perfil arom\u00e1tico dulce y afrutado con matices terrosos, cogollos densos con tonos p\u00farpura y abundante resina. Gen\u00e9tica feminizada, estable y homog\u00e9nea, dise\u00f1ada para resultados consistentes y una experiencia profunda y relajante. Ideal para coleccionistas que valoran potencia, sabor y est\u00e9tica en una sola variedad. Disponible en packs desde 1 hasta 100 semillas.<\/p>\n","protected":false},"featured_media":18567,"comment_status":"open","ping_status":"closed","template":"","meta":{"_bst_post_transparent":"","_bst_post_title":"","_bst_post_layout":"","_bst_post_sidebar_id":"","_bst_post_content_style":"","_bst_post_vertical_padding":"","_bst_post_feature":"","_bst_post_feature_position":"","_bst_post_header":false,"_bst_post_footer":false},"pwb-brand":[198],"product_brand":[],"product_cat":[69],"product_tag":[],"class_list":{"0":"post-31306","1":"product","2":"type-product","3":"status-publish","4":"has-post-thumbnail","6":"pwb-brand-advanced-seeds","7":"product_cat-feminizadas","9":"first","10":"instock","11":"sale","12":"taxable","13":"shipping-taxable","14":"purchasable","15":"product-type-variable","16":"entry","17":"content-bg","18":"loop-entry"},"brands":[{"id":198,"name":"Advanced Seeds","slug":"advanced-seeds"}],"_links":{"self":[{"href":"https:\/\/puregrowshop.com\/fr\/wp-json\/wp\/v2\/product\/31306","targetHints":{"allow":["GET"]}}],"collection":[{"href":"https:\/\/puregrowshop.com\/fr\/wp-json\/wp\/v2\/product"}],"about":[{"href":"https:\/\/puregrowshop.com\/fr\/wp-json\/wp\/v2\/types\/product"}],"replies":[{"embeddable":true,"href":"https:\/\/puregrowshop.com\/fr\/wp-json\/wp\/v2\/comments?post=31306"}],"wp:featuredmedia":[{"embeddable":true,"href":"https:\/\/puregrowshop.com\/fr\/wp-json\/wp\/v2\/media\/18567"}],"wp:attachment":[{"href":"https:\/\/puregrowshop.com\/fr\/wp-json\/wp\/v2\/media?parent=31306"}],"wp:term":[{"taxonomy":"pwb-brand","embeddable":true,"href":"https:\/\/puregrowshop.com\/fr\/wp-json\/wp\/v2\/pwb-brand?post=31306"},{"taxonomy":"product_brand","embeddable":true,"href":"https:\/\/puregrowshop.com\/fr\/wp-json\/wp\/v2\/product_brand?post=31306"},{"taxonomy":"product_cat","embeddable":true,"href":"https:\/\/puregrowshop.com\/fr\/wp-json\/wp\/v2\/product_cat?post=31306"},{"taxonomy":"product_tag","embeddable":true,"href":"https:\/\/puregrowshop.com\/fr\/wp-json\/wp\/v2\/product_tag?post=31306"}],"curies":[{"name":"wp","href":"https:\/\/api.w.org\/{rel}","templated":true}]}}