{"id":31305,"date":"2025-10-07T12:59:24","date_gmt":"2025-10-07T12:59:24","guid":{"rendered":"https:\/\/puregrowshop.com\/?post_type=product&#038;p=31305"},"modified":"2025-12-07T17:02:57","modified_gmt":"2025-12-07T17:02:57","slug":"critical-mass-fast-advanced-seeds","status":"publish","type":"product","link":"https:\/\/puregrowshop.com\/fr\/critical-mass-fast-advanced-seeds\/","title":{"rendered":"Critical Mass Fast Advanced Seeds"},"content":{"rendered":"<p>La cepa Critical Mass Fast de Advanced Seeds es la edici\u00f3n r\u00e1pida de la muy reconocida Critical Mass, que se distingue por su alta productividad y su habilidad para proporcionar rendimientos elevados. Esta versi\u00f3n Fast conserva todas las ventajas de la original, pero es m\u00e1s r\u00e1pida en cuanto a la floraci\u00f3n (solo 45-50 d\u00edas en interior), lo que la hace ideal para los cultivadores que quieren resultados veloces sin sacrificar la calidad.<\/p>\n<p>El aroma de Critical Mass Fast es una combinaci\u00f3n deliciosa de dulzura y terrosidad, con notas frutales y un trasfondo especiado que inunda el ambiente con un perfume fuerte y placentero. Su sabor es igual de impactante, con una base de frutas maduras y un leve toque de madera y especias, lo que genera una experiencia gustativa delicada, aunque profunda y compleja.<\/p>\n<p>Con respecto a los efectos, Critical Mass Fast proporciona una intensa relajaci\u00f3n corporal que te envuelve de inmediato y es perfecta para reducir el estr\u00e9s y la tensi\u00f3n. A pesar de que su efecto es sobre todo relajante, no es tan aplastante como otras variedades muy \u00edndicas, as\u00ed que tendr\u00e1s la posibilidad de gozar de un buen rato sin quedarte completamente inm\u00f3vil. Es ideal para la noche o la tarde, cuando lo que quieres es relajarte y gozar.<\/p>\n<p>Adem\u00e1s, Critical Mass Fast es extremadamente sencillo de cultivar. Su estructura robusta y su r\u00e1pida floraci\u00f3n la convierten en una opci\u00f3n perfecta para agricultores tanto novatos como con experiencia. Su resistencia a enfermedades y plagas hace de ella una planta confiable que te brindar\u00e1 resultados magn\u00edficos sin demasiados inconvenientes.<\/p>\n<h3 data-start=\"1778\" data-end=\"1809\">Caracter\u00edsticas principales<\/h3>\n<ul data-start=\"1811\" data-end=\"2159\">\n<li data-start=\"1811\" data-end=\"1860\">\n<p data-start=\"1813\" data-end=\"1860\"><strong data-start=\"1813\" data-end=\"1825\">Gen\u00e9tica<\/strong>: H\u00edbrido con predominancia \u00edndica.<\/p>\n<\/li>\n<li data-start=\"1861\" data-end=\"1908\">\n<p data-start=\"1863\" data-end=\"1908\"><strong data-start=\"1863\" data-end=\"1871\">Tipo<\/strong>: Semilla feminizada fotodependiente.<\/p>\n<\/li>\n<li data-start=\"1909\" data-end=\"1949\">\n<p data-start=\"1911\" data-end=\"1949\"><strong data-start=\"1911\" data-end=\"1936\">Floraci\u00f3n en interior<\/strong>: 45\u201350 d\u00edas.<\/p>\n<\/li>\n<li data-start=\"1950\" data-end=\"2020\">\n<p data-start=\"1952\" data-end=\"2020\"><strong data-start=\"1952\" data-end=\"1972\">Cosecha exterior<\/strong>: Finales de septiembre a principios de octubre.<\/p>\n<\/li>\n<li data-start=\"2021\" data-end=\"2048\">\n<p data-start=\"2023\" data-end=\"2048\"><strong data-start=\"2023\" data-end=\"2037\">Producci\u00f3n<\/strong>: Muy alta.<\/p>\n<\/li>\n<li data-start=\"2049\" data-end=\"2096\">\n<p data-start=\"2051\" data-end=\"2096\"><strong data-start=\"2051\" data-end=\"2061\">Efecto<\/strong>: Relajante, sedante y anti-estr\u00e9s.<\/p>\n<\/li>\n<li data-start=\"2097\" data-end=\"2159\">\n<p data-start=\"2099\" data-end=\"2159\"><strong data-start=\"2099\" data-end=\"2116\">Aroma y sabor<\/strong>: Terroso, afrutado, con toques especiados.<\/p>\n<\/li>\n<\/ul>\n<p data-start=\"2161\" data-end=\"2358\"><strong data-start=\"2161\" data-end=\"2183\">Critical Mass Fast<\/strong> es ideal para quienes buscan una variedad potente, con un sabor delicioso y una floraci\u00f3n r\u00e1pida, perfecta para disfrutar de una relajaci\u00f3n profunda sin esperar mucho tiempo.<\/p>\n<hr data-start=\"2360\" data-end=\"2363\" \/>\n<h3 data-start=\"2365\" data-end=\"2380\">Propiedades<\/h3>\n<p data-start=\"2382\" data-end=\"2735\"><strong data-start=\"2382\" data-end=\"2413\">Sabor de Critical Mass Fast<\/strong><br data-start=\"2413\" data-end=\"2416\" \/>El sabor de <strong data-start=\"2428\" data-end=\"2450\">Critical Mass Fast<\/strong> es una mezcla dulce y afrutada, con un toque terroso que recuerda a la naturaleza. Sus notas especiadas le a\u00f1aden una dimensi\u00f3n extra, lo que hace que cada calada sea suave pero llena de sabor. Es una opci\u00f3n ideal para quienes buscan una experiencia de sabor compleja pero placentera.<\/p>\n<p data-start=\"2737\" data-end=\"3072\"><strong data-start=\"2737\" data-end=\"2748\">Efectos<\/strong><br data-start=\"2748\" data-end=\"2751\" \/>Los efectos de <strong data-start=\"2766\" data-end=\"2788\">Critical Mass Fast<\/strong> son principalmente relajantes, con una sensaci\u00f3n de calma profunda que te ayuda a liberar tensiones y estr\u00e9s. Aunque tiene un efecto sedante, no te dejar\u00e1 completamente inm\u00f3vil, lo que la convierte en una opci\u00f3n perfecta para relajarte despu\u00e9s de un d\u00eda largo, sin perder la energ\u00eda.<\/p>\n<hr data-start=\"3074\" data-end=\"3077\" \/>\n<h3 data-start=\"3079\" data-end=\"3113\">Cultivo en interior y exterior<\/h3>\n<p data-start=\"3115\" data-end=\"3522\"><strong data-start=\"3115\" data-end=\"3127\">Interior<\/strong><br data-start=\"3127\" data-end=\"3130\" \/><strong data-start=\"3130\" data-end=\"3152\">Critical Mass Fast<\/strong> es muy f\u00e1cil de cultivar, con una floraci\u00f3n r\u00e1pida (45-50 d\u00edas) que te permitir\u00e1 disfrutar de los resultados en un tiempo r\u00e9cord. Su estructura compacta y ramificada es perfecta para t\u00e9cnicas como SCROG y SOG. A pesar de su rapidez, produce cogollos densos y resinosos. Debido a su intenso aroma, es recomendable usar filtros de carb\u00f3n para mantener el olor controlado.<\/p>\n<p data-start=\"3524\" data-end=\"3856\"><strong data-start=\"3524\" data-end=\"3536\">Exterior<\/strong><br data-start=\"3536\" data-end=\"3539\" \/>En exterior, <strong data-start=\"3552\" data-end=\"3574\">Critical Mass Fast<\/strong> se adapta bien a climas templados y mediterr\u00e1neos. La cosecha se realiza entre finales de septiembre y principios de octubre, y su alta resistencia a plagas y enfermedades hace que sea f\u00e1cil de cultivar. Puedes esperar una cosecha abundante, con cogollos densos y llenos de resina.<\/p>\n<hr data-start=\"3858\" data-end=\"3861\" \/>\n<h3 data-start=\"3863\" data-end=\"3902\">Ficha t\u00e9cnica de Critical Mass Fast<\/h3>\n<ul data-start=\"3904\" data-end=\"4583\">\n<li data-start=\"3904\" data-end=\"3931\">\n<p data-start=\"3906\" data-end=\"3931\"><strong data-start=\"3906\" data-end=\"3915\">Banco<\/strong>: Advanced Seeds<\/p>\n<\/li>\n<li data-start=\"3932\" data-end=\"3983\">\n<p data-start=\"3934\" data-end=\"3983\"><strong data-start=\"3934\" data-end=\"3953\">Tipo de semilla<\/strong>: Feminizada (fotodependiente)<\/p>\n<\/li>\n<li data-start=\"3984\" data-end=\"4032\">\n<p data-start=\"3986\" data-end=\"4032\"><strong data-start=\"3986\" data-end=\"3998\">Gen\u00e9tica<\/strong>: H\u00edbrido con predominancia \u00edndica<\/p>\n<\/li>\n<li data-start=\"4033\" data-end=\"4048\">\n<p data-start=\"4035\" data-end=\"4048\"><strong data-start=\"4035\" data-end=\"4042\">THC<\/strong>: Alto<\/p>\n<\/li>\n<li data-start=\"4049\" data-end=\"4064\">\n<p data-start=\"4051\" data-end=\"4064\"><strong data-start=\"4051\" data-end=\"4058\">CBD<\/strong>: Bajo<\/p>\n<\/li>\n<li data-start=\"4065\" data-end=\"4104\">\n<p data-start=\"4067\" data-end=\"4104\"><strong data-start=\"4067\" data-end=\"4092\">Floraci\u00f3n en interior<\/strong>: 45\u201350 d\u00edas<\/p>\n<\/li>\n<li data-start=\"4105\" data-end=\"4174\">\n<p data-start=\"4107\" data-end=\"4174\"><strong data-start=\"4107\" data-end=\"4127\">Cosecha exterior<\/strong>: Finales de septiembre a principios de octubre<\/p>\n<\/li>\n<li data-start=\"4175\" data-end=\"4210\">\n<p data-start=\"4177\" data-end=\"4210\"><strong data-start=\"4177\" data-end=\"4200\">Producci\u00f3n interior<\/strong>: Muy alta<\/p>\n<\/li>\n<li data-start=\"4211\" data-end=\"4246\">\n<p data-start=\"4213\" data-end=\"4246\"><strong data-start=\"4213\" data-end=\"4236\">Producci\u00f3n exterior<\/strong>: Muy alta<\/p>\n<\/li>\n<li data-start=\"4247\" data-end=\"4266\">\n<p data-start=\"4249\" data-end=\"4266\"><strong data-start=\"4249\" data-end=\"4259\">Altura<\/strong>: Media<\/p>\n<\/li>\n<li data-start=\"4267\" data-end=\"4306\">\n<p data-start=\"4269\" data-end=\"4306\"><strong data-start=\"4269\" data-end=\"4283\">Estructura<\/strong>: Compacta y ramificada<\/p>\n<\/li>\n<li data-start=\"4307\" data-end=\"4356\">\n<p data-start=\"4309\" data-end=\"4356\"><strong data-start=\"4309\" data-end=\"4326\">Aroma y sabor<\/strong>: Terroso, afrutado, especiado<\/p>\n<\/li>\n<li data-start=\"4357\" data-end=\"4394\">\n<p data-start=\"4359\" data-end=\"4394\"><strong data-start=\"4359\" data-end=\"4369\">Efecto<\/strong>: Relajante y anti-estr\u00e9s<\/p>\n<\/li>\n<li data-start=\"4395\" data-end=\"4428\">\n<p data-start=\"4397\" data-end=\"4428\"><strong data-start=\"4397\" data-end=\"4422\">Dificultad de cultivo<\/strong>: Baja<\/p>\n<\/li>\n<li data-start=\"4429\" data-end=\"4483\">\n<p data-start=\"4431\" data-end=\"4483\"><strong data-start=\"4431\" data-end=\"4456\">T\u00e9cnicas recomendadas<\/strong>: SCROG, SOG, LST, tutorado<\/p>\n<\/li>\n<li data-start=\"4484\" data-end=\"4537\">\n<p data-start=\"4486\" data-end=\"4537\"><strong data-start=\"4486\" data-end=\"4505\">Uso recomendado<\/strong>: Consumo recreativo y relajante<\/p>\n<\/li>\n<li data-start=\"4538\" data-end=\"4583\">\n<p data-start=\"4540\" data-end=\"4583\"><strong data-start=\"4540\" data-end=\"4564\">Formatos disponibles<\/strong>: 1, 3 y 5 semillas<\/p>\n<\/li>\n<\/ul>\n<hr data-start=\"4585\" data-end=\"4588\" \/>\n<h3 data-start=\"4590\" data-end=\"4620\">Preguntas frecuentes (FAQ)<\/h3>\n<p data-start=\"4622\" data-end=\"4812\"><strong data-start=\"4622\" data-end=\"4658\">\u00bfEs adecuada para principiantes?<\/strong><br data-start=\"4658\" data-end=\"4661\" \/>S\u00ed, <strong data-start=\"4665\" data-end=\"4687\">Critical Mass Fast<\/strong> es perfecta para cultivadores novatos. Su rapidez en la floraci\u00f3n y su resistencia la hacen una opci\u00f3n muy f\u00e1cil de manejar.<\/p>\n<p data-start=\"4814\" data-end=\"5039\"><strong data-start=\"4814\" data-end=\"4853\">\u00bfQu\u00e9 destaca de Critical Mass Fast?<\/strong><br data-start=\"4853\" data-end=\"4856\" \/>Su floraci\u00f3n r\u00e1pida, su alta producci\u00f3n de resina y su potente efecto relajante la convierten en una excelente opci\u00f3n para quienes buscan un rendimiento r\u00e1pido sin sacrificar calidad.<\/p>\n<p data-start=\"5041\" data-end=\"5221\"><strong data-start=\"5041\" data-end=\"5071\">\u00bfCu\u00e1nto tarda en florecer?<\/strong><br data-start=\"5071\" data-end=\"5074\" \/>En interior, <strong data-start=\"5087\" data-end=\"5109\">Critical Mass Fast<\/strong> florece en 45\u201350 d\u00edas, y en exterior la cosecha se realiza entre finales de septiembre y principios de octubre.<\/p>\n<p data-start=\"5223\" data-end=\"5387\"><strong data-start=\"5223\" data-end=\"5255\">\u00bfEs buena para extracciones?<\/strong><br data-start=\"5255\" data-end=\"5258\" \/>S\u00ed, gracias a su alta producci\u00f3n de resina, <strong data-start=\"5302\" data-end=\"5324\">Critical Mass Fast<\/strong> es excelente para hacer concentrados como rosin, BHO o hach\u00eds. Adem\u00e1s, su facilidad de cultivo la convierte en una opci\u00f3n ideal tanto para cultivadores novatos como experimentados. Con las <a href=\"https:\/\/puregrowshop.com\/semillas-de-marihuana\/fast-version\/\">opciones de germinaci\u00f3n acelerada<\/a>, los aficionados pueden disfrutar de sus beneficios en un plazo m\u00e1s corto. Esto permite maximizar la producci\u00f3n de resina sin sacrificar la calidad del producto final.<\/p>\n<p data-start=\"5389\" data-end=\"5526\"><strong data-start=\"5389\" data-end=\"5425\">\u00bfCu\u00e1ndo debo cortar en exterior?<\/strong><br data-start=\"5425\" data-end=\"5428\" \/>En el Hemisferio Norte, la cosecha se realiza entre finales de septiembre y principios de octubre.<\/p>\n","protected":false},"excerpt":{"rendered":"<p>Critical Mass Fast Advanced Seeds ofrece una versi\u00f3n acelerada de una gen\u00e9tica s\u00faper productiva, optimizada para resultados consistentes en menos tiempo. Destaca por su vigor y estabilidad, perfiles arom\u00e1ticos intensos y un rendimiento notable sin sacrificar calidad. Ideal para quienes priorizan eficiencia, fiabilidad y alto desempe\u00f1o.<\/p>\n<p>Formatos disponibles: 1 semilla, 3+1, 5+2, 25 y 100.<\/p>\n","protected":false},"featured_media":18858,"comment_status":"open","ping_status":"closed","template":"","meta":{"_bst_post_transparent":"","_bst_post_title":"","_bst_post_layout":"","_bst_post_sidebar_id":"","_bst_post_content_style":"","_bst_post_vertical_padding":"","_bst_post_feature":"","_bst_post_feature_position":"","_bst_post_header":false,"_bst_post_footer":false},"pwb-brand":[198],"product_brand":[],"product_cat":[69],"product_tag":[],"class_list":{"0":"post-31305","1":"product","2":"type-product","3":"status-publish","4":"has-post-thumbnail","6":"pwb-brand-advanced-seeds","7":"product_cat-feminizadas","9":"first","10":"instock","11":"sale","12":"taxable","13":"shipping-taxable","14":"purchasable","15":"product-type-variable","16":"entry","17":"content-bg","18":"loop-entry"},"brands":[{"id":198,"name":"Advanced Seeds","slug":"advanced-seeds"}],"_links":{"self":[{"href":"https:\/\/puregrowshop.com\/fr\/wp-json\/wp\/v2\/product\/31305","targetHints":{"allow":["GET"]}}],"collection":[{"href":"https:\/\/puregrowshop.com\/fr\/wp-json\/wp\/v2\/product"}],"about":[{"href":"https:\/\/puregrowshop.com\/fr\/wp-json\/wp\/v2\/types\/product"}],"replies":[{"embeddable":true,"href":"https:\/\/puregrowshop.com\/fr\/wp-json\/wp\/v2\/comments?post=31305"}],"wp:featuredmedia":[{"embeddable":true,"href":"https:\/\/puregrowshop.com\/fr\/wp-json\/wp\/v2\/media\/18858"}],"wp:attachment":[{"href":"https:\/\/puregrowshop.com\/fr\/wp-json\/wp\/v2\/media?parent=31305"}],"wp:term":[{"taxonomy":"pwb-brand","embeddable":true,"href":"https:\/\/puregrowshop.com\/fr\/wp-json\/wp\/v2\/pwb-brand?post=31305"},{"taxonomy":"product_brand","embeddable":true,"href":"https:\/\/puregrowshop.com\/fr\/wp-json\/wp\/v2\/product_brand?post=31305"},{"taxonomy":"product_cat","embeddable":true,"href":"https:\/\/puregrowshop.com\/fr\/wp-json\/wp\/v2\/product_cat?post=31305"},{"taxonomy":"product_tag","embeddable":true,"href":"https:\/\/puregrowshop.com\/fr\/wp-json\/wp\/v2\/product_tag?post=31305"}],"curies":[{"name":"wp","href":"https:\/\/api.w.org\/{rel}","templated":true}]}}