{"id":31304,"date":"2025-10-07T12:59:24","date_gmt":"2025-10-07T12:59:24","guid":{"rendered":"https:\/\/puregrowshop.com\/?post_type=product&#038;p=31304"},"modified":"2026-03-25T12:09:18","modified_gmt":"2026-03-25T12:09:18","slug":"critical-mass-fem-advanced-seeds","status":"publish","type":"product","link":"https:\/\/puregrowshop.com\/fr\/critical-mass-fem-advanced-seeds\/","title":{"rendered":"Critical Mass fem. Advanced Seeds"},"content":{"rendered":"<p>Su sencillez para ser cultivada, su elevada producci\u00f3n y sus efectos relajantes hacen que Critical Mass de Advanced Seeds sea una de las cepas m\u00e1s demandadas por los cultivadores. Esta variedad feminizada fotodependiente es famosa por su alta habilidad para generar flores compactas y repletas de resina en periodos relativamente breves, lo que la hace una alternativa magn\u00edfica para aquellos que persiguen un rendimiento veloz y de calidad.<\/p>\n<p>La Critical Mass es conocida por su aroma y sabor intensos, que se componen de una combinaci\u00f3n de notas afrutadas, terrosas y dulces, adem\u00e1s de un ligero toque especiado. Su sabor es suave y placentero cuando se fuma, con una dulzura que evoca las frutas maduras y un trasfondo terroso que aporta cuerpo y profundidad. Es una experiencia gustativa integral que encantar\u00e1 a aquellos que aprecian sabores complejos y placenteros.<\/p>\n<p>En t\u00e9rminos de efectos, Critical Mass es una variedad principalmente \u00edndica que brinda una relajaci\u00f3n intensa y prolongada, perfecta para mitigar el estr\u00e9s y las tensiones cotidianas. Su efecto inicia con una peque\u00f1a euforia que mejora tu estado de \u00e1nimo, seguida por una relajaci\u00f3n f\u00edsica que te deja en un estado de tranquilidad y relajaci\u00f3n sin ser agobiante.<\/p>\n<p>Critical Mass, adem\u00e1s, es muy sencillo de cultivar. Con una floraci\u00f3n r\u00e1pida de 55-60 d\u00edas en interiores, es ideal para cultivadores novatos y expertos que quieran una planta robusta y productiva. Su habilidad para aguantar enfermedades y plagas la hace una alternativa confiable para cualquier jard\u00edn.<\/p>\n<h3 data-start=\"1699\" data-end=\"1730\">Caracter\u00edsticas principales<\/h3>\n<ul data-start=\"1732\" data-end=\"2101\">\n<li data-start=\"1732\" data-end=\"1781\">\n<p data-start=\"1734\" data-end=\"1781\"><strong data-start=\"1734\" data-end=\"1746\">Gen\u00e9tica<\/strong>: H\u00edbrido con predominancia \u00edndica.<\/p>\n<\/li>\n<li data-start=\"1782\" data-end=\"1829\">\n<p data-start=\"1784\" data-end=\"1829\"><strong data-start=\"1784\" data-end=\"1792\">Tipo<\/strong>: Semilla feminizada fotodependiente.<\/p>\n<\/li>\n<li data-start=\"1830\" data-end=\"1870\">\n<p data-start=\"1832\" data-end=\"1870\"><strong data-start=\"1832\" data-end=\"1857\">Floraci\u00f3n en interior<\/strong>: 55\u201360 d\u00edas.<\/p>\n<\/li>\n<li data-start=\"1871\" data-end=\"1941\">\n<p data-start=\"1873\" data-end=\"1941\"><strong data-start=\"1873\" data-end=\"1893\">Cosecha exterior<\/strong>: Finales de septiembre a principios de octubre.<\/p>\n<\/li>\n<li data-start=\"1942\" data-end=\"1969\">\n<p data-start=\"1944\" data-end=\"1969\"><strong data-start=\"1944\" data-end=\"1958\">Producci\u00f3n<\/strong>: Muy alta.<\/p>\n<\/li>\n<li data-start=\"1970\" data-end=\"2031\">\n<p data-start=\"1972\" data-end=\"2031\"><strong data-start=\"1972\" data-end=\"1982\">Efecto<\/strong>: Relajante, calmante, ideal para aliviar estr\u00e9s.<\/p>\n<\/li>\n<li data-start=\"2032\" data-end=\"2101\">\n<p data-start=\"2034\" data-end=\"2101\"><strong data-start=\"2034\" data-end=\"2051\">Aroma y sabor<\/strong>: Dulce, afrutado, terroso, con toques especiados.<\/p>\n<\/li>\n<\/ul>\n<p data-start=\"2103\" data-end=\"2272\"><strong data-start=\"2103\" data-end=\"2120\">Critical Mass<\/strong> es ideal para quienes buscan una planta f\u00e1cil de cultivar, con una alta producci\u00f3n y efectos relajantes que te permitan desconectar de manera efectiva.<\/p>\n<hr data-start=\"2274\" data-end=\"2277\" \/>\n<h3 data-start=\"2279\" data-end=\"2294\">Propiedades<\/h3>\n<p data-start=\"2296\" data-end=\"2645\"><strong data-start=\"2296\" data-end=\"2322\">Sabor de Critical Mass<\/strong><br data-start=\"2322\" data-end=\"2325\" \/>El sabor de <strong data-start=\"2337\" data-end=\"2354\">Critical Mass<\/strong> es una mezcla deliciosa de frutas maduras y un toque terroso y especiado. Es dulce y afrutado, pero con una profundidad que proviene de su base terrosa, creando una experiencia gustativa equilibrada y compleja. Si te gustan las cepas con sabores ricos y suaves, esta es una opci\u00f3n perfecta.<\/p>\n<p data-start=\"2647\" data-end=\"2998\"><strong data-start=\"2647\" data-end=\"2658\">Efectos<\/strong><br data-start=\"2658\" data-end=\"2661\" \/>Los efectos de <strong data-start=\"2676\" data-end=\"2693\">Critical Mass<\/strong> son relajantes y calmantes, comenzando con una ligera euforia que te mejora el estado de \u00e1nimo. Luego, una sensaci\u00f3n profunda de relajaci\u00f3n f\u00edsica se apodera de ti, ayud\u00e1ndote a liberar el estr\u00e9s sin que te deje completamente inm\u00f3vil. Es ideal para disfrutar al final del d\u00eda o durante momentos de relax.<\/p>\n<hr data-start=\"3000\" data-end=\"3003\" \/>\n<h3 data-start=\"3005\" data-end=\"3039\">Cultivo en interior y exterior<\/h3>\n<p data-start=\"3041\" data-end=\"3457\"><strong data-start=\"3041\" data-end=\"3053\">Interior<\/strong><br data-start=\"3053\" data-end=\"3056\" \/><strong data-start=\"3056\" data-end=\"3073\">Critical Mass<\/strong> es muy f\u00e1cil de cultivar en interior. Su floraci\u00f3n r\u00e1pida (55-60 d\u00edas) y su estructura ramificada la hacen perfecta para t\u00e9cnicas como SCROG y SOG. Produce cogollos densos y cubiertos de resina, lo que la convierte en una excelente opci\u00f3n para quienes buscan cosechas abundantes. Si cultivas en un espacio cerrado, es recomendable usar filtros de carb\u00f3n para manejar su fuerte aroma.<\/p>\n<p data-start=\"3459\" data-end=\"3818\"><strong data-start=\"3459\" data-end=\"3471\">Exterior<\/strong><br data-start=\"3471\" data-end=\"3474\" \/>En exterior, <strong data-start=\"3487\" data-end=\"3504\">Critical Mass<\/strong> se adapta bien a climas templados y mediterr\u00e1neos. La cosecha se realiza entre finales de septiembre y principios de octubre, y debido a su resistencia a plagas y enfermedades, es una opci\u00f3n confiable para cultivadores de todos los niveles. Puedes esperar una producci\u00f3n abundante de cogollos densos y de calidad.<\/p>\n<p data-start=\"4525\" data-end=\"4568\">\n","protected":false},"excerpt":{"rendered":"<p>Critical Mass fem. de Advanced Seeds ofrece una gen\u00e9tica ic\u00f3nica y estable con un perfil arom\u00e1tico dulce y afrutado sobre notas terrosas. Semillas feminizadas de alta homogeneidad y vigor, pensadas para quienes valoran consistencia y car\u00e1cter en sus colecciones. Estructura compacta y sabor cl\u00e1sico, ideal para amantes de perfiles intensos. Disponible en 1, 3+1, 5+2, 25 y 100 semillas.<\/p>\n","protected":false},"featured_media":18589,"comment_status":"open","ping_status":"closed","template":"","meta":{"_bst_post_transparent":"default","_bst_post_title":"","_bst_post_layout":"default","_bst_post_sidebar_id":"","_bst_post_content_style":"default","_bst_post_vertical_padding":"default","_bst_post_feature":"","_bst_post_feature_position":"","_bst_post_header":false,"_bst_post_footer":false},"pwb-brand":[198],"product_brand":[],"product_cat":[69],"product_tag":[],"class_list":{"0":"post-31304","1":"product","2":"type-product","3":"status-publish","4":"has-post-thumbnail","6":"pwb-brand-advanced-seeds","7":"product_cat-feminizadas","9":"first","10":"instock","11":"sale","12":"taxable","13":"shipping-taxable","14":"purchasable","15":"product-type-variable","16":"entry","17":"content-bg","18":"loop-entry"},"brands":[{"id":198,"name":"Advanced Seeds","slug":"advanced-seeds"}],"_links":{"self":[{"href":"https:\/\/puregrowshop.com\/fr\/wp-json\/wp\/v2\/product\/31304","targetHints":{"allow":["GET"]}}],"collection":[{"href":"https:\/\/puregrowshop.com\/fr\/wp-json\/wp\/v2\/product"}],"about":[{"href":"https:\/\/puregrowshop.com\/fr\/wp-json\/wp\/v2\/types\/product"}],"replies":[{"embeddable":true,"href":"https:\/\/puregrowshop.com\/fr\/wp-json\/wp\/v2\/comments?post=31304"}],"wp:featuredmedia":[{"embeddable":true,"href":"https:\/\/puregrowshop.com\/fr\/wp-json\/wp\/v2\/media\/18589"}],"wp:attachment":[{"href":"https:\/\/puregrowshop.com\/fr\/wp-json\/wp\/v2\/media?parent=31304"}],"wp:term":[{"taxonomy":"pwb-brand","embeddable":true,"href":"https:\/\/puregrowshop.com\/fr\/wp-json\/wp\/v2\/pwb-brand?post=31304"},{"taxonomy":"product_brand","embeddable":true,"href":"https:\/\/puregrowshop.com\/fr\/wp-json\/wp\/v2\/product_brand?post=31304"},{"taxonomy":"product_cat","embeddable":true,"href":"https:\/\/puregrowshop.com\/fr\/wp-json\/wp\/v2\/product_cat?post=31304"},{"taxonomy":"product_tag","embeddable":true,"href":"https:\/\/puregrowshop.com\/fr\/wp-json\/wp\/v2\/product_tag?post=31304"}],"curies":[{"name":"wp","href":"https:\/\/api.w.org\/{rel}","templated":true}]}}