{"id":31277,"date":"2025-10-07T12:59:08","date_gmt":"2025-10-07T12:59:08","guid":{"rendered":"https:\/\/puregrowshop.com\/?post_type=product&#038;p=31277"},"modified":"2025-11-21T11:01:25","modified_gmt":"2025-11-21T11:01:25","slug":"critical-lemon-fem-advanced-seeds","status":"publish","type":"product","link":"https:\/\/puregrowshop.com\/fr\/critical-lemon-fem-advanced-seeds\/","title":{"rendered":"Critical Lemon fem. Advanced Seeds"},"content":{"rendered":"<h2 data-start=\"232\" data-end=\"266\"><strong data-start=\"235\" data-end=\"266\">Caracter\u00edsticas principales<\/strong><\/h2>\n<ul data-start=\"268\" data-end=\"1015\">\n<li data-start=\"268\" data-end=\"297\">\n<p data-start=\"270\" data-end=\"297\"><strong data-start=\"270\" data-end=\"280\">Banco:<\/strong> Advanced Seeds<\/p>\n<\/li>\n<li data-start=\"298\" data-end=\"347\">\n<p data-start=\"300\" data-end=\"347\"><strong data-start=\"300\" data-end=\"320\">Tipo de semilla:<\/strong> Feminizada fotoperi\u00f3dica<\/p>\n<\/li>\n<li data-start=\"348\" data-end=\"411\">\n<p data-start=\"350\" data-end=\"411\"><strong data-start=\"350\" data-end=\"363\">Gen\u00e9tica:<\/strong> Selecci\u00f3n Critical con perfil c\u00edtrico intenso<\/p>\n<\/li>\n<li data-start=\"412\" data-end=\"486\">\n<p data-start=\"414\" data-end=\"486\"><strong data-start=\"414\" data-end=\"429\">Dominancia:<\/strong> \u00cdndica dominante (equilibrio entre vigor y relajaci\u00f3n)<\/p>\n<\/li>\n<li data-start=\"487\" data-end=\"559\">\n<p data-start=\"489\" data-end=\"559\"><strong data-start=\"489\" data-end=\"510\">Perfil arom\u00e1tico:<\/strong> lim\u00f3n fresco, c\u00edtricos dulces y notas herbales<\/p>\n<\/li>\n<li data-start=\"560\" data-end=\"620\">\n<p data-start=\"562\" data-end=\"620\"><strong data-start=\"562\" data-end=\"575\">Potencia:<\/strong> THC medio-alto (16\u201320 % aprox.) | CBD bajo<\/p>\n<\/li>\n<li data-start=\"621\" data-end=\"662\">\n<p data-start=\"623\" data-end=\"662\"><strong data-start=\"623\" data-end=\"649\">Floraci\u00f3n en interior:<\/strong> 55\u201360 d\u00edas<\/p>\n<\/li>\n<li data-start=\"663\" data-end=\"750\">\n<p data-start=\"665\" data-end=\"750\"><strong data-start=\"665\" data-end=\"705\">Cosecha exterior (Hemisferio Norte):<\/strong> finales de septiembre \u2013 inicios de octubre<\/p>\n<\/li>\n<li data-start=\"751\" data-end=\"824\">\n<p data-start=\"753\" data-end=\"824\"><strong data-start=\"753\" data-end=\"768\">Producci\u00f3n:<\/strong> hasta 550 g\/m\u00b2 en interior y 900 g\/planta en exterior<\/p>\n<\/li>\n<li data-start=\"825\" data-end=\"885\">\n<p data-start=\"827\" data-end=\"885\"><strong data-start=\"827\" data-end=\"838\">Altura:<\/strong> 80\u2013110 cm (interior) \/ 180\u2013250 cm (exterior)<\/p>\n<\/li>\n<li data-start=\"886\" data-end=\"975\">\n<p data-start=\"888\" data-end=\"975\"><strong data-start=\"888\" data-end=\"914\">Dificultad de cultivo:<\/strong> baja a media, ideal para cultivadores con poca experiencia<\/p>\n<\/li>\n<li data-start=\"976\" data-end=\"1015\">\n<p data-start=\"978\" data-end=\"1015\"><strong data-start=\"978\" data-end=\"992\">Categor\u00eda:<\/strong> Semillas feminizadas<\/p>\n<\/li>\n<\/ul>\n<hr data-start=\"1017\" data-end=\"1020\" \/>\n<h2 data-start=\"1022\" data-end=\"1040\"><strong data-start=\"1025\" data-end=\"1040\">Propiedades<\/strong><\/h2>\n<ul data-start=\"1042\" data-end=\"1441\">\n<li data-start=\"1042\" data-end=\"1115\">\n<p data-start=\"1044\" data-end=\"1115\">Vigor h\u00edbrido con <strong data-start=\"1062\" data-end=\"1112\">estructura compacta y ramificaci\u00f3n equilibrada<\/strong>.<\/p>\n<\/li>\n<li data-start=\"1116\" data-end=\"1191\">\n<p data-start=\"1118\" data-end=\"1191\"><strong data-start=\"1118\" data-end=\"1138\">Floraci\u00f3n r\u00e1pida<\/strong>, ideal para ciclos cortos y rotaciones eficientes.<\/p>\n<\/li>\n<li data-start=\"1192\" data-end=\"1266\">\n<p data-start=\"1194\" data-end=\"1266\"><strong data-start=\"1194\" data-end=\"1218\">Producci\u00f3n constante<\/strong> de flores densas, resinosas y muy arom\u00e1ticas.<\/p>\n<\/li>\n<li data-start=\"1267\" data-end=\"1351\">\n<p data-start=\"1269\" data-end=\"1351\"><strong data-start=\"1269\" data-end=\"1311\">Perfil terp\u00e9nico dominado por limoneno<\/strong>, con toques de mirceno y cariofileno.<\/p>\n<\/li>\n<li data-start=\"1352\" data-end=\"1441\">\n<p data-start=\"1354\" data-end=\"1441\">Excelente candidata para <strong data-start=\"1379\" data-end=\"1406\">extracciones arom\u00e1ticas<\/strong> por su marcado car\u00e1cter c\u00edtrico.<\/p>\n<\/li>\n<\/ul>\n<hr data-start=\"1443\" data-end=\"1446\" \/>\n<h2 data-start=\"1448\" data-end=\"1468\"><strong data-start=\"1451\" data-end=\"1468\">Sabor y aroma<\/strong><\/h2>\n<ul data-start=\"1470\" data-end=\"1682\">\n<li data-start=\"1470\" data-end=\"1534\">\n<p data-start=\"1472\" data-end=\"1534\">Notas intensas a <strong data-start=\"1489\" data-end=\"1513\">lim\u00f3n reci\u00e9n rallado<\/strong> y c\u00edtricos dulces.<\/p>\n<\/li>\n<li data-start=\"1535\" data-end=\"1600\">\n<p data-start=\"1537\" data-end=\"1600\">Fondo <strong data-start=\"1543\" data-end=\"1575\">herbal y ligeramente terroso<\/strong> que aporta equilibrio.<\/p>\n<\/li>\n<li data-start=\"1601\" data-end=\"1682\">\n<p data-start=\"1603\" data-end=\"1682\">Aroma potente y persistente; se recomienda <strong data-start=\"1646\" data-end=\"1667\">control de olores<\/strong> en interior.<\/p>\n<\/li>\n<\/ul>\n<hr data-start=\"1684\" data-end=\"1687\" \/>\n<h2 data-start=\"1689\" data-end=\"1703\"><strong data-start=\"1692\" data-end=\"1703\">Efectos<\/strong><\/h2>\n<ul data-start=\"1705\" data-end=\"1924\">\n<li data-start=\"1705\" data-end=\"1784\">\n<p data-start=\"1707\" data-end=\"1784\">Inicio <strong data-start=\"1714\" data-end=\"1736\">alegre y funcional<\/strong>, ideal para actividades creativas o sociales.<\/p>\n<\/li>\n<li data-start=\"1785\" data-end=\"1851\">\n<p data-start=\"1787\" data-end=\"1851\">Evoluci\u00f3n hacia una <strong data-start=\"1807\" data-end=\"1836\">relajaci\u00f3n corporal suave<\/strong> sin pesadez.<\/p>\n<\/li>\n<li data-start=\"1852\" data-end=\"1924\">\n<p data-start=\"1854\" data-end=\"1924\">Perfecta para <strong data-start=\"1868\" data-end=\"1921\">uso vespertino o momentos de desconexi\u00f3n moderada<\/strong>.<\/p>\n<\/li>\n<\/ul>\n<hr data-start=\"1926\" data-end=\"1929\" \/>\n<h2 data-start=\"1931\" data-end=\"1968\"><strong data-start=\"1934\" data-end=\"1968\">Cultivo en interior y exterior<\/strong><\/h2>\n<p data-start=\"1970\" data-end=\"1985\"><strong data-start=\"1970\" data-end=\"1983\">Interior:<\/strong><\/p>\n<ul data-start=\"1986\" data-end=\"2207\">\n<li data-start=\"1986\" data-end=\"2067\">\n<p data-start=\"1988\" data-end=\"2067\">Excelente adaptaci\u00f3n a espacios controlados gracias a su estructura compacta.<\/p>\n<\/li>\n<li data-start=\"2068\" data-end=\"2130\">\n<p data-start=\"2070\" data-end=\"2130\">Tolera bien podas y t\u00e9cnicas como <strong data-start=\"2104\" data-end=\"2127\">SCROG, LST o apical<\/strong>.<\/p>\n<\/li>\n<li data-start=\"2131\" data-end=\"2207\">\n<p data-start=\"2133\" data-end=\"2207\">Requiere <strong data-start=\"2142\" data-end=\"2162\">filtro de carb\u00f3n<\/strong> por su aroma c\u00edtrico intenso en floraci\u00f3n.<\/p>\n<\/li>\n<\/ul>\n<p data-start=\"2209\" data-end=\"2224\"><strong data-start=\"2209\" data-end=\"2222\">Exterior:<\/strong><\/p>\n<ul data-start=\"2225\" data-end=\"2539\">\n<li data-start=\"2225\" data-end=\"2292\">\n<p data-start=\"2227\" data-end=\"2292\">Se desarrolla muy bien en <strong data-start=\"2253\" data-end=\"2289\">climas templados y mediterr\u00e1neos<\/strong>.<\/p>\n<\/li>\n<li data-start=\"2293\" data-end=\"2373\">\n<p data-start=\"2295\" data-end=\"2373\">Su floraci\u00f3n r\u00e1pida permite buenos resultados incluso en <strong data-start=\"2352\" data-end=\"2370\">veranos cortos<\/strong>.<\/p>\n<\/li>\n<li data-start=\"2374\" data-end=\"2458\">\n<p data-start=\"2376\" data-end=\"2458\">Ramas fuertes capaces de sostener flores densas; se aconseja <strong data-start=\"2437\" data-end=\"2455\">tutorado final<\/strong>.<\/p>\n<\/li>\n<li data-start=\"2459\" data-end=\"2539\">\n<p data-start=\"2461\" data-end=\"2539\">Buena tolerancia a plagas comunes; controlar humedad alta en la \u00faltima fase.<\/p>\n<\/li>\n<\/ul>\n<hr data-start=\"2541\" data-end=\"2544\" \/>\n<h2 data-start=\"2546\" data-end=\"2566\"><strong data-start=\"2549\" data-end=\"2566\">Ficha t\u00e9cnica<\/strong><\/h2>\n<ul data-start=\"2568\" data-end=\"3277\">\n<li data-start=\"2568\" data-end=\"2597\">\n<p data-start=\"2570\" data-end=\"2597\"><strong data-start=\"2570\" data-end=\"2580\">Banco:<\/strong> Advanced Seeds<\/p>\n<\/li>\n<li data-start=\"2598\" data-end=\"2638\">\n<p data-start=\"2600\" data-end=\"2638\"><strong data-start=\"2600\" data-end=\"2609\">Tipo:<\/strong> Feminizada fotodependiente<\/p>\n<\/li>\n<li data-start=\"2639\" data-end=\"2693\">\n<p data-start=\"2641\" data-end=\"2693\"><strong data-start=\"2641\" data-end=\"2654\">Gen\u00e9tica:<\/strong> L\u00ednea Critical con selecci\u00f3n c\u00edtrica<\/p>\n<\/li>\n<li data-start=\"2694\" data-end=\"2730\">\n<p data-start=\"2696\" data-end=\"2730\"><strong data-start=\"2696\" data-end=\"2711\">Dominancia:<\/strong> \u00cdndica dominante<\/p>\n<\/li>\n<li data-start=\"2731\" data-end=\"2758\">\n<p data-start=\"2733\" data-end=\"2758\"><strong data-start=\"2733\" data-end=\"2741\">THC:<\/strong> 16\u201320 % aprox.<\/p>\n<\/li>\n<li data-start=\"2759\" data-end=\"2776\">\n<p data-start=\"2761\" data-end=\"2776\"><strong data-start=\"2761\" data-end=\"2769\">CBD:<\/strong> Bajo<\/p>\n<\/li>\n<li data-start=\"2777\" data-end=\"2815\">\n<p data-start=\"2779\" data-end=\"2815\"><strong data-start=\"2779\" data-end=\"2802\">Floraci\u00f3n interior:<\/strong> 55\u201360 d\u00edas<\/p>\n<\/li>\n<li data-start=\"2816\" data-end=\"2884\">\n<p data-start=\"2818\" data-end=\"2884\"><strong data-start=\"2818\" data-end=\"2839\">Cosecha exterior:<\/strong> finales de septiembre \u2013 inicios de octubre<\/p>\n<\/li>\n<li data-start=\"2885\" data-end=\"2958\">\n<p data-start=\"2887\" data-end=\"2958\"><strong data-start=\"2887\" data-end=\"2902\">Producci\u00f3n:<\/strong> 450\u2013550 g\/m\u00b2 (interior) | 600\u2013900 g\/planta (exterior)<\/p>\n<\/li>\n<li data-start=\"2959\" data-end=\"3019\">\n<p data-start=\"2961\" data-end=\"3019\"><strong data-start=\"2961\" data-end=\"2972\">Altura:<\/strong> 80\u2013110 cm (interior) | 180\u2013250 cm (exterior)<\/p>\n<\/li>\n<li data-start=\"3020\" data-end=\"3077\">\n<p data-start=\"3022\" data-end=\"3077\"><strong data-start=\"3022\" data-end=\"3038\">Sabor\/Aroma:<\/strong> lim\u00f3n intenso, c\u00edtrico dulce, herbal<\/p>\n<\/li>\n<li data-start=\"3078\" data-end=\"3133\">\n<p data-start=\"3080\" data-end=\"3133\"><strong data-start=\"3080\" data-end=\"3092\">Efectos:<\/strong> euforia clara y relajaci\u00f3n confortable<\/p>\n<\/li>\n<li data-start=\"3134\" data-end=\"3203\">\n<p data-start=\"3136\" data-end=\"3203\"><strong data-start=\"3136\" data-end=\"3158\">Clima recomendado:<\/strong> templado, mediterr\u00e1neo o continental suave<\/p>\n<\/li>\n<li data-start=\"3204\" data-end=\"3277\">\n<p data-start=\"3206\" data-end=\"3277\"><strong data-start=\"3206\" data-end=\"3224\">Uso destacado:<\/strong> flores arom\u00e1ticas y extracciones ricas en c\u00edtricos<\/p>\n<\/li>\n<\/ul>\n<hr data-start=\"3279\" data-end=\"3282\" \/>\n<h2 data-start=\"3284\" data-end=\"3317\"><strong data-start=\"3287\" data-end=\"3317\">FAQ \u2014 Preguntas frecuentes<\/strong><\/h2>\n<ul data-start=\"3319\" data-end=\"3996\">\n<li data-start=\"3319\" data-end=\"3393\">\n<p data-start=\"3321\" data-end=\"3393\"><strong data-start=\"3321\" data-end=\"3340\">\u00bfEs feminizada?<\/strong><br data-start=\"3340\" data-end=\"3343\" \/>S\u00ed, Critical Lemon es una variedad feminizada.<\/p>\n<\/li>\n<li data-start=\"3395\" data-end=\"3544\">\n<p data-start=\"3397\" data-end=\"3544\"><strong data-start=\"3397\" data-end=\"3427\">\u00bfCu\u00e1nto tarda en florecer?<\/strong><br data-start=\"3427\" data-end=\"3430\" \/>En interior, entre <strong data-start=\"3451\" data-end=\"3467\">55 y 60 d\u00edas<\/strong>; en exterior, se cosecha <strong data-start=\"3493\" data-end=\"3541\">a finales de septiembre o inicios de octubre<\/strong>.<\/p>\n<\/li>\n<li data-start=\"3546\" data-end=\"3646\">\n<p data-start=\"3548\" data-end=\"3646\"><strong data-start=\"3548\" data-end=\"3584\">\u00bfEs adecuada para principiantes?<\/strong><br data-start=\"3584\" data-end=\"3587\" \/>S\u00ed, por su <strong data-start=\"3600\" data-end=\"3643\">floraci\u00f3n r\u00e1pida y estructura manejable<\/strong>.<\/p>\n<\/li>\n<li data-start=\"3648\" data-end=\"3771\">\n<p data-start=\"3650\" data-end=\"3771\"><strong data-start=\"3650\" data-end=\"3676\">\u00bfDesprende mucho olor?<\/strong><br data-start=\"3676\" data-end=\"3679\" \/>S\u00ed, su aroma c\u00edtrico es intenso; se recomienda <strong data-start=\"3728\" data-end=\"3749\">control de olores<\/strong> en cultivos indoor.<\/p>\n<\/li>\n<li data-start=\"3773\" data-end=\"3872\">\n<p data-start=\"3775\" data-end=\"3872\"><strong data-start=\"3775\" data-end=\"3803\">\u00bfQu\u00e9 rendimiento ofrece?<\/strong><br data-start=\"3803\" data-end=\"3806\" \/>Hasta <strong data-start=\"3814\" data-end=\"3838\">550 g\/m\u00b2 en interior<\/strong> y <strong data-start=\"3841\" data-end=\"3869\">900 g\/planta en exterior<\/strong>.<\/p>\n<\/li>\n<li data-start=\"3874\" data-end=\"3996\">\n<p data-start=\"3876\" data-end=\"3996\"><strong data-start=\"3876\" data-end=\"3899\">\u00bfC\u00f3mo es su efecto?<\/strong><br data-start=\"3899\" data-end=\"3902\" \/>Comienza con <strong data-start=\"3917\" data-end=\"3942\">euforia mental ligera<\/strong> y finaliza con una <strong data-start=\"3962\" data-end=\"3993\">relajaci\u00f3n f\u00edsica agradable<\/strong>.<\/p>\n<\/li>\n<\/ul>\n","protected":false},"excerpt":{"rendered":"<p>Critical Lemon fem. de Advanced Seeds es una variedad feminizada con intenso perfil c\u00edtrico a lim\u00f3n, vigorosa y estable, ideal para interior y exterior. Destaca por su floraci\u00f3n r\u00e1pida, alto rendimiento y cogollos densos y resinosos de excelente calidad arom\u00e1tica. F\u00e1cil de cultivar y perfecta para quienes buscan cosechas abundantes con m\u00ednimo mantenimiento. Disponible en formatos de 1 a 100 semillas.<\/p>\n","protected":false},"featured_media":18559,"comment_status":"open","ping_status":"closed","template":"","meta":{"_bst_post_transparent":"","_bst_post_title":"","_bst_post_layout":"","_bst_post_sidebar_id":"","_bst_post_content_style":"","_bst_post_vertical_padding":"","_bst_post_feature":"","_bst_post_feature_position":"","_bst_post_header":false,"_bst_post_footer":false},"pwb-brand":[198],"product_brand":[],"product_cat":[69],"product_tag":[],"class_list":{"0":"post-31277","1":"product","2":"type-product","3":"status-publish","4":"has-post-thumbnail","6":"pwb-brand-advanced-seeds","7":"product_cat-feminizadas","9":"first","10":"instock","11":"sale","12":"taxable","13":"shipping-taxable","14":"purchasable","15":"product-type-variable","16":"entry","17":"content-bg","18":"loop-entry"},"brands":[{"id":198,"name":"Advanced Seeds","slug":"advanced-seeds"}],"_links":{"self":[{"href":"https:\/\/puregrowshop.com\/fr\/wp-json\/wp\/v2\/product\/31277","targetHints":{"allow":["GET"]}}],"collection":[{"href":"https:\/\/puregrowshop.com\/fr\/wp-json\/wp\/v2\/product"}],"about":[{"href":"https:\/\/puregrowshop.com\/fr\/wp-json\/wp\/v2\/types\/product"}],"replies":[{"embeddable":true,"href":"https:\/\/puregrowshop.com\/fr\/wp-json\/wp\/v2\/comments?post=31277"}],"wp:featuredmedia":[{"embeddable":true,"href":"https:\/\/puregrowshop.com\/fr\/wp-json\/wp\/v2\/media\/18559"}],"wp:attachment":[{"href":"https:\/\/puregrowshop.com\/fr\/wp-json\/wp\/v2\/media?parent=31277"}],"wp:term":[{"taxonomy":"pwb-brand","embeddable":true,"href":"https:\/\/puregrowshop.com\/fr\/wp-json\/wp\/v2\/pwb-brand?post=31277"},{"taxonomy":"product_brand","embeddable":true,"href":"https:\/\/puregrowshop.com\/fr\/wp-json\/wp\/v2\/product_brand?post=31277"},{"taxonomy":"product_cat","embeddable":true,"href":"https:\/\/puregrowshop.com\/fr\/wp-json\/wp\/v2\/product_cat?post=31277"},{"taxonomy":"product_tag","embeddable":true,"href":"https:\/\/puregrowshop.com\/fr\/wp-json\/wp\/v2\/product_tag?post=31277"}],"curies":[{"name":"wp","href":"https:\/\/api.w.org\/{rel}","templated":true}]}}