{"id":31275,"date":"2025-10-07T12:59:08","date_gmt":"2025-10-07T12:59:08","guid":{"rendered":"https:\/\/puregrowshop.com\/?post_type=product&#038;p=31275"},"modified":"2025-11-21T11:01:25","modified_gmt":"2025-11-21T11:01:25","slug":"cherry-pie-fast-fem-advanced-seeds","status":"publish","type":"product","link":"https:\/\/puregrowshop.com\/fr\/cherry-pie-fast-fem-advanced-seeds\/","title":{"rendered":"Cherry Pie Fast fem. Advanced Seeds"},"content":{"rendered":"<h2 data-start=\"234\" data-end=\"268\"><strong data-start=\"237\" data-end=\"268\">Caracter\u00edsticas principales<\/strong><\/h2>\n<ul data-start=\"270\" data-end=\"943\">\n<li data-start=\"270\" data-end=\"371\">\n<p data-start=\"272\" data-end=\"371\">Versi\u00f3n <strong data-start=\"280\" data-end=\"299\">Fast feminizada<\/strong> de la aclamada <em data-start=\"315\" data-end=\"327\">Cherry Pie<\/em>, optimizada para una floraci\u00f3n muy corta.<\/p>\n<\/li>\n<li data-start=\"372\" data-end=\"465\">\n<p data-start=\"374\" data-end=\"465\"><strong data-start=\"374\" data-end=\"396\">Cosecha adelantada<\/strong> que ayuda a evitar lluvias oto\u00f1ales y minimizar el riesgo de moho.<\/p>\n<\/li>\n<li data-start=\"466\" data-end=\"542\">\n<p data-start=\"468\" data-end=\"542\"><strong data-start=\"468\" data-end=\"485\">Aroma gourmet<\/strong> a cereza y reposter\u00eda con matices cremosos y terrosos.<\/p>\n<\/li>\n<li data-start=\"543\" data-end=\"640\">\n<p data-start=\"545\" data-end=\"640\"><strong data-start=\"545\" data-end=\"568\">Efecto equilibrado:<\/strong> inicio alegre y mental seguido de una relajaci\u00f3n corporal placentera.<\/p>\n<\/li>\n<li data-start=\"641\" data-end=\"725\">\n<p data-start=\"643\" data-end=\"725\"><strong data-start=\"643\" data-end=\"672\">Alta producci\u00f3n de resina<\/strong>, ideal para extracciones de calidad (hash, rosin).<\/p>\n<\/li>\n<li data-start=\"726\" data-end=\"836\">\n<p data-start=\"728\" data-end=\"836\"><strong data-start=\"728\" data-end=\"749\">F\u00e1cil de cultivar<\/strong>, con estructura compacta, entrenudos cortos y excelente respuesta a podas y guiados.<\/p>\n<\/li>\n<li data-start=\"837\" data-end=\"943\">\n<p data-start=\"839\" data-end=\"943\">Excelente relaci\u00f3n <strong data-start=\"858\" data-end=\"893\">tiempo de cultivo \/ rendimiento<\/strong>, perfecta para proyectos r\u00e1pidos y productivos.<\/p>\n<\/li>\n<\/ul>\n<hr data-start=\"945\" data-end=\"948\" \/>\n<h2 data-start=\"950\" data-end=\"970\"><strong data-start=\"953\" data-end=\"970\">Sabor y aroma<\/strong><\/h2>\n<ul data-start=\"972\" data-end=\"1266\">\n<li data-start=\"972\" data-end=\"1072\">\n<p data-start=\"974\" data-end=\"1072\"><strong data-start=\"974\" data-end=\"1005\">Cereza madura y tarta dulce<\/strong> como notas principales, con recuerdos de galleta y frutos rojos.<\/p>\n<\/li>\n<li data-start=\"1073\" data-end=\"1166\">\n<p data-start=\"1075\" data-end=\"1166\">Matices <strong data-start=\"1083\" data-end=\"1107\">cremosos de vainilla<\/strong> y un fondo <strong data-start=\"1119\" data-end=\"1130\">terroso<\/strong> que completa su perfil arom\u00e1tico.<\/p>\n<\/li>\n<li data-start=\"1167\" data-end=\"1266\">\n<p data-start=\"1169\" data-end=\"1266\">Intensidad alta desde mitad de floraci\u00f3n; <strong data-start=\"1211\" data-end=\"1244\">recomendable filtro de carb\u00f3n<\/strong> en cultivos indoor.<\/p>\n<\/li>\n<\/ul>\n<hr data-start=\"1268\" data-end=\"1271\" \/>\n<h2 data-start=\"1273\" data-end=\"1287\"><strong data-start=\"1276\" data-end=\"1287\">Efectos<\/strong><\/h2>\n<ul data-start=\"1289\" data-end=\"1555\">\n<li data-start=\"1289\" data-end=\"1383\">\n<p data-start=\"1291\" data-end=\"1383\">Inicio <strong data-start=\"1298\" data-end=\"1334\">euf\u00f3rico, sociable y estimulante<\/strong>, con claridad mental y sensaci\u00f3n de bienestar.<\/p>\n<\/li>\n<li data-start=\"1384\" data-end=\"1469\">\n<p data-start=\"1386\" data-end=\"1469\">Evoluci\u00f3n hacia una <strong data-start=\"1406\" data-end=\"1439\">relajaci\u00f3n f\u00edsica sin pesadez<\/strong>, perfecta para desconectar.<\/p>\n<\/li>\n<li data-start=\"1470\" data-end=\"1555\">\n<p data-start=\"1472\" data-end=\"1555\">Duraci\u00f3n media-larga, ideal para quienes buscan equilibrio entre energ\u00eda y calma.<\/p>\n<\/li>\n<\/ul>\n<hr data-start=\"1557\" data-end=\"1560\" \/>\n<h2 data-start=\"1562\" data-end=\"1599\"><strong data-start=\"1565\" data-end=\"1599\">Cultivo en interior y exterior<\/strong><\/h2>\n<p data-start=\"1601\" data-end=\"1616\"><strong data-start=\"1601\" data-end=\"1614\">Interior:<\/strong><\/p>\n<ul data-start=\"1617\" data-end=\"1994\">\n<li data-start=\"1617\" data-end=\"1697\">\n<p data-start=\"1619\" data-end=\"1697\">Responde muy bien a <strong data-start=\"1639\" data-end=\"1672\">SCROG, SOG, poda apical o LST<\/strong> para copas homog\u00e9neas.<\/p>\n<\/li>\n<li data-start=\"1698\" data-end=\"1787\">\n<p data-start=\"1700\" data-end=\"1787\">Entrenudos cortos y flor compacta; mantener buena ventilaci\u00f3n por la densidad floral.<\/p>\n<\/li>\n<li data-start=\"1788\" data-end=\"1893\">\n<p data-start=\"1790\" data-end=\"1893\">Nutrici\u00f3n media con incremento progresivo de <strong data-start=\"1835\" data-end=\"1841\">PK<\/strong> al final; evitar excesos para preservar terpenos.<\/p>\n<\/li>\n<li data-start=\"1894\" data-end=\"1994\">\n<p data-start=\"1896\" data-end=\"1994\">Mezcla de sustrato aireada y con buen drenaje; pH 6,0\u20136,5 y EC moderada para asimilaci\u00f3n \u00f3ptima.<\/p>\n<\/li>\n<\/ul>\n<p data-start=\"1996\" data-end=\"2011\"><strong data-start=\"1996\" data-end=\"2009\">Exterior:<\/strong><\/p>\n<ul data-start=\"2012\" data-end=\"2300\">\n<li data-start=\"2012\" data-end=\"2096\">\n<p data-start=\"2014\" data-end=\"2096\">Ideal en <strong data-start=\"2023\" data-end=\"2060\">climas templados o veranos cortos<\/strong> gracias a su maduraci\u00f3n temprana.<\/p>\n<\/li>\n<li data-start=\"2097\" data-end=\"2158\">\n<p data-start=\"2099\" data-end=\"2158\">Agradece <strong data-start=\"2108\" data-end=\"2127\">tutorado ligero<\/strong> y ubicaci\u00f3n <strong data-start=\"2140\" data-end=\"2155\">muy soleada<\/strong>.<\/p>\n<\/li>\n<li data-start=\"2159\" data-end=\"2229\">\n<p data-start=\"2161\" data-end=\"2229\">Por su aroma intenso, conviene <strong data-start=\"2192\" data-end=\"2226\">discreci\u00f3n y control de olores<\/strong>.<\/p>\n<\/li>\n<li data-start=\"2230\" data-end=\"2300\">\n<p data-start=\"2232\" data-end=\"2300\">En zonas h\u00famedas, reforzar ventilaci\u00f3n para prevenir <strong data-start=\"2285\" data-end=\"2297\">botrytis<\/strong>.<\/p>\n<\/li>\n<\/ul>\n<hr data-start=\"2302\" data-end=\"2305\" \/>\n<h2 data-start=\"2307\" data-end=\"2363\"><strong data-start=\"2310\" data-end=\"2363\">Ficha t\u00e9cnica de Cherry Pie Fast \u2014 Advanced Seeds<\/strong><\/h2>\n<ul data-start=\"2365\" data-end=\"3142\">\n<li data-start=\"2365\" data-end=\"2394\">\n<p data-start=\"2367\" data-end=\"2394\"><strong data-start=\"2367\" data-end=\"2377\">Banco:<\/strong> Advanced Seeds<\/p>\n<\/li>\n<li data-start=\"2395\" data-end=\"2426\">\n<p data-start=\"2397\" data-end=\"2426\"><strong data-start=\"2397\" data-end=\"2408\">Nombre:<\/strong> Cherry Pie Fast<\/p>\n<\/li>\n<li data-start=\"2427\" data-end=\"2483\">\n<p data-start=\"2429\" data-end=\"2483\"><strong data-start=\"2429\" data-end=\"2438\">Tipo:<\/strong> Fast Version (feminizada, fotodependiente)<\/p>\n<\/li>\n<li data-start=\"2484\" data-end=\"2575\">\n<p data-start=\"2486\" data-end=\"2575\"><strong data-start=\"2486\" data-end=\"2499\">Gen\u00e9tica:<\/strong> Cherry Pie (<em data-start=\"2512\" data-end=\"2547\">Granddaddy Purple x Durban Poison<\/em>) cruzada con l\u00ednea r\u00e1pida<\/p>\n<\/li>\n<li data-start=\"2576\" data-end=\"2615\">\n<p data-start=\"2578\" data-end=\"2615\"><strong data-start=\"2578\" data-end=\"2596\">Predominancia:<\/strong> \u00cdndica dominante<\/p>\n<\/li>\n<li data-start=\"2616\" data-end=\"2650\">\n<p data-start=\"2618\" data-end=\"2650\"><strong data-start=\"2618\" data-end=\"2626\">THC:<\/strong> alto (20\u201324 % aprox.)<\/p>\n<\/li>\n<li data-start=\"2651\" data-end=\"2668\">\n<p data-start=\"2653\" data-end=\"2668\"><strong data-start=\"2653\" data-end=\"2661\">CBD:<\/strong> bajo<\/p>\n<\/li>\n<li data-start=\"2669\" data-end=\"2707\">\n<p data-start=\"2671\" data-end=\"2707\"><strong data-start=\"2671\" data-end=\"2694\">Floraci\u00f3n interior:<\/strong> 45\u201350 d\u00edas<\/p>\n<\/li>\n<li data-start=\"2708\" data-end=\"2766\">\n<p data-start=\"2710\" data-end=\"2766\"><strong data-start=\"2710\" data-end=\"2742\">Cosecha exterior (H. Norte):<\/strong> finales de septiembre<\/p>\n<\/li>\n<li data-start=\"2767\" data-end=\"2846\">\n<p data-start=\"2769\" data-end=\"2846\"><strong data-start=\"2769\" data-end=\"2784\">Producci\u00f3n:<\/strong> hasta 550\u2013600 g\/m\u00b2 (interior) | 700\u2013900 g\/planta (exterior)<\/p>\n<\/li>\n<li data-start=\"2847\" data-end=\"2906\">\n<p data-start=\"2849\" data-end=\"2906\"><strong data-start=\"2849\" data-end=\"2860\">Altura:<\/strong> 80\u2013110 cm (interior) | 1,8\u20132,5 m (exterior)<\/p>\n<\/li>\n<li data-start=\"2907\" data-end=\"2975\">\n<p data-start=\"2909\" data-end=\"2975\"><strong data-start=\"2909\" data-end=\"2925\">Aroma\/Sabor:<\/strong> cereza, pastel, frutos rojos, vainilla, terroso<\/p>\n<\/li>\n<li data-start=\"2976\" data-end=\"3025\">\n<p data-start=\"2978\" data-end=\"3025\"><strong data-start=\"2978\" data-end=\"2998\">Uso recomendado:<\/strong> extracciones, SCROG, SOG<\/p>\n<\/li>\n<li data-start=\"3026\" data-end=\"3102\">\n<p data-start=\"3028\" data-end=\"3102\"><strong data-start=\"3028\" data-end=\"3044\">Resistencia:<\/strong> buena tolerancia a humedad gracias a su floraci\u00f3n corta<\/p>\n<\/li>\n<li data-start=\"3103\" data-end=\"3142\">\n<p data-start=\"3105\" data-end=\"3142\"><strong data-start=\"3105\" data-end=\"3119\">Categor\u00eda:<\/strong> Semillas feminizadas<\/p>\n<\/li>\n<\/ul>\n<hr data-start=\"3144\" data-end=\"3147\" \/>\n<h2 data-start=\"3149\" data-end=\"3182\"><strong data-start=\"3152\" data-end=\"3182\">FAQ \u2014 Preguntas frecuentes<\/strong><\/h2>\n<ul data-start=\"3184\" data-end=\"4290\">\n<li data-start=\"3184\" data-end=\"3288\">\n<p data-start=\"3186\" data-end=\"3288\"><strong data-start=\"3186\" data-end=\"3210\">\u00bfEs autofloreciente?<\/strong><br data-start=\"3210\" data-end=\"3213\" \/>No, es fotodependiente de floraci\u00f3n r\u00e1pida; requiere 12\/12 en interior.<\/p>\n<\/li>\n<li data-start=\"3290\" data-end=\"3450\">\n<p data-start=\"3292\" data-end=\"3450\"><strong data-start=\"3292\" data-end=\"3348\">\u00bfQu\u00e9 mejora tiene respecto a la Cherry Pie original?<\/strong><br data-start=\"3348\" data-end=\"3351\" \/>Mantiene su perfil arom\u00e1tico y reduce varias semanas de floraci\u00f3n, evitando riesgos clim\u00e1ticos.<\/p>\n<\/li>\n<li data-start=\"3452\" data-end=\"3579\">\n<p data-start=\"3454\" data-end=\"3579\"><strong data-start=\"3454\" data-end=\"3490\">\u00bfSirve para balcones o terrazas?<\/strong><br data-start=\"3490\" data-end=\"3493\" \/>S\u00ed, su tama\u00f1o contenido y cosecha temprana la hacen ideal para espacios discretos.<\/p>\n<\/li>\n<li data-start=\"3581\" data-end=\"3693\">\n<p data-start=\"3583\" data-end=\"3693\"><strong data-start=\"3583\" data-end=\"3612\">\u00bfNecesita filtro de olor?<\/strong><br data-start=\"3612\" data-end=\"3615\" \/>S\u00ed, su <strong data-start=\"3624\" data-end=\"3641\">aroma intenso<\/strong> requiere control de olores en floraci\u00f3n y secado.<\/p>\n<\/li>\n<li data-start=\"3695\" data-end=\"3808\">\n<p data-start=\"3697\" data-end=\"3808\"><strong data-start=\"3697\" data-end=\"3729\">\u00bfAdmite poda apical y SCROG?<\/strong><br data-start=\"3729\" data-end=\"3732\" \/>Perfectamente; responde muy bien a <strong data-start=\"3769\" data-end=\"3805\">entrenamientos y guiados de copa<\/strong>.<\/p>\n<\/li>\n<li data-start=\"3810\" data-end=\"3915\">\n<p data-start=\"3812\" data-end=\"3915\"><strong data-start=\"3812\" data-end=\"3835\">\u00bfTolera la humedad?<\/strong><br data-start=\"3835\" data-end=\"3838\" \/>Mejor que la versi\u00f3n est\u00e1ndar, aunque siempre conviene buena ventilaci\u00f3n.<\/p>\n<\/li>\n<li data-start=\"3917\" data-end=\"4020\">\n<p data-start=\"3919\" data-end=\"4020\"><strong data-start=\"3919\" data-end=\"3951\">\u00bfEs apta para principiantes?<\/strong><br data-start=\"3951\" data-end=\"3954\" \/>S\u00ed, es una variedad <strong data-start=\"3976\" data-end=\"4017\">agradecida, estable y de f\u00e1cil manejo<\/strong>.<\/p>\n<\/li>\n<li data-start=\"4022\" data-end=\"4171\">\n<p data-start=\"4024\" data-end=\"4171\"><strong data-start=\"4024\" data-end=\"4071\">\u00bfQu\u00e9 iluminaci\u00f3n se recomienda en interior?<\/strong><br data-start=\"4071\" data-end=\"4074\" \/><strong data-start=\"4076\" data-end=\"4104\">LED de espectro completo<\/strong>, con PPFD medio-alto en floraci\u00f3n para m\u00e1xima densidad y resina.<\/p>\n<\/li>\n<li data-start=\"4173\" data-end=\"4290\">\n<p data-start=\"4175\" data-end=\"4290\"><strong data-start=\"4175\" data-end=\"4213\">\u00bfCu\u00e1nto tiempo de curado necesita?<\/strong><br data-start=\"4213\" data-end=\"4216\" \/>Entre <strong data-start=\"4224\" data-end=\"4241\">3 y 4 semanas<\/strong> para realzar su perfil de cereza y reposter\u00eda.<\/p>\n<\/li>\n<\/ul>\n","protected":false},"excerpt":{"rendered":"<p>Cherry Pie Fast fem. de Advanced Seeds combina rapidez y sabor en una gen\u00e9tica feminizada de alta calidad. Perfil terp\u00e9nico dulce a tarta de cereza con notas cremosas, aroma intenso y persistente. Gen\u00e9tica compacta, estable y muy resinosa, pensada para resultados r\u00e1pidos sin renunciar a potencia ni car\u00e1cter. Efecto equilibrado y agradable, ideal para amantes de los sabores afrutados con un final relajante.<\/p>\n","protected":false},"featured_media":18746,"comment_status":"open","ping_status":"closed","template":"","meta":{"_bst_post_transparent":"","_bst_post_title":"","_bst_post_layout":"","_bst_post_sidebar_id":"","_bst_post_content_style":"","_bst_post_vertical_padding":"","_bst_post_feature":"","_bst_post_feature_position":"","_bst_post_header":false,"_bst_post_footer":false},"pwb-brand":[198],"product_brand":[],"product_cat":[69],"product_tag":[],"class_list":{"0":"post-31275","1":"product","2":"type-product","3":"status-publish","4":"has-post-thumbnail","6":"pwb-brand-advanced-seeds","7":"product_cat-feminizadas","9":"first","10":"instock","11":"sale","12":"taxable","13":"shipping-taxable","14":"purchasable","15":"product-type-variable","16":"entry","17":"content-bg","18":"loop-entry"},"brands":[{"id":198,"name":"Advanced Seeds","slug":"advanced-seeds"}],"_links":{"self":[{"href":"https:\/\/puregrowshop.com\/fr\/wp-json\/wp\/v2\/product\/31275","targetHints":{"allow":["GET"]}}],"collection":[{"href":"https:\/\/puregrowshop.com\/fr\/wp-json\/wp\/v2\/product"}],"about":[{"href":"https:\/\/puregrowshop.com\/fr\/wp-json\/wp\/v2\/types\/product"}],"replies":[{"embeddable":true,"href":"https:\/\/puregrowshop.com\/fr\/wp-json\/wp\/v2\/comments?post=31275"}],"wp:featuredmedia":[{"embeddable":true,"href":"https:\/\/puregrowshop.com\/fr\/wp-json\/wp\/v2\/media\/18746"}],"wp:attachment":[{"href":"https:\/\/puregrowshop.com\/fr\/wp-json\/wp\/v2\/media?parent=31275"}],"wp:term":[{"taxonomy":"pwb-brand","embeddable":true,"href":"https:\/\/puregrowshop.com\/fr\/wp-json\/wp\/v2\/pwb-brand?post=31275"},{"taxonomy":"product_brand","embeddable":true,"href":"https:\/\/puregrowshop.com\/fr\/wp-json\/wp\/v2\/product_brand?post=31275"},{"taxonomy":"product_cat","embeddable":true,"href":"https:\/\/puregrowshop.com\/fr\/wp-json\/wp\/v2\/product_cat?post=31275"},{"taxonomy":"product_tag","embeddable":true,"href":"https:\/\/puregrowshop.com\/fr\/wp-json\/wp\/v2\/product_tag?post=31275"}],"curies":[{"name":"wp","href":"https:\/\/api.w.org\/{rel}","templated":true}]}}