{"id":31273,"date":"2025-10-07T12:59:08","date_gmt":"2025-10-07T12:59:08","guid":{"rendered":"https:\/\/puregrowshop.com\/?post_type=product&#038;p=31273"},"modified":"2026-04-29T17:22:28","modified_gmt":"2026-04-29T17:22:28","slug":"bruce-banner-fem-advanced-seeds","status":"publish","type":"product","link":"https:\/\/puregrowshop.com\/fr\/bruce-banner-fem-advanced-seeds\/","title":{"rendered":"Bruce Banner feminizada Advanced Seeds"},"content":{"rendered":"<p data-start=\"321\" data-end=\"778\">La <strong data-start=\"324\" data-end=\"345\">Bruce Banner fem.<\/strong> de <strong data-start=\"349\" data-end=\"367\">Advanced Seeds<\/strong> es una variedad h\u00edbrida, famosa por su <strong data-start=\"407\" data-end=\"425\">potente efecto<\/strong> y su <strong data-start=\"431\" data-end=\"456\">alto contenido de THC<\/strong>. Esta cepa, conocida por su <strong data-start=\"485\" data-end=\"504\">gen\u00e9tica fuerte<\/strong> y su capacidad para producir grandes cosechas, es ideal para quienes buscan una <strong data-start=\"585\" data-end=\"611\">experiencia energ\u00e9tica<\/strong> y un sabor complejo que satisfaga tanto a cultivadores como a consumidores. Perfecta para aquellos que desean una cepa de <strong data-start=\"734\" data-end=\"754\">gran rendimiento<\/strong> y <strong data-start=\"757\" data-end=\"777\">efectos intensos<\/strong>.<\/p>\n<h3 data-start=\"780\" data-end=\"797\"><strong data-start=\"784\" data-end=\"797\">Gen\u00e9tica de la Bruce Banner:<\/strong><\/h3>\n<ul data-start=\"798\" data-end=\"1066\">\n<li data-start=\"798\" data-end=\"851\">\n<p data-start=\"800\" data-end=\"851\"><strong data-start=\"800\" data-end=\"821\">Tipo de gen\u00e9tica:<\/strong> H\u00edbrida (dominancia sativa)<\/p>\n<\/li>\n<li data-start=\"852\" data-end=\"899\">\n<p data-start=\"854\" data-end=\"899\"><strong data-start=\"854\" data-end=\"865\">Linaje:<\/strong> <strong data-start=\"866\" data-end=\"897\">OG Kush x Strawberry Diesel<\/strong><\/p>\n<\/li>\n<li data-start=\"900\" data-end=\"996\">\n<p data-start=\"902\" data-end=\"996\"><strong data-start=\"902\" data-end=\"910\">THC:<\/strong> <strong data-start=\"911\" data-end=\"922\">25%\u201330%<\/strong>, lo que la convierte en una de las cepas m\u00e1s potentes de la actualidad.<\/p>\n<\/li>\n<li data-start=\"997\" data-end=\"1066\">\n<p data-start=\"999\" data-end=\"1066\"><strong data-start=\"999\" data-end=\"1007\">CBD:<\/strong> Bajo, lo que intensifica los efectos psicoactivos del THC.<\/p>\n<\/li>\n<\/ul>\n<h3 data-start=\"1068\" data-end=\"1103\"><strong data-start=\"1072\" data-end=\"1103\">Caracter\u00edsticas de Cultivo <\/strong><strong data-start=\"784\" data-end=\"797\">Bruce Banner:<\/strong><\/h3>\n<h4 data-start=\"1105\" data-end=\"1131\"><strong data-start=\"1110\" data-end=\"1131\">Cultivo Interior:<\/strong><\/h4>\n<ul data-start=\"1132\" data-end=\"1611\">\n<li data-start=\"1132\" data-end=\"1235\">\n<p data-start=\"1134\" data-end=\"1235\"><strong data-start=\"1134\" data-end=\"1145\">Altura:<\/strong> Moderada, alcanza entre <strong data-start=\"1170\" data-end=\"1188\">1 a 1,5 metros<\/strong>, ideal para cultivadores con espacio limitado.<\/p>\n<\/li>\n<li data-start=\"1236\" data-end=\"1352\">\n<p data-start=\"1238\" data-end=\"1352\"><strong data-start=\"1238\" data-end=\"1262\">Tiempo de floraci\u00f3n:<\/strong> <strong data-start=\"1263\" data-end=\"1281\">9 a 10 semanas<\/strong>, un ciclo de floraci\u00f3n relativamente r\u00e1pido para una cepa tan potente.<\/p>\n<\/li>\n<li data-start=\"1353\" data-end=\"1455\">\n<p data-start=\"1355\" data-end=\"1455\"><strong data-start=\"1355\" data-end=\"1380\">Rendimiento interior:<\/strong> <strong data-start=\"1381\" data-end=\"1397\">450\u2013600 g\/m\u00b2<\/strong>, una producci\u00f3n abundante de cogollos densos y resinosos.<\/p>\n<\/li>\n<li data-start=\"1456\" data-end=\"1611\">\n<p data-start=\"1458\" data-end=\"1611\"><strong data-start=\"1458\" data-end=\"1482\">Condiciones ideales:<\/strong> Mant\u00e9n temperaturas entre <strong data-start=\"1509\" data-end=\"1524\">20\u00b0C y 26\u00b0C<\/strong>, y una buena circulaci\u00f3n de aire para maximizar la salud de la planta y la producci\u00f3n.<\/p>\n<\/li>\n<\/ul>\n<h4 data-start=\"1613\" data-end=\"1639\"><strong data-start=\"1618\" data-end=\"1639\">Cultivo Exterior:<\/strong><\/h4>\n<ul data-start=\"1640\" data-end=\"2141\">\n<li data-start=\"1640\" data-end=\"1764\">\n<p data-start=\"1642\" data-end=\"1764\"><strong data-start=\"1642\" data-end=\"1653\">Altura:<\/strong> En exterior, puede alcanzar hasta <strong data-start=\"1688\" data-end=\"1700\">2 metros<\/strong>, lo que le permite desarrollar una estructura grande y robusta.<\/p>\n<\/li>\n<li data-start=\"1765\" data-end=\"1863\">\n<p data-start=\"1767\" data-end=\"1863\"><strong data-start=\"1767\" data-end=\"1783\">Clima ideal:<\/strong> Prefiere un clima c\u00e1lido y soleado, ideal para zonas mediterr\u00e1neas o templadas.<\/p>\n<\/li>\n<li data-start=\"1864\" data-end=\"1995\">\n<p data-start=\"1866\" data-end=\"1995\"><strong data-start=\"1866\" data-end=\"1888\">Tiempo de cosecha:<\/strong> Se cosecha a <strong data-start=\"1902\" data-end=\"1927\">finales de septiembre<\/strong> o principios de octubre, dependiendo de las condiciones clim\u00e1ticas.<\/p>\n<\/li>\n<li data-start=\"1996\" data-end=\"2141\">\n<p data-start=\"1998\" data-end=\"2141\"><strong data-start=\"1998\" data-end=\"2023\">Rendimiento exterior:<\/strong> <strong data-start=\"2024\" data-end=\"2045\">800\u20131000 g\/planta<\/strong>, lo que la convierte en una opci\u00f3n excelente para cultivadores que buscan una cosecha generosa.<\/p>\n<\/li>\n<\/ul>\n<h3 data-start=\"2143\" data-end=\"2165\"><strong data-start=\"2147\" data-end=\"2165\">Aroma y Sabor:<\/strong><\/h3>\n<p data-start=\"2166\" data-end=\"2244\">La <strong data-start=\"2169\" data-end=\"2185\">Bruce Banner<\/strong> es conocida por su <strong data-start=\"2205\" data-end=\"2230\">perfil de sabor \u00fanico<\/strong>, que combina:<\/p>\n<ul data-start=\"2245\" data-end=\"2538\">\n<li data-start=\"2245\" data-end=\"2374\">\n<p data-start=\"2247\" data-end=\"2374\"><strong data-start=\"2247\" data-end=\"2256\">Aroma<\/strong>: Un potente aroma a <strong data-start=\"2277\" data-end=\"2289\">c\u00edtricos<\/strong>, con un toque de <strong data-start=\"2307\" data-end=\"2315\">pino<\/strong> y un fondo <strong data-start=\"2327\" data-end=\"2338\">terroso<\/strong> que recuerda a la <strong data-start=\"2357\" data-end=\"2373\">densa resina<\/strong>.<\/p>\n<\/li>\n<li data-start=\"2375\" data-end=\"2538\">\n<p data-start=\"2377\" data-end=\"2538\"><strong data-start=\"2377\" data-end=\"2386\">Sabor<\/strong>: El sabor es igualmente afrutado, con notas de <strong data-start=\"2434\" data-end=\"2452\">fresa y diesel<\/strong>, proporcionando una experiencia intensa y sabrosa que a los consumidores les encanta.<\/p>\n<\/li>\n<\/ul>\n<h3 data-start=\"2540\" data-end=\"2556\"><strong data-start=\"2544\" data-end=\"2556\">Efectos:<\/strong><\/h3>\n<p data-start=\"2557\" data-end=\"2745\">Los efectos de la <strong data-start=\"2575\" data-end=\"2596\">Bruce Banner fem.<\/strong> son <strong data-start=\"2601\" data-end=\"2613\">potentes<\/strong> y <strong data-start=\"2616\" data-end=\"2629\">euf\u00f3ricos<\/strong>, lo que la convierte en una excelente opci\u00f3n para aquellos que buscan un subid\u00f3n energ\u00e9tico y creativo. Ideal para:<\/p>\n<ul data-start=\"2746\" data-end=\"3131\">\n<li data-start=\"2746\" data-end=\"2887\">\n<p data-start=\"2748\" data-end=\"2887\"><strong data-start=\"2748\" data-end=\"2773\">Estimulaci\u00f3n cerebral<\/strong>: La potente dosis de THC proporciona un <strong data-start=\"2814\" data-end=\"2841\">efecto cerebral intenso<\/strong>, ideal para actividades creativas o sociales.<\/p>\n<\/li>\n<li data-start=\"2888\" data-end=\"3000\">\n<p data-start=\"2890\" data-end=\"3000\"><strong data-start=\"2890\" data-end=\"2912\">Aumento de energ\u00eda<\/strong>: Su potente efecto sativo ofrece un impulso energ\u00e9tico sin causar agitaci\u00f3n o ansiedad.<\/p>\n<\/li>\n<li data-start=\"3001\" data-end=\"3131\">\n<p data-start=\"3003\" data-end=\"3131\"><strong data-start=\"3003\" data-end=\"3033\">Mejora del estado de \u00e1nimo<\/strong>: Perfecta para quienes buscan mejorar su \u00e1nimo o aliviar el estr\u00e9s de manera efectiva y duradera.<\/p>\n<\/li>\n<\/ul>\n<h3 data-start=\"3133\" data-end=\"3188\"><strong data-start=\"3137\" data-end=\"3188\">\u00bfPor qu\u00e9 elegir Bruce Banner de Advanced Seeds?<\/strong><\/h3>\n<ul data-start=\"3189\" data-end=\"3895\">\n<li data-start=\"3189\" data-end=\"3398\">\n<p data-start=\"3191\" data-end=\"3398\"><strong data-start=\"3191\" data-end=\"3211\">Gen\u00e9tica potente<\/strong>: La <strong data-start=\"3216\" data-end=\"3232\">Bruce Banner<\/strong> es famosa por su <strong data-start=\"3250\" data-end=\"3275\">alto contenido de THC<\/strong>, lo que la convierte en una opci\u00f3n preferida para los consumidores de cannabis experimentados que buscan una cepa potente.<\/p>\n<\/li>\n<li data-start=\"3399\" data-end=\"3566\">\n<p data-start=\"3401\" data-end=\"3566\"><strong data-start=\"3401\" data-end=\"3428\">Rendimiento excepcional<\/strong>: Con una excelente producci\u00f3n tanto en interior como en exterior, es una cepa ideal para quienes buscan cosechas abundantes y de calidad.<\/p>\n<\/li>\n<li data-start=\"3567\" data-end=\"3742\">\n<p data-start=\"3569\" data-end=\"3742\"><strong data-start=\"3569\" data-end=\"3605\">Efectos energizantes y euf\u00f3ricos<\/strong>: Es una cepa perfecta para aquellos que buscan efectos de <strong data-start=\"3664\" data-end=\"3675\">euforia<\/strong>, <strong data-start=\"3677\" data-end=\"3692\">creatividad<\/strong> y <strong data-start=\"3695\" data-end=\"3709\">motivaci\u00f3n<\/strong> sin un efecto demasiado sedante.<\/p>\n<\/li>\n<li data-start=\"3743\" data-end=\"3895\">\n<p data-start=\"3745\" data-end=\"3895\"><strong data-start=\"3745\" data-end=\"3764\">Sabor delicioso<\/strong>: Su perfil de sabor <strong data-start=\"3785\" data-end=\"3807\">afrutado y terroso<\/strong>, con un toque de <strong data-start=\"3825\" data-end=\"3835\">diesel<\/strong>, la convierte en una de las cepas m\u00e1s sabrosas del mercado.<\/p>\n<\/li>\n<\/ul>\n","protected":false},"excerpt":{"rendered":"<p>Bruce Banner fem. de Advanced Seeds ofrece gen\u00e9tica de \u00e9lite con potencia sobresaliente y un perfil terp\u00e9nico dulce-diesel con toques c\u00edtricos. Semillas feminizadas que garantizan plantas homog\u00e9neas, vigorosas, muy resinosas y de alta producci\u00f3n, ideales para aromas intensos y resultados de nivel premium. Efecto equilibrado con euforia creativa seguida de relajaci\u00f3n profunda. Disponible en 1, 3+1, 5+2, 25 y 100 semillas.<\/p>\n","protected":false},"featured_media":18850,"comment_status":"open","ping_status":"closed","template":"","meta":{"_bst_post_transparent":"default","_bst_post_title":"","_bst_post_layout":"default","_bst_post_sidebar_id":"","_bst_post_content_style":"default","_bst_post_vertical_padding":"default","_bst_post_feature":"","_bst_post_feature_position":"","_bst_post_header":false,"_bst_post_footer":false},"pwb-brand":[198],"product_brand":[],"product_cat":[69],"product_tag":[],"class_list":{"0":"post-31273","1":"product","2":"type-product","3":"status-publish","4":"has-post-thumbnail","6":"pwb-brand-advanced-seeds","7":"product_cat-feminizadas","9":"first","10":"instock","11":"sale","12":"taxable","13":"shipping-taxable","14":"purchasable","15":"product-type-variable","16":"entry","17":"content-bg","18":"loop-entry"},"brands":[{"id":198,"name":"Advanced Seeds","slug":"advanced-seeds"}],"_links":{"self":[{"href":"https:\/\/puregrowshop.com\/fr\/wp-json\/wp\/v2\/product\/31273","targetHints":{"allow":["GET"]}}],"collection":[{"href":"https:\/\/puregrowshop.com\/fr\/wp-json\/wp\/v2\/product"}],"about":[{"href":"https:\/\/puregrowshop.com\/fr\/wp-json\/wp\/v2\/types\/product"}],"replies":[{"embeddable":true,"href":"https:\/\/puregrowshop.com\/fr\/wp-json\/wp\/v2\/comments?post=31273"}],"wp:featuredmedia":[{"embeddable":true,"href":"https:\/\/puregrowshop.com\/fr\/wp-json\/wp\/v2\/media\/18850"}],"wp:attachment":[{"href":"https:\/\/puregrowshop.com\/fr\/wp-json\/wp\/v2\/media?parent=31273"}],"wp:term":[{"taxonomy":"pwb-brand","embeddable":true,"href":"https:\/\/puregrowshop.com\/fr\/wp-json\/wp\/v2\/pwb-brand?post=31273"},{"taxonomy":"product_brand","embeddable":true,"href":"https:\/\/puregrowshop.com\/fr\/wp-json\/wp\/v2\/product_brand?post=31273"},{"taxonomy":"product_cat","embeddable":true,"href":"https:\/\/puregrowshop.com\/fr\/wp-json\/wp\/v2\/product_cat?post=31273"},{"taxonomy":"product_tag","embeddable":true,"href":"https:\/\/puregrowshop.com\/fr\/wp-json\/wp\/v2\/product_tag?post=31273"}],"curies":[{"name":"wp","href":"https:\/\/api.w.org\/{rel}","templated":true}]}}