{"id":31216,"date":"2025-10-07T12:58:35","date_gmt":"2025-10-07T12:58:35","guid":{"rendered":"https:\/\/puregrowshop.com\/?post_type=product&#038;p=31216"},"modified":"2026-03-20T12:12:04","modified_gmt":"2026-03-20T12:12:04","slug":"auto-strawberry-banana-fem-advanced-seeds","status":"publish","type":"product","link":"https:\/\/puregrowshop.com\/fr\/auto-strawberry-banana-fem-advanced-seeds\/","title":{"rendered":"Auto Strawberry Banana fem. Advanced Seeds"},"content":{"rendered":"<p>Strawberry Banana versi\u00f3n auto. Mantiene los tonos rojizos. F\u00e1cil de cultivar y resistente a las plagas. Muy buena ramificaci\u00f3n con sabor afrutado y toques \u00e1cidos.<\/p>\n","protected":false},"excerpt":{"rendered":"<p>THC: 20%<br \/>Rendimiento: 450 &#8211; 500 g<br \/>Altura interior: 70 &#8211; 90 cm<br \/>Altura exterior: 1,1 &#8211; 1,4 m<br \/>Ciclo completo: 65 &#8211; 70 d\u00edas.<br \/>Cosecha: Abr &#8211; Nov.<\/p>\n","protected":false},"featured_media":18810,"comment_status":"open","ping_status":"closed","template":"","meta":{"_bst_post_transparent":"","_bst_post_title":"","_bst_post_layout":"","_bst_post_sidebar_id":"","_bst_post_content_style":"","_bst_post_vertical_padding":"","_bst_post_feature":"","_bst_post_feature_position":"","_bst_post_header":false,"_bst_post_footer":false},"pwb-brand":[198],"product_brand":[],"product_cat":[56],"product_tag":[],"class_list":{"0":"post-31216","1":"product","2":"type-product","3":"status-publish","4":"has-post-thumbnail","6":"pwb-brand-advanced-seeds","7":"product_cat-autoflorecientes","9":"first","10":"instock","11":"sale","12":"taxable","13":"shipping-taxable","14":"purchasable","15":"product-type-variable","16":"entry","17":"content-bg","18":"loop-entry"},"brands":[{"id":198,"name":"Advanced Seeds","slug":"advanced-seeds"}],"_links":{"self":[{"href":"https:\/\/puregrowshop.com\/fr\/wp-json\/wp\/v2\/product\/31216","targetHints":{"allow":["GET"]}}],"collection":[{"href":"https:\/\/puregrowshop.com\/fr\/wp-json\/wp\/v2\/product"}],"about":[{"href":"https:\/\/puregrowshop.com\/fr\/wp-json\/wp\/v2\/types\/product"}],"replies":[{"embeddable":true,"href":"https:\/\/puregrowshop.com\/fr\/wp-json\/wp\/v2\/comments?post=31216"}],"wp:featuredmedia":[{"embeddable":true,"href":"https:\/\/puregrowshop.com\/fr\/wp-json\/wp\/v2\/media\/18810"}],"wp:attachment":[{"href":"https:\/\/puregrowshop.com\/fr\/wp-json\/wp\/v2\/media?parent=31216"}],"wp:term":[{"taxonomy":"pwb-brand","embeddable":true,"href":"https:\/\/puregrowshop.com\/fr\/wp-json\/wp\/v2\/pwb-brand?post=31216"},{"taxonomy":"product_brand","embeddable":true,"href":"https:\/\/puregrowshop.com\/fr\/wp-json\/wp\/v2\/product_brand?post=31216"},{"taxonomy":"product_cat","embeddable":true,"href":"https:\/\/puregrowshop.com\/fr\/wp-json\/wp\/v2\/product_cat?post=31216"},{"taxonomy":"product_tag","embeddable":true,"href":"https:\/\/puregrowshop.com\/fr\/wp-json\/wp\/v2\/product_tag?post=31216"}],"curies":[{"name":"wp","href":"https:\/\/api.w.org\/{rel}","templated":true}]}}