{"id":31214,"date":"2025-10-07T12:58:34","date_gmt":"2025-10-07T12:58:34","guid":{"rendered":"https:\/\/puregrowshop.com\/?post_type=product&#038;p=31214"},"modified":"2026-03-20T12:12:04","modified_gmt":"2026-03-20T12:12:04","slug":"auto-somango-fem-advanced-seeds","status":"publish","type":"product","link":"https:\/\/puregrowshop.com\/fr\/auto-somango-fem-advanced-seeds\/","title":{"rendered":"Auto Somango fem. Advanced Seeds"},"content":{"rendered":"<p>Prep\u00e1rate a disfrutar con esta Autofloreciente de nueva generaci\u00f3n. Es el resultado de una nueva combinaci\u00f3n de Jack Herer x Big Skunk y gen\u00e9ticas Auto. Inconfundible aroma y sabor a frutas tropicales destinado a deleitar a los paladares m\u00e1s exigentes, seguramente una de las Auto m\u00e1s sabrosas del mercado. Excelente nivel de producci\u00f3n gracias a su profusa ramificaci\u00f3n lateral y sus cogollos de buen calibre. Su poder narc\u00f3tico es moderado, haci\u00e9ndola ideal para el consumo cotidiano.<\/p>\n","protected":false},"excerpt":{"rendered":"<p>THC: 15%<br \/>Rendimiento: 400 &#8211; 450 g<br \/>Altura interior: 70 &#8211; 100 cm<br \/>Altura Exterior: 0,9 \u2013 1,4 m<br \/>Ciclo de Floraci\u00f3n: 60 &#8211; 65 d\u00edas<br \/>Cosecha: Abr &#8211; Nov.<\/p>\n","protected":false},"featured_media":18503,"comment_status":"open","ping_status":"closed","template":"","meta":{"_bst_post_transparent":"","_bst_post_title":"","_bst_post_layout":"","_bst_post_sidebar_id":"","_bst_post_content_style":"","_bst_post_vertical_padding":"","_bst_post_feature":"","_bst_post_feature_position":"","_bst_post_header":false,"_bst_post_footer":false},"pwb-brand":[198],"product_brand":[],"product_cat":[56],"product_tag":[],"class_list":{"0":"post-31214","1":"product","2":"type-product","3":"status-publish","4":"has-post-thumbnail","6":"pwb-brand-advanced-seeds","7":"product_cat-autoflorecientes","9":"first","10":"instock","11":"sale","12":"taxable","13":"shipping-taxable","14":"purchasable","15":"product-type-variable","16":"entry","17":"content-bg","18":"loop-entry"},"brands":[{"id":198,"name":"Advanced Seeds","slug":"advanced-seeds"}],"_links":{"self":[{"href":"https:\/\/puregrowshop.com\/fr\/wp-json\/wp\/v2\/product\/31214","targetHints":{"allow":["GET"]}}],"collection":[{"href":"https:\/\/puregrowshop.com\/fr\/wp-json\/wp\/v2\/product"}],"about":[{"href":"https:\/\/puregrowshop.com\/fr\/wp-json\/wp\/v2\/types\/product"}],"replies":[{"embeddable":true,"href":"https:\/\/puregrowshop.com\/fr\/wp-json\/wp\/v2\/comments?post=31214"}],"wp:featuredmedia":[{"embeddable":true,"href":"https:\/\/puregrowshop.com\/fr\/wp-json\/wp\/v2\/media\/18503"}],"wp:attachment":[{"href":"https:\/\/puregrowshop.com\/fr\/wp-json\/wp\/v2\/media?parent=31214"}],"wp:term":[{"taxonomy":"pwb-brand","embeddable":true,"href":"https:\/\/puregrowshop.com\/fr\/wp-json\/wp\/v2\/pwb-brand?post=31214"},{"taxonomy":"product_brand","embeddable":true,"href":"https:\/\/puregrowshop.com\/fr\/wp-json\/wp\/v2\/product_brand?post=31214"},{"taxonomy":"product_cat","embeddable":true,"href":"https:\/\/puregrowshop.com\/fr\/wp-json\/wp\/v2\/product_cat?post=31214"},{"taxonomy":"product_tag","embeddable":true,"href":"https:\/\/puregrowshop.com\/fr\/wp-json\/wp\/v2\/product_tag?post=31214"}],"curies":[{"name":"wp","href":"https:\/\/api.w.org\/{rel}","templated":true}]}}