{"id":31186,"date":"2025-10-07T12:58:16","date_gmt":"2025-10-07T12:58:16","guid":{"rendered":"https:\/\/puregrowshop.com\/?post_type=product&#038;p=31186"},"modified":"2026-03-20T12:12:04","modified_gmt":"2026-03-20T12:12:04","slug":"auto-pineapple-glue-fem-advanced-seeds","status":"publish","type":"product","link":"https:\/\/puregrowshop.com\/fr\/auto-pineapple-glue-fem-advanced-seeds\/","title":{"rendered":"Auto Pineapple Glue fem. Advanced Seeds"},"content":{"rendered":"<p>Auto Pineapple x Auto Gorilla Glue<\/p>\n<p>Esta vez hemos unido para ti dos grandes autos para te relajes y disfrutes: <\/p>\n<p>Auto Pineapple desciende de la famosa Pineapple Express, una potente variedad con un sabor incre\u00edble otorgado por sus progenitores Trainwreck y Hawaiian. Su aroma se asemeja a mango y manzana con un sabor a pi\u00f1a, pino y toques de cedro y su efecto cerebral te produce un subid\u00f3n de energ\u00eda que buscan las mentes productivas y creativas<\/p>\n<p>Autom\u00e1tica de Gorilla Glue que destaca, como su nombre indica, por sus \u201cpegajosos\u201d tricomas. Esta variedad ha obtenido importantes galardones, entre los que destacan el primer premio en la Copa Cann\u00e1bica de Michigan y Los \u00c1ngeles en 2014 as\u00ed como la Copa a nivel Mundial High Times de Jamaica.<\/p>\n","protected":false},"excerpt":{"rendered":"<p>Gen\u00e9tica: Auto Pineapple x Auto Gorillo Glue<br \/>THC: 22%<br \/>Rendimiento: 450 &#8211; 550 gr\/m2<br \/>Altura en interior: 80 &#8211; 100 cm<br \/>Altura en exterior: 120 &#8211; 150 cm<br \/>Ciclo de Floraci\u00f3n: 65 &#8211; 70 d\u00edas.<br \/>Cosecha: Abr &#8211; Nov.<\/p>\n","protected":false},"featured_media":18595,"comment_status":"open","ping_status":"closed","template":"","meta":{"_bst_post_transparent":"","_bst_post_title":"","_bst_post_layout":"","_bst_post_sidebar_id":"","_bst_post_content_style":"","_bst_post_vertical_padding":"","_bst_post_feature":"","_bst_post_feature_position":"","_bst_post_header":false,"_bst_post_footer":false},"pwb-brand":[198],"product_brand":[],"product_cat":[56],"product_tag":[],"class_list":{"0":"post-31186","1":"product","2":"type-product","3":"status-publish","4":"has-post-thumbnail","6":"pwb-brand-advanced-seeds","7":"product_cat-autoflorecientes","9":"first","10":"instock","11":"sale","12":"taxable","13":"shipping-taxable","14":"purchasable","15":"product-type-variable","16":"entry","17":"content-bg","18":"loop-entry"},"brands":[{"id":198,"name":"Advanced Seeds","slug":"advanced-seeds"}],"_links":{"self":[{"href":"https:\/\/puregrowshop.com\/fr\/wp-json\/wp\/v2\/product\/31186","targetHints":{"allow":["GET"]}}],"collection":[{"href":"https:\/\/puregrowshop.com\/fr\/wp-json\/wp\/v2\/product"}],"about":[{"href":"https:\/\/puregrowshop.com\/fr\/wp-json\/wp\/v2\/types\/product"}],"replies":[{"embeddable":true,"href":"https:\/\/puregrowshop.com\/fr\/wp-json\/wp\/v2\/comments?post=31186"}],"wp:featuredmedia":[{"embeddable":true,"href":"https:\/\/puregrowshop.com\/fr\/wp-json\/wp\/v2\/media\/18595"}],"wp:attachment":[{"href":"https:\/\/puregrowshop.com\/fr\/wp-json\/wp\/v2\/media?parent=31186"}],"wp:term":[{"taxonomy":"pwb-brand","embeddable":true,"href":"https:\/\/puregrowshop.com\/fr\/wp-json\/wp\/v2\/pwb-brand?post=31186"},{"taxonomy":"product_brand","embeddable":true,"href":"https:\/\/puregrowshop.com\/fr\/wp-json\/wp\/v2\/product_brand?post=31186"},{"taxonomy":"product_cat","embeddable":true,"href":"https:\/\/puregrowshop.com\/fr\/wp-json\/wp\/v2\/product_cat?post=31186"},{"taxonomy":"product_tag","embeddable":true,"href":"https:\/\/puregrowshop.com\/fr\/wp-json\/wp\/v2\/product_tag?post=31186"}],"curies":[{"name":"wp","href":"https:\/\/api.w.org\/{rel}","templated":true}]}}