{"id":31185,"date":"2025-10-07T12:58:16","date_gmt":"2025-10-07T12:58:16","guid":{"rendered":"https:\/\/puregrowshop.com\/?post_type=product&#038;p=31185"},"modified":"2026-03-20T12:12:04","modified_gmt":"2026-03-20T12:12:04","slug":"auto-mimosa-punch-advanced-seeds","status":"publish","type":"product","link":"https:\/\/puregrowshop.com\/fr\/auto-mimosa-punch-advanced-seeds\/","title":{"rendered":"Auto Mimosa Punch Advanced Seeds"},"content":{"rendered":"<p>H\u00edbrido de porte compacto y gran producci\u00f3n. Enorme nivel de THC gracias a sus numerosos tricomas que envuelven cada uno de los cogollos. Conserva sus hermosos tonos p\u00farpura heredados de Purple Punch que producen deliciosos aromas a ar\u00e1ndano y c\u00edtricos con notas amargas.<\/p>\n","protected":false},"excerpt":{"rendered":"<p>THC: 25%<br \/>Rendimiento: 400 &#8211; 500 g<br \/>Altura interior: 80 &#8211; 100 cm<br \/>Altura Exterior: 1,6 \u2013 1,9 m<br \/>Ciclo de Floraci\u00f3n: 55 &#8211; 60 d\u00edas<br \/>Cosecha: 1 &#8211; 10 Oct.<\/p>\n","protected":false},"featured_media":19010,"comment_status":"open","ping_status":"closed","template":"","meta":{"_bst_post_transparent":"","_bst_post_title":"","_bst_post_layout":"","_bst_post_sidebar_id":"","_bst_post_content_style":"","_bst_post_vertical_padding":"","_bst_post_feature":"","_bst_post_feature_position":"","_bst_post_header":false,"_bst_post_footer":false},"pwb-brand":[198],"product_brand":[],"product_cat":[56],"product_tag":[],"class_list":{"0":"post-31185","1":"product","2":"type-product","3":"status-publish","4":"has-post-thumbnail","6":"pwb-brand-advanced-seeds","7":"product_cat-autoflorecientes","9":"first","10":"instock","11":"sale","12":"taxable","13":"shipping-taxable","14":"purchasable","15":"product-type-variable","16":"entry","17":"content-bg","18":"loop-entry"},"brands":[{"id":198,"name":"Advanced Seeds","slug":"advanced-seeds"}],"_links":{"self":[{"href":"https:\/\/puregrowshop.com\/fr\/wp-json\/wp\/v2\/product\/31185","targetHints":{"allow":["GET"]}}],"collection":[{"href":"https:\/\/puregrowshop.com\/fr\/wp-json\/wp\/v2\/product"}],"about":[{"href":"https:\/\/puregrowshop.com\/fr\/wp-json\/wp\/v2\/types\/product"}],"replies":[{"embeddable":true,"href":"https:\/\/puregrowshop.com\/fr\/wp-json\/wp\/v2\/comments?post=31185"}],"wp:featuredmedia":[{"embeddable":true,"href":"https:\/\/puregrowshop.com\/fr\/wp-json\/wp\/v2\/media\/19010"}],"wp:attachment":[{"href":"https:\/\/puregrowshop.com\/fr\/wp-json\/wp\/v2\/media?parent=31185"}],"wp:term":[{"taxonomy":"pwb-brand","embeddable":true,"href":"https:\/\/puregrowshop.com\/fr\/wp-json\/wp\/v2\/pwb-brand?post=31185"},{"taxonomy":"product_brand","embeddable":true,"href":"https:\/\/puregrowshop.com\/fr\/wp-json\/wp\/v2\/product_brand?post=31185"},{"taxonomy":"product_cat","embeddable":true,"href":"https:\/\/puregrowshop.com\/fr\/wp-json\/wp\/v2\/product_cat?post=31185"},{"taxonomy":"product_tag","embeddable":true,"href":"https:\/\/puregrowshop.com\/fr\/wp-json\/wp\/v2\/product_tag?post=31185"}],"curies":[{"name":"wp","href":"https:\/\/api.w.org\/{rel}","templated":true}]}}