{"id":31155,"date":"2025-10-07T12:57:57","date_gmt":"2025-10-07T12:57:57","guid":{"rendered":"https:\/\/puregrowshop.com\/?post_type=product&#038;p=31155"},"modified":"2026-03-20T12:11:54","modified_gmt":"2026-03-20T12:11:54","slug":"auto-critical-soma-fem-advanced-seeds","status":"publish","type":"product","link":"https:\/\/puregrowshop.com\/fr\/auto-critical-soma-fem-advanced-seeds\/","title":{"rendered":"Auto Critical Soma fem. Advanced Seeds"},"content":{"rendered":"<p>Versi\u00f3n autofloreciente de nuestra exitosa Critical Soma. Auto de 4\u00aa generaci\u00f3n con buena ramificaci\u00f3n de la que se obtienen abundantes y largos cogollos que recubren la planta casi en su totalidad. La combinaci\u00f3n de Critical, Somango y gen\u00e9ticas Indicas Auto han dado como fruto una planta extraordinariamente resinosa y con excelentes niveles de producci\u00f3n. Recomendamos cultivar en primavera, con sustrato abundante y controlar el abonado escrupulosamente. Tiene un intenso aroma frutal y sabor dulce a pl\u00e1tano, melocot\u00f3n y mango. Sus efectos son m\u00e1s que satisfactorios a nivel f\u00edsico y mental.<\/p>\n","protected":false},"excerpt":{"rendered":"<p>THC: 17%<br \/>Rendimiento: 400 &#8211; 450 g<br \/>Altura interior: 85 &#8211; 100 cm<br \/>Altura Exterior: 0,9 \u2013 1,5 m<br \/>Ciclo de Floraci\u00f3n: 70 &#8211; 80 d\u00edas<br \/>Cosecha: Abr &#8211; Nov.<\/p>\n","protected":false},"featured_media":18499,"comment_status":"open","ping_status":"closed","template":"","meta":{"_bst_post_transparent":"","_bst_post_title":"","_bst_post_layout":"","_bst_post_sidebar_id":"","_bst_post_content_style":"","_bst_post_vertical_padding":"","_bst_post_feature":"","_bst_post_feature_position":"","_bst_post_header":false,"_bst_post_footer":false},"pwb-brand":[198],"product_brand":[],"product_cat":[56],"product_tag":[],"class_list":{"0":"post-31155","1":"product","2":"type-product","3":"status-publish","4":"has-post-thumbnail","6":"pwb-brand-advanced-seeds","7":"product_cat-autoflorecientes","9":"first","10":"instock","11":"sale","12":"taxable","13":"shipping-taxable","14":"purchasable","15":"product-type-variable","16":"entry","17":"content-bg","18":"loop-entry"},"brands":[{"id":198,"name":"Advanced Seeds","slug":"advanced-seeds"}],"_links":{"self":[{"href":"https:\/\/puregrowshop.com\/fr\/wp-json\/wp\/v2\/product\/31155","targetHints":{"allow":["GET"]}}],"collection":[{"href":"https:\/\/puregrowshop.com\/fr\/wp-json\/wp\/v2\/product"}],"about":[{"href":"https:\/\/puregrowshop.com\/fr\/wp-json\/wp\/v2\/types\/product"}],"replies":[{"embeddable":true,"href":"https:\/\/puregrowshop.com\/fr\/wp-json\/wp\/v2\/comments?post=31155"}],"wp:featuredmedia":[{"embeddable":true,"href":"https:\/\/puregrowshop.com\/fr\/wp-json\/wp\/v2\/media\/18499"}],"wp:attachment":[{"href":"https:\/\/puregrowshop.com\/fr\/wp-json\/wp\/v2\/media?parent=31155"}],"wp:term":[{"taxonomy":"pwb-brand","embeddable":true,"href":"https:\/\/puregrowshop.com\/fr\/wp-json\/wp\/v2\/pwb-brand?post=31155"},{"taxonomy":"product_brand","embeddable":true,"href":"https:\/\/puregrowshop.com\/fr\/wp-json\/wp\/v2\/product_brand?post=31155"},{"taxonomy":"product_cat","embeddable":true,"href":"https:\/\/puregrowshop.com\/fr\/wp-json\/wp\/v2\/product_cat?post=31155"},{"taxonomy":"product_tag","embeddable":true,"href":"https:\/\/puregrowshop.com\/fr\/wp-json\/wp\/v2\/product_tag?post=31155"}],"curies":[{"name":"wp","href":"https:\/\/api.w.org\/{rel}","templated":true}]}}