{"id":31126,"date":"2025-10-07T12:57:43","date_gmt":"2025-10-07T12:57:43","guid":{"rendered":"https:\/\/puregrowshop.com\/?post_type=product&#038;p=31126"},"modified":"2026-03-20T12:11:44","modified_gmt":"2026-03-20T12:11:44","slug":"auto-bruce-banner-xxl-fem-advanced-seeds","status":"publish","type":"product","link":"https:\/\/puregrowshop.com\/fr\/auto-bruce-banner-xxl-fem-advanced-seeds\/","title":{"rendered":"Auto Bruce Banner XXL fem. Advanced Seeds"},"content":{"rendered":"<p>Selecci\u00f3n XXL de nuestra Bruce Banner. Destaca por su gran tama\u00f1o y r\u00e1pida floraci\u00f3n. Producci\u00f3n enorme que conserva su alto \u00edndice de THC. Aroma afrutado con toques Diesel.<\/p>\n","protected":false},"excerpt":{"rendered":"<p>THC: 24%<br \/>Producci\u00f3n: 500 &#8211; 550 g<br \/>Altura interior: 80 &#8211; 100 cm<br \/>Altura exterior: 1,0 &#8211; 1,3 m<br \/>Ciclo completo: 75 d\u00edas<br \/>Cosecha: Abr &#8211; Nov.<\/p>\n","protected":false},"featured_media":18826,"comment_status":"open","ping_status":"closed","template":"","meta":{"_bst_post_transparent":"","_bst_post_title":"","_bst_post_layout":"","_bst_post_sidebar_id":"","_bst_post_content_style":"","_bst_post_vertical_padding":"","_bst_post_feature":"","_bst_post_feature_position":"","_bst_post_header":false,"_bst_post_footer":false},"pwb-brand":[198],"product_brand":[],"product_cat":[56],"product_tag":[],"class_list":{"0":"post-31126","1":"product","2":"type-product","3":"status-publish","4":"has-post-thumbnail","6":"pwb-brand-advanced-seeds","7":"product_cat-autoflorecientes","9":"first","10":"instock","11":"sale","12":"taxable","13":"shipping-taxable","14":"purchasable","15":"product-type-variable","16":"entry","17":"content-bg","18":"loop-entry"},"brands":[{"id":198,"name":"Advanced Seeds","slug":"advanced-seeds"}],"_links":{"self":[{"href":"https:\/\/puregrowshop.com\/fr\/wp-json\/wp\/v2\/product\/31126","targetHints":{"allow":["GET"]}}],"collection":[{"href":"https:\/\/puregrowshop.com\/fr\/wp-json\/wp\/v2\/product"}],"about":[{"href":"https:\/\/puregrowshop.com\/fr\/wp-json\/wp\/v2\/types\/product"}],"replies":[{"embeddable":true,"href":"https:\/\/puregrowshop.com\/fr\/wp-json\/wp\/v2\/comments?post=31126"}],"wp:featuredmedia":[{"embeddable":true,"href":"https:\/\/puregrowshop.com\/fr\/wp-json\/wp\/v2\/media\/18826"}],"wp:attachment":[{"href":"https:\/\/puregrowshop.com\/fr\/wp-json\/wp\/v2\/media?parent=31126"}],"wp:term":[{"taxonomy":"pwb-brand","embeddable":true,"href":"https:\/\/puregrowshop.com\/fr\/wp-json\/wp\/v2\/pwb-brand?post=31126"},{"taxonomy":"product_brand","embeddable":true,"href":"https:\/\/puregrowshop.com\/fr\/wp-json\/wp\/v2\/product_brand?post=31126"},{"taxonomy":"product_cat","embeddable":true,"href":"https:\/\/puregrowshop.com\/fr\/wp-json\/wp\/v2\/product_cat?post=31126"},{"taxonomy":"product_tag","embeddable":true,"href":"https:\/\/puregrowshop.com\/fr\/wp-json\/wp\/v2\/product_tag?post=31126"}],"curies":[{"name":"wp","href":"https:\/\/api.w.org\/{rel}","templated":true}]}}