{"id":31094,"date":"2025-10-07T12:57:28","date_gmt":"2025-10-07T12:57:28","guid":{"rendered":"https:\/\/puregrowshop.com\/?post_type=product&#038;p=31094"},"modified":"2026-03-20T12:11:44","modified_gmt":"2026-03-20T12:11:44","slug":"auto-acai-mintz-fem-advanced-seeds","status":"publish","type":"product","link":"https:\/\/puregrowshop.com\/fr\/auto-acai-mintz-fem-advanced-seeds\/","title":{"rendered":"Auto Acai Mintz fem. Advanced Seeds"},"content":{"rendered":"<p>Cruce Autofloreciente de Acai Mintz. Brutal \u00edndice de THC resultado de su abundante producci\u00f3n de tricomas. Se caracteriza por una mezcla de tonos verdes y p\u00farpuras. Perfil arom\u00e1tico que combina notas de naranja, pino y di\u00e9sel.<\/p>\n","protected":false},"excerpt":{"rendered":"<p>THC: 28%<br \/>Rendimiento: 500 &#8211; 550 g<br \/>Altura interior: 70 &#8211; 85 cm<br \/>Altura Exterior: 1,0 \u2013 1,3 m<br \/>Ciclo Completo: 75 &#8211; 80 d\u00edas<br \/>Cosecha: Abr &#8211; Nov. <\/p>\n","protected":false},"featured_media":30926,"comment_status":"open","ping_status":"closed","template":"","meta":{"_bst_post_transparent":"","_bst_post_title":"","_bst_post_layout":"","_bst_post_sidebar_id":"","_bst_post_content_style":"","_bst_post_vertical_padding":"","_bst_post_feature":"","_bst_post_feature_position":"","_bst_post_header":false,"_bst_post_footer":false},"pwb-brand":[198],"product_brand":[],"product_cat":[56],"product_tag":[],"class_list":{"0":"post-31094","1":"product","2":"type-product","3":"status-publish","4":"has-post-thumbnail","6":"pwb-brand-advanced-seeds","7":"product_cat-autoflorecientes","9":"first","10":"instock","11":"sale","12":"taxable","13":"shipping-taxable","14":"purchasable","15":"product-type-variable","16":"entry","17":"content-bg","18":"loop-entry"},"brands":[{"id":198,"name":"Advanced Seeds","slug":"advanced-seeds"}],"_links":{"self":[{"href":"https:\/\/puregrowshop.com\/fr\/wp-json\/wp\/v2\/product\/31094","targetHints":{"allow":["GET"]}}],"collection":[{"href":"https:\/\/puregrowshop.com\/fr\/wp-json\/wp\/v2\/product"}],"about":[{"href":"https:\/\/puregrowshop.com\/fr\/wp-json\/wp\/v2\/types\/product"}],"replies":[{"embeddable":true,"href":"https:\/\/puregrowshop.com\/fr\/wp-json\/wp\/v2\/comments?post=31094"}],"wp:featuredmedia":[{"embeddable":true,"href":"https:\/\/puregrowshop.com\/fr\/wp-json\/wp\/v2\/media\/30926"}],"wp:attachment":[{"href":"https:\/\/puregrowshop.com\/fr\/wp-json\/wp\/v2\/media?parent=31094"}],"wp:term":[{"taxonomy":"pwb-brand","embeddable":true,"href":"https:\/\/puregrowshop.com\/fr\/wp-json\/wp\/v2\/pwb-brand?post=31094"},{"taxonomy":"product_brand","embeddable":true,"href":"https:\/\/puregrowshop.com\/fr\/wp-json\/wp\/v2\/product_brand?post=31094"},{"taxonomy":"product_cat","embeddable":true,"href":"https:\/\/puregrowshop.com\/fr\/wp-json\/wp\/v2\/product_cat?post=31094"},{"taxonomy":"product_tag","embeddable":true,"href":"https:\/\/puregrowshop.com\/fr\/wp-json\/wp\/v2\/product_tag?post=31094"}],"curies":[{"name":"wp","href":"https:\/\/api.w.org\/{rel}","templated":true}]}}