{"id":31066,"date":"2025-10-07T12:57:13","date_gmt":"2025-10-07T12:57:13","guid":{"rendered":"https:\/\/puregrowshop.com\/?post_type=product&#038;p=31066"},"modified":"2026-03-20T12:23:27","modified_gmt":"2026-03-20T12:23:27","slug":"amnesia-fast-fem-advanced-seeds","status":"publish","type":"product","link":"https:\/\/puregrowshop.com\/fr\/amnesia-fast-fem-advanced-seeds\/","title":{"rendered":"Amnesia Fast  Advanced Seeds"},"content":{"rendered":"<p>Versi\u00f3n r\u00e1pida y de f\u00e1cil cultivo de nuestra Amnesia con un porte y resistencia \u00fanicos. Planta de gran producci\u00f3n de cogollos ba\u00f1ados de resina y az\u00facares gracias a su dominancia sativa. Esta cepa conserva de forma natural una alta resistencia a las plagas y el moho. Aroma y sabor a lim\u00f3n con matices de incienso y especias.<\/p>\n","protected":false},"excerpt":{"rendered":"<p>Amnesia x Auto Amnesia<br \/>THC: 18%<br \/>Rendimiento: 450 &#8211; 550 g<br \/>Altura interior: 80 &#8211; 100 cm<br \/>Altura Exterior: 2,0 \u2013 2,5 m<br \/>Ciclo de Floraci\u00f3n: 65 &#8211; 70 d\u00edas<br \/>Cosecha: 1 &#8211; 10 Oct.<\/p>\n","protected":false},"featured_media":18730,"comment_status":"open","ping_status":"closed","template":"","meta":{"_bst_post_transparent":"","_bst_post_title":"","_bst_post_layout":"","_bst_post_sidebar_id":"","_bst_post_content_style":"","_bst_post_vertical_padding":"","_bst_post_feature":"","_bst_post_feature_position":"","_bst_post_header":false,"_bst_post_footer":false},"pwb-brand":[198],"product_brand":[],"product_cat":[69],"product_tag":[],"class_list":{"0":"post-31066","1":"product","2":"type-product","3":"status-publish","4":"has-post-thumbnail","6":"pwb-brand-advanced-seeds","7":"product_cat-feminizadas","9":"first","10":"instock","11":"sale","12":"taxable","13":"shipping-taxable","14":"purchasable","15":"product-type-variable","16":"entry","17":"content-bg","18":"loop-entry"},"brands":[{"id":198,"name":"Advanced Seeds","slug":"advanced-seeds"}],"_links":{"self":[{"href":"https:\/\/puregrowshop.com\/fr\/wp-json\/wp\/v2\/product\/31066","targetHints":{"allow":["GET"]}}],"collection":[{"href":"https:\/\/puregrowshop.com\/fr\/wp-json\/wp\/v2\/product"}],"about":[{"href":"https:\/\/puregrowshop.com\/fr\/wp-json\/wp\/v2\/types\/product"}],"replies":[{"embeddable":true,"href":"https:\/\/puregrowshop.com\/fr\/wp-json\/wp\/v2\/comments?post=31066"}],"wp:featuredmedia":[{"embeddable":true,"href":"https:\/\/puregrowshop.com\/fr\/wp-json\/wp\/v2\/media\/18730"}],"wp:attachment":[{"href":"https:\/\/puregrowshop.com\/fr\/wp-json\/wp\/v2\/media?parent=31066"}],"wp:term":[{"taxonomy":"pwb-brand","embeddable":true,"href":"https:\/\/puregrowshop.com\/fr\/wp-json\/wp\/v2\/pwb-brand?post=31066"},{"taxonomy":"product_brand","embeddable":true,"href":"https:\/\/puregrowshop.com\/fr\/wp-json\/wp\/v2\/product_brand?post=31066"},{"taxonomy":"product_cat","embeddable":true,"href":"https:\/\/puregrowshop.com\/fr\/wp-json\/wp\/v2\/product_cat?post=31066"},{"taxonomy":"product_tag","embeddable":true,"href":"https:\/\/puregrowshop.com\/fr\/wp-json\/wp\/v2\/product_tag?post=31066"}],"curies":[{"name":"wp","href":"https:\/\/api.w.org\/{rel}","templated":true}]}}