{"id":31065,"date":"2025-10-07T12:57:12","date_gmt":"2025-10-07T12:57:12","guid":{"rendered":"https:\/\/puregrowshop.com\/?post_type=product&#038;p=31065"},"modified":"2025-11-21T11:02:28","modified_gmt":"2025-11-21T11:02:28","slug":"amnesia-fem-advanced-seeds","status":"publish","type":"product","link":"https:\/\/puregrowshop.com\/fr\/amnesia-fem-advanced-seeds\/","title":{"rendered":"Amnesia fem. Advanced Seeds"},"content":{"rendered":"<p>Planta con dominancia Sativa. Muy productiva, que puede llegar a alcanzar los  (500 &#8211; 600 g\/m2) Es muy f\u00e1cil de cultivar y tiene una floraci\u00f3n r\u00e1pida (65 &#8211; 70 d\u00edas) Es una planta muy vigorosa y resistente a plagas y al moho de un modo natural. Produce grandes cogollos recubiertos de resina. Tiene aroma y sabor a lim\u00f3n, especias e incienso. Su efecto es potente, cerebral, euf\u00f3rico y estimulante.<\/p>\n","protected":false},"excerpt":{"rendered":"<p>THC: 18%<br \/>Rendimiento: 500 &#8211; 600 g<br \/>Altura interior: 70 &#8211; 150 cm<br \/>Altura Exterior: 2,5 \u2013 3,5 m<br \/>Ciclo de Floraci\u00f3n: 65 &#8211; 70 d\u00edas<br \/>Cosecha:  10 &#8211; 20 Oct.<\/p>\n","protected":false},"featured_media":18515,"comment_status":"open","ping_status":"closed","template":"","meta":{"_bst_post_transparent":"","_bst_post_title":"","_bst_post_layout":"","_bst_post_sidebar_id":"","_bst_post_content_style":"","_bst_post_vertical_padding":"","_bst_post_feature":"","_bst_post_feature_position":"","_bst_post_header":false,"_bst_post_footer":false},"pwb-brand":[198],"product_brand":[],"product_cat":[69],"product_tag":[],"class_list":{"0":"post-31065","1":"product","2":"type-product","3":"status-publish","4":"has-post-thumbnail","6":"pwb-brand-advanced-seeds","7":"product_cat-feminizadas","9":"first","10":"instock","11":"sale","12":"taxable","13":"shipping-taxable","14":"purchasable","15":"product-type-variable","16":"entry","17":"content-bg","18":"loop-entry"},"brands":[{"id":198,"name":"Advanced Seeds","slug":"advanced-seeds"}],"_links":{"self":[{"href":"https:\/\/puregrowshop.com\/fr\/wp-json\/wp\/v2\/product\/31065","targetHints":{"allow":["GET"]}}],"collection":[{"href":"https:\/\/puregrowshop.com\/fr\/wp-json\/wp\/v2\/product"}],"about":[{"href":"https:\/\/puregrowshop.com\/fr\/wp-json\/wp\/v2\/types\/product"}],"replies":[{"embeddable":true,"href":"https:\/\/puregrowshop.com\/fr\/wp-json\/wp\/v2\/comments?post=31065"}],"wp:featuredmedia":[{"embeddable":true,"href":"https:\/\/puregrowshop.com\/fr\/wp-json\/wp\/v2\/media\/18515"}],"wp:attachment":[{"href":"https:\/\/puregrowshop.com\/fr\/wp-json\/wp\/v2\/media?parent=31065"}],"wp:term":[{"taxonomy":"pwb-brand","embeddable":true,"href":"https:\/\/puregrowshop.com\/fr\/wp-json\/wp\/v2\/pwb-brand?post=31065"},{"taxonomy":"product_brand","embeddable":true,"href":"https:\/\/puregrowshop.com\/fr\/wp-json\/wp\/v2\/product_brand?post=31065"},{"taxonomy":"product_cat","embeddable":true,"href":"https:\/\/puregrowshop.com\/fr\/wp-json\/wp\/v2\/product_cat?post=31065"},{"taxonomy":"product_tag","embeddable":true,"href":"https:\/\/puregrowshop.com\/fr\/wp-json\/wp\/v2\/product_tag?post=31065"}],"curies":[{"name":"wp","href":"https:\/\/api.w.org\/{rel}","templated":true}]}}