{"id":31064,"date":"2025-10-07T12:57:12","date_gmt":"2025-10-07T12:57:12","guid":{"rendered":"https:\/\/puregrowshop.com\/?post_type=product&#038;p=31064"},"modified":"2025-11-21T11:02:28","modified_gmt":"2025-11-21T11:02:28","slug":"afghan-skunk-fem-advanced-seeds","status":"publish","type":"product","link":"https:\/\/puregrowshop.com\/fr\/afghan-skunk-fem-advanced-seeds\/","title":{"rendered":"Afghan Skunk fem. Advanced Seeds"},"content":{"rendered":"<p>H\u00edbrido Indica \/ Sativa. Planta de estructura robusta y muy productiva, con grandes y densos cogollos de aroma y sabor potente y duradero gracias a su herencia Skunk. Es muy resistente a las condiciones adversas y de f\u00e1cil cultivo, lo que la hace ideal para principiantes. Completa la floraci\u00f3n en 8 semanas. Si se cultiva en climas fr\u00edos puede desarrollar colores rojizos y morados al final de la floraci\u00f3n.<\/p>\n","protected":false},"excerpt":{"rendered":"<p>H\u00edbrido dominancia Indica<br \/>THC: 17%<br \/>Rendimiento: 400 &#8211; 500 g<br \/>Altura interior: 70 &#8211; 100 cm<br \/>Altura Exterior: 2,0 \u2013 3,0 m<br \/>Ciclo de Floraci\u00f3n: 50 &#8211; 60 d\u00edas<br \/>Cosecha:  15 &#8211; 30 Oct.<\/p>\n","protected":false},"featured_media":18495,"comment_status":"open","ping_status":"closed","template":"","meta":{"_bst_post_transparent":"","_bst_post_title":"","_bst_post_layout":"","_bst_post_sidebar_id":"","_bst_post_content_style":"","_bst_post_vertical_padding":"","_bst_post_feature":"","_bst_post_feature_position":"","_bst_post_header":false,"_bst_post_footer":false},"pwb-brand":[198],"product_brand":[],"product_cat":[69],"product_tag":[],"class_list":{"0":"post-31064","1":"product","2":"type-product","3":"status-publish","4":"has-post-thumbnail","6":"pwb-brand-advanced-seeds","7":"product_cat-feminizadas","9":"first","10":"instock","11":"sale","12":"taxable","13":"shipping-taxable","14":"purchasable","15":"product-type-variable","16":"entry","17":"content-bg","18":"loop-entry"},"brands":[{"id":198,"name":"Advanced Seeds","slug":"advanced-seeds"}],"_links":{"self":[{"href":"https:\/\/puregrowshop.com\/fr\/wp-json\/wp\/v2\/product\/31064","targetHints":{"allow":["GET"]}}],"collection":[{"href":"https:\/\/puregrowshop.com\/fr\/wp-json\/wp\/v2\/product"}],"about":[{"href":"https:\/\/puregrowshop.com\/fr\/wp-json\/wp\/v2\/types\/product"}],"replies":[{"embeddable":true,"href":"https:\/\/puregrowshop.com\/fr\/wp-json\/wp\/v2\/comments?post=31064"}],"wp:featuredmedia":[{"embeddable":true,"href":"https:\/\/puregrowshop.com\/fr\/wp-json\/wp\/v2\/media\/18495"}],"wp:attachment":[{"href":"https:\/\/puregrowshop.com\/fr\/wp-json\/wp\/v2\/media?parent=31064"}],"wp:term":[{"taxonomy":"pwb-brand","embeddable":true,"href":"https:\/\/puregrowshop.com\/fr\/wp-json\/wp\/v2\/pwb-brand?post=31064"},{"taxonomy":"product_brand","embeddable":true,"href":"https:\/\/puregrowshop.com\/fr\/wp-json\/wp\/v2\/product_brand?post=31064"},{"taxonomy":"product_cat","embeddable":true,"href":"https:\/\/puregrowshop.com\/fr\/wp-json\/wp\/v2\/product_cat?post=31064"},{"taxonomy":"product_tag","embeddable":true,"href":"https:\/\/puregrowshop.com\/fr\/wp-json\/wp\/v2\/product_tag?post=31064"}],"curies":[{"name":"wp","href":"https:\/\/api.w.org\/{rel}","templated":true}]}}