{"id":31063,"date":"2025-10-07T12:57:12","date_gmt":"2025-10-07T12:57:12","guid":{"rendered":"https:\/\/puregrowshop.com\/?post_type=product&#038;p=31063"},"modified":"2026-02-20T19:22:32","modified_gmt":"2026-02-20T19:22:32","slug":"acai-mintz-fem-advanced-seeds","status":"publish","type":"product","link":"https:\/\/puregrowshop.com\/fr\/acai-mintz-fem-advanced-seeds\/","title":{"rendered":"Acai Mintz fem. Advanced Seeds"},"content":{"rendered":"<p data-start=\"226\" data-end=\"680\">La <strong data-start=\"229\" data-end=\"248\">Acai Mintz fem.<\/strong> de <strong data-start=\"252\" data-end=\"270\">Advanced Seeds<\/strong> es una variedad h\u00edbrida <strong data-start=\"295\" data-end=\"304\">\u00fanica<\/strong> que ofrece una experiencia de cultivo sencilla, un <strong data-start=\"356\" data-end=\"388\">sabor refrescante y afrutado<\/strong>, y efectos <strong data-start=\"400\" data-end=\"425\">potentes y relajantes<\/strong>. Con un linaje que destaca por su <strong data-start=\"460\" data-end=\"487\">sabor a frutas ex\u00f3ticas<\/strong> y <strong data-start=\"490\" data-end=\"503\">mentolado<\/strong>, esta cepa es ideal tanto para cultivadores novatos como experimentados que buscan una <strong data-start=\"591\" data-end=\"616\">cepa f\u00e1cil de manejar<\/strong> con un <strong data-start=\"624\" data-end=\"648\">rendimiento generoso<\/strong> y un perfil de sabor delicioso.<\/p>\n<h3 data-start=\"682\" data-end=\"699\"><strong data-start=\"686\" data-end=\"699\">Gen\u00e9tica de la Acai Mintz:<\/strong><\/h3>\n<ul data-start=\"700\" data-end=\"982\">\n<li data-start=\"700\" data-end=\"760\">\n<p data-start=\"702\" data-end=\"760\"><strong data-start=\"702\" data-end=\"723\">Tipo de gen\u00e9tica:<\/strong> H\u00edbrida (predominantemente \u00edndica)<\/p>\n<\/li>\n<li data-start=\"761\" data-end=\"793\">\n<p data-start=\"763\" data-end=\"793\"><strong data-start=\"763\" data-end=\"774\">Linaje:<\/strong> <strong data-start=\"775\" data-end=\"791\">Acai x Mintz<\/strong><\/p>\n<\/li>\n<li data-start=\"794\" data-end=\"874\">\n<p data-start=\"796\" data-end=\"874\"><strong data-start=\"796\" data-end=\"804\">THC:<\/strong> <strong data-start=\"805\" data-end=\"816\">18%\u201322%<\/strong>, lo que proporciona un efecto potente pero equilibrado.<\/p>\n<\/li>\n<li data-start=\"875\" data-end=\"982\">\n<p data-start=\"877\" data-end=\"982\"><strong data-start=\"877\" data-end=\"885\">CBD:<\/strong> Bajo, lo que permite que los efectos psicoactivos del THC se expresen de manera m\u00e1s pronunciada.<\/p>\n<\/li>\n<\/ul>\n<h3 data-start=\"984\" data-end=\"1019\"><strong data-start=\"988\" data-end=\"1019\">Caracter\u00edsticas de Cultivo Acai Mintz:<\/strong><\/h3>\n<h4 data-start=\"1021\" data-end=\"1047\"><strong data-start=\"1026\" data-end=\"1047\">Cultivo Interior:<\/strong><\/h4>\n<ul data-start=\"1048\" data-end=\"1543\">\n<li data-start=\"1048\" data-end=\"1161\">\n<p data-start=\"1050\" data-end=\"1161\"><strong data-start=\"1050\" data-end=\"1061\">Altura:<\/strong> Moderada, alcanza entre <strong data-start=\"1086\" data-end=\"1108\">90 cm y 1,2 metros<\/strong>, ideal para espacios de cultivo peque\u00f1os o medianos.<\/p>\n<\/li>\n<li data-start=\"1162\" data-end=\"1281\">\n<p data-start=\"1164\" data-end=\"1281\"><strong data-start=\"1164\" data-end=\"1188\">Tiempo de floraci\u00f3n:<\/strong> <strong data-start=\"1189\" data-end=\"1206\">8 a 9 semanas<\/strong>, un ciclo de floraci\u00f3n r\u00e1pido para una cepa h\u00edbrida con dominancia \u00edndica.<\/p>\n<\/li>\n<li data-start=\"1282\" data-end=\"1412\">\n<p data-start=\"1284\" data-end=\"1412\"><strong data-start=\"1284\" data-end=\"1309\">Rendimiento interior:<\/strong> <strong data-start=\"1310\" data-end=\"1326\">450\u2013500 g\/m\u00b2<\/strong>, con cogollos densos, cargados de resina, ideales para la extracci\u00f3n de concentrados.<\/p>\n<\/li>\n<li data-start=\"1413\" data-end=\"1543\">\n<p data-start=\"1415\" data-end=\"1543\"><strong data-start=\"1415\" data-end=\"1439\">Condiciones ideales:<\/strong> Temperaturas entre <strong data-start=\"1459\" data-end=\"1474\">20\u00b0C y 26\u00b0C<\/strong> para obtener las mejores condiciones de cultivo y calidad de planta.<\/p>\n<\/li>\n<\/ul>\n<h4 data-start=\"1545\" data-end=\"1571\"><strong data-start=\"1550\" data-end=\"1571\">Cultivo Exterior:<\/strong><\/h4>\n<ul data-start=\"1572\" data-end=\"2090\">\n<li data-start=\"1572\" data-end=\"1675\">\n<p data-start=\"1574\" data-end=\"1675\"><strong data-start=\"1574\" data-end=\"1585\">Altura:<\/strong> En exterior, puede llegar a medir <strong data-start=\"1620\" data-end=\"1632\">2 metros<\/strong>, permitiendo que se desarrolle plenamente.<\/p>\n<\/li>\n<li data-start=\"1676\" data-end=\"1765\">\n<p data-start=\"1678\" data-end=\"1765\"><strong data-start=\"1678\" data-end=\"1694\">Clima ideal:<\/strong> Prefiere un clima c\u00e1lido y soleado, similar al clima <strong data-start=\"1748\" data-end=\"1764\">mediterr\u00e1neo<\/strong>.<\/p>\n<\/li>\n<li data-start=\"1766\" data-end=\"1968\">\n<p data-start=\"1768\" data-end=\"1968\"><strong data-start=\"1768\" data-end=\"1790\">Tiempo de cosecha:<\/strong> En exterior, la cosecha se realiza a <strong data-start=\"1828\" data-end=\"1877\">finales de septiembre o principios de octubre<\/strong>, lo que la convierte en una excelente opci\u00f3n para cultivadores que buscan un ciclo r\u00e1pido.<\/p>\n<\/li>\n<li data-start=\"1969\" data-end=\"2090\">\n<p data-start=\"1971\" data-end=\"2090\"><strong data-start=\"1971\" data-end=\"1996\">Rendimiento exterior:<\/strong> <strong data-start=\"1997\" data-end=\"2017\">600\u2013800 g\/planta<\/strong>, ideal para cultivadores que buscan una cosecha abundante con facilidad.<\/p>\n<\/li>\n<\/ul>\n<h3 data-start=\"2092\" data-end=\"2114\"><strong data-start=\"2096\" data-end=\"2114\">Aroma y Sabor:<\/strong><\/h3>\n<p data-start=\"2115\" data-end=\"2211\">La <strong data-start=\"2118\" data-end=\"2132\">Acai Mintz<\/strong> es conocida por su <strong data-start=\"2152\" data-end=\"2183\">perfil de sabor refrescante<\/strong> y <strong data-start=\"2186\" data-end=\"2197\">ex\u00f3tico<\/strong>, que combina:<\/p>\n<ul data-start=\"2212\" data-end=\"2535\">\n<li data-start=\"2212\" data-end=\"2337\">\n<p data-start=\"2214\" data-end=\"2337\"><strong data-start=\"2214\" data-end=\"2223\">Aroma<\/strong>: Un <strong data-start=\"2228\" data-end=\"2257\">toque a frutas tropicales<\/strong> con notas de <strong data-start=\"2271\" data-end=\"2279\">acai<\/strong>, mezclado con un <strong data-start=\"2297\" data-end=\"2316\">fondo mentolado<\/strong> que aporta frescura.<\/p>\n<\/li>\n<li data-start=\"2338\" data-end=\"2535\">\n<p data-start=\"2340\" data-end=\"2535\"><strong data-start=\"2340\" data-end=\"2349\">Sabor<\/strong>: El sabor es igual de refrescante, con un <strong data-start=\"2392\" data-end=\"2418\">sabor afrutado y dulce<\/strong> a <strong data-start=\"2421\" data-end=\"2429\">acai<\/strong> y un toque de <strong data-start=\"2444\" data-end=\"2460\">menta fresca<\/strong>, ofreciendo una experiencia \u00fanica que recuerda a un <strong data-start=\"2513\" data-end=\"2534\">refresco tropical<\/strong>.<\/p>\n<\/li>\n<\/ul>\n<h3 data-start=\"2537\" data-end=\"2553\"><strong data-start=\"2541\" data-end=\"2553\">Efectos:<\/strong><\/h3>\n<p data-start=\"2554\" data-end=\"2764\">Los efectos de la <strong data-start=\"2572\" data-end=\"2586\">Acai Mintz<\/strong> son <strong data-start=\"2591\" data-end=\"2605\">relajantes<\/strong>, con una sensaci\u00f3n general de bienestar y tranquilidad. Aunque es una cepa predominantemente \u00edndica, sus efectos no son pesados, lo que la hace perfecta para:<\/p>\n<ul data-start=\"2765\" data-end=\"3116\">\n<li data-start=\"2765\" data-end=\"2861\">\n<p data-start=\"2767\" data-end=\"2861\"><strong data-start=\"2767\" data-end=\"2790\">Relajaci\u00f3n corporal<\/strong>: Ideal para aliviar el estr\u00e9s f\u00edsico y mental despu\u00e9s de un largo d\u00eda.<\/p>\n<\/li>\n<li data-start=\"2862\" data-end=\"2994\">\n<p data-start=\"2864\" data-end=\"2994\"><strong data-start=\"2864\" data-end=\"2891\">Alivio de dolores leves<\/strong>: Perfecta para quienes buscan aliviar <strong data-start=\"2930\" data-end=\"2952\">dolores musculares<\/strong> o de cabeza sin una sensaci\u00f3n de pesadez.<\/p>\n<\/li>\n<li data-start=\"2995\" data-end=\"3116\">\n<p data-start=\"2997\" data-end=\"3116\"><strong data-start=\"2997\" data-end=\"3027\">Mejora del estado de \u00e1nimo<\/strong>: Sus efectos euf\u00f3ricos proporcionan una <strong data-start=\"3068\" data-end=\"3102\">sensaci\u00f3n general de bienestar<\/strong> y relajaci\u00f3n.<\/p>\n<\/li>\n<\/ul>\n<h3 data-start=\"3118\" data-end=\"3171\"><strong data-start=\"3122\" data-end=\"3171\">\u00bfPor qu\u00e9 elegir Acai Mintz de Advanced Seeds?<\/strong><\/h3>\n<ul data-start=\"3172\" data-end=\"3801\">\n<li data-start=\"3172\" data-end=\"3343\">\n<p data-start=\"3174\" data-end=\"3343\"><strong data-start=\"3174\" data-end=\"3195\">Sabor refrescante<\/strong>: Su <strong data-start=\"3200\" data-end=\"3225\">perfil de sabor \u00fanico<\/strong> con notas de <strong data-start=\"3239\" data-end=\"3255\">acai y menta<\/strong> la convierte en una de las cepas m\u00e1s sabrosas y refrescantes disponibles en el mercado.<\/p>\n<\/li>\n<li data-start=\"3344\" data-end=\"3498\">\n<p data-start=\"3346\" data-end=\"3498\"><strong data-start=\"3346\" data-end=\"3367\">F\u00e1cil de cultivar<\/strong>: Con un ciclo de floraci\u00f3n r\u00e1pido y un tama\u00f1o compacto, es ideal tanto para cultivadores novatos como para los m\u00e1s experimentados.<\/p>\n<\/li>\n<li data-start=\"3499\" data-end=\"3666\">\n<p data-start=\"3501\" data-end=\"3666\"><strong data-start=\"3501\" data-end=\"3525\">Efectos equilibrados<\/strong>: Ofrece un equilibrio perfecto entre <strong data-start=\"3563\" data-end=\"3586\">relajaci\u00f3n corporal<\/strong> y <strong data-start=\"3589\" data-end=\"3619\">mejora del estado de \u00e1nimo<\/strong>, ideal para momentos de descanso o relajaci\u00f3n.<\/p>\n<\/li>\n<li data-start=\"3667\" data-end=\"3801\">\n<p data-start=\"3669\" data-end=\"3801\"><strong data-start=\"3669\" data-end=\"3693\">Rendimiento generoso<\/strong>: Ya sea en cultivo interior o exterior, esta cepa ofrece <strong data-start=\"3751\" data-end=\"3776\">rendimientos elevados<\/strong> con cogollos de calidad.<\/p>\n<\/li>\n<\/ul>\n","protected":false},"excerpt":{"rendered":"<p>Acai Mintz fem. de Advanced Seeds combina terpenos de a\u00e7a\u00ed y menta para un perfil dulce y refrescante. Semillas feminizadas de gran vigor, cogollos densos y muy resinosos, alto rendimiento y potencia. Disponible en 1, 3+1, 5+2, 25 y 100 semillas.<\/p>\n","protected":false},"featured_media":30911,"comment_status":"open","ping_status":"closed","template":"","meta":{"_bst_post_transparent":"default","_bst_post_title":"","_bst_post_layout":"default","_bst_post_sidebar_id":"","_bst_post_content_style":"default","_bst_post_vertical_padding":"default","_bst_post_feature":"","_bst_post_feature_position":"","_bst_post_header":false,"_bst_post_footer":false},"pwb-brand":[198],"product_brand":[],"product_cat":[69],"product_tag":[],"class_list":{"0":"post-31063","1":"product","2":"type-product","3":"status-publish","4":"has-post-thumbnail","6":"pwb-brand-advanced-seeds","7":"product_cat-feminizadas","9":"first","10":"instock","11":"sale","12":"taxable","13":"shipping-taxable","14":"purchasable","15":"product-type-variable","16":"entry","17":"content-bg","18":"loop-entry"},"brands":[{"id":198,"name":"Advanced Seeds","slug":"advanced-seeds"}],"_links":{"self":[{"href":"https:\/\/puregrowshop.com\/fr\/wp-json\/wp\/v2\/product\/31063","targetHints":{"allow":["GET"]}}],"collection":[{"href":"https:\/\/puregrowshop.com\/fr\/wp-json\/wp\/v2\/product"}],"about":[{"href":"https:\/\/puregrowshop.com\/fr\/wp-json\/wp\/v2\/types\/product"}],"replies":[{"embeddable":true,"href":"https:\/\/puregrowshop.com\/fr\/wp-json\/wp\/v2\/comments?post=31063"}],"wp:featuredmedia":[{"embeddable":true,"href":"https:\/\/puregrowshop.com\/fr\/wp-json\/wp\/v2\/media\/30911"}],"wp:attachment":[{"href":"https:\/\/puregrowshop.com\/fr\/wp-json\/wp\/v2\/media?parent=31063"}],"wp:term":[{"taxonomy":"pwb-brand","embeddable":true,"href":"https:\/\/puregrowshop.com\/fr\/wp-json\/wp\/v2\/pwb-brand?post=31063"},{"taxonomy":"product_brand","embeddable":true,"href":"https:\/\/puregrowshop.com\/fr\/wp-json\/wp\/v2\/product_brand?post=31063"},{"taxonomy":"product_cat","embeddable":true,"href":"https:\/\/puregrowshop.com\/fr\/wp-json\/wp\/v2\/product_cat?post=31063"},{"taxonomy":"product_tag","embeddable":true,"href":"https:\/\/puregrowshop.com\/fr\/wp-json\/wp\/v2\/product_tag?post=31063"}],"curies":[{"name":"wp","href":"https:\/\/api.w.org\/{rel}","templated":true}]}}