{"id":31052,"date":"2025-10-07T12:32:24","date_gmt":"2025-10-07T12:32:24","guid":{"rendered":"https:\/\/puregrowshop.com\/?post_type=product&#038;p=31052"},"modified":"2025-11-21T11:02:28","modified_gmt":"2025-11-21T11:02:28","slug":"strawberry-banana-fast","status":"publish","type":"product","link":"https:\/\/puregrowshop.com\/fr\/strawberry-banana-fast\/","title":{"rendered":"Strawberry Banana Fast"},"content":{"rendered":"<p>Strawberry Banana Fast. Variedad r\u00e1pida que produce unos cogollos con una gran ramificaci\u00f3n y resistencia. Aromas afrutados con ligeros matices \u00e1cidos.<\/p>\n","protected":false},"excerpt":{"rendered":"<p>Strawberry Banana x Auto<br \/>THC: 22%<br \/>Rendimiento: 450 &#8211; 550 g<br \/>Altura interior: 80 &#8211; 100 cm<br \/>Altura Exterior: 1,8 \u2013 2,0 m<br \/>Ciclo de Floraci\u00f3n: 50 &#8211; 55 d\u00edas<br \/>Cosecha: 20 &#8211; 30 Sept.<\/p>\n","protected":false},"featured_media":18818,"comment_status":"open","ping_status":"closed","template":"","meta":{"_bst_post_transparent":"","_bst_post_title":"","_bst_post_layout":"","_bst_post_sidebar_id":"","_bst_post_content_style":"","_bst_post_vertical_padding":"","_bst_post_feature":"","_bst_post_feature_position":"","_bst_post_header":false,"_bst_post_footer":false},"pwb-brand":[198],"product_brand":[],"product_cat":[69],"product_tag":[],"class_list":{"0":"post-31052","1":"product","2":"type-product","3":"status-publish","4":"has-post-thumbnail","6":"pwb-brand-advanced-seeds","7":"product_cat-feminizadas","9":"first","10":"instock","11":"sale","12":"taxable","13":"shipping-taxable","14":"purchasable","15":"product-type-variable","16":"entry","17":"content-bg","18":"loop-entry"},"brands":[{"id":198,"name":"Advanced Seeds","slug":"advanced-seeds"}],"_links":{"self":[{"href":"https:\/\/puregrowshop.com\/fr\/wp-json\/wp\/v2\/product\/31052","targetHints":{"allow":["GET"]}}],"collection":[{"href":"https:\/\/puregrowshop.com\/fr\/wp-json\/wp\/v2\/product"}],"about":[{"href":"https:\/\/puregrowshop.com\/fr\/wp-json\/wp\/v2\/types\/product"}],"replies":[{"embeddable":true,"href":"https:\/\/puregrowshop.com\/fr\/wp-json\/wp\/v2\/comments?post=31052"}],"wp:featuredmedia":[{"embeddable":true,"href":"https:\/\/puregrowshop.com\/fr\/wp-json\/wp\/v2\/media\/18818"}],"wp:attachment":[{"href":"https:\/\/puregrowshop.com\/fr\/wp-json\/wp\/v2\/media?parent=31052"}],"wp:term":[{"taxonomy":"pwb-brand","embeddable":true,"href":"https:\/\/puregrowshop.com\/fr\/wp-json\/wp\/v2\/pwb-brand?post=31052"},{"taxonomy":"product_brand","embeddable":true,"href":"https:\/\/puregrowshop.com\/fr\/wp-json\/wp\/v2\/product_brand?post=31052"},{"taxonomy":"product_cat","embeddable":true,"href":"https:\/\/puregrowshop.com\/fr\/wp-json\/wp\/v2\/product_cat?post=31052"},{"taxonomy":"product_tag","embeddable":true,"href":"https:\/\/puregrowshop.com\/fr\/wp-json\/wp\/v2\/product_tag?post=31052"}],"curies":[{"name":"wp","href":"https:\/\/api.w.org\/{rel}","templated":true}]}}