{"id":30339,"date":"2025-09-25T17:04:45","date_gmt":"2025-09-25T17:04:45","guid":{"rendered":"https:\/\/puregrowshop.com\/armario-s-jardin-hydro-shoot-60-v-2-0-06-x-06-x-16-m\/"},"modified":"2025-11-30T19:09:34","modified_gmt":"2025-11-30T19:09:34","slug":"armario-s-jardin-hydro-shoot-60-v-2-0-06-x-06-x-16-m","status":"publish","type":"product","link":"https:\/\/puregrowshop.com\/fr\/armario-s-jardin-hydro-shoot-60-v-2-0-06-x-06-x-16-m\/","title":{"rendered":"Armario S. Jardin Hydro Shoot 60 V-2.0 &#8211; 0,6 x 0,6 x 1,6 m."},"content":{"rendered":"<p>El Armario S. Jardin Hydro Shoot 60 V-2.0 es la soluci\u00f3n ideal para aquellos que buscan un espacio eficiente y compacto para el cultivo en interiores. Con un dise\u00f1o optimizado para maximizar el crecimiento de tus plantas, este armario ofrece las condiciones perfectas para mantener un ambiente controlado y beneficioso. Adem\u00e1s, cuenta con una estructura resistente que permite una f\u00e1cil instalaci\u00f3n y un acceso c\u00f3modo a tus plantas. Adem\u00e1s, la marca ofrece <a href=\"https:\/\/puregrowshop.com\/armarios-cultivo-interior\/armarios-0-40-m-a-1-00-m\/\">armarios de diferentes medidas peque\u00f1as<\/a>, adapt\u00e1ndose as\u00ed a las necesidades espec\u00edficas de cada cultivador. Este equipamiento no solo asegura un crecimiento saludable, sino que tambi\u00e9n facilita la organizaci\u00f3n y el manejo eficiente de tus cultivos.<\/p>\n<ul>\n<li>Dimensiones: 0,6 x 0,6 x 1,6 m, perfecto para espacios reducidos.<\/li>\n<li>Peso ligero de 4 kg, facilitando su transporte e instalaci\u00f3n.<\/li>\n<li>Estructura robusta que garantiza estabilidad y durabilidad.<\/li>\n<li>Material reflectante de alta calidad que optimiza la luz interna.<\/li>\n<li>Ventilaci\u00f3n ajustable para controlar la temperatura y la humedad.<\/li>\n<\/ul>\n<p>El Armario S. Jardin Hydro Shoot 60 V-2.0 es ideal para cultivadores novatos o con experiencia que buscan maximizar su producci\u00f3n en un espacio peque\u00f1o. Su dise\u00f1o permite un montaje sencillo y r\u00e1pido, asegurando que tus plantas reciban la luz y el aire adecuados para un crecimiento saludable. Adem\u00e1s, su sistema de ventilaci\u00f3n optimizado garantiza una circulaci\u00f3n de aire constante, lo que es crucial para mantener las condiciones ideales. Este armario cultivador compacto y eficiente permite ajustar la altura de las luces seg\u00fan las necesidades de las plantas, facilitando as\u00ed un crecimiento uniforme. Con materiales de alta calidad, es una inversi\u00f3n duradera que te ayudar\u00e1 a conseguir cosechas exitosas una y otra vez.<\/p>\n<p>Fabricado con materiales duraderos y f\u00e1ciles de limpiar, este armario requiere un mantenimiento m\u00ednimo, garantizando un uso prolongado. Su estructura est\u00e1 dise\u00f1ada para soportar el uso diario, haciendo de este producto una inversi\u00f3n valiosa para cualquier entusiasta del cultivo.<\/p>\n","protected":false},"excerpt":{"rendered":"<p>&#8211; Peso: 4.5kg<br \/>&#8211; Dimensiones: 60cm x 60cm x 160cm<br \/>&#8211; Bandeja de agua: WT60<br \/>&#8211; Cristalera: 1x 30&#215;20 mm<br \/>&#8211; Calcetines: 2x Ventilaci\u00f3n \u00d8150mm<br \/>&#8211; Calcetines de cable: 1x Cables \u00d875mm<br \/>&#8211; Barras de apoyo:<br \/>     + 2x Soportes de iluminaci\u00f3n y filtro incluidos, soportando hasta 5kg<br \/>     + Longitud: 60cm<br \/>&#8211; Iluminaci\u00f3n aconsejada:<br \/>     + 1x HPS 250W<br \/>     + 2x LED 200W<br \/>&#8211; Armario de volumen\t0.6m3<br \/>&#8211; Extracci\u00f3n asesorada<br \/>     + HPS\/HOT (Cada 30 a 60 s):<br \/>          + Extracci\u00f3n 70m3\/h<\/p>\n<p>     + LED\/COLD (Cada 1 a 2 min):<br \/>          + Extracci\u00f3n 35m3\/h<\/p>\n","protected":false},"featured_media":21875,"comment_status":"open","ping_status":"closed","template":"","meta":{"_bst_post_transparent":"","_bst_post_title":"","_bst_post_layout":"","_bst_post_sidebar_id":"","_bst_post_content_style":"","_bst_post_vertical_padding":"","_bst_post_feature":"","_bst_post_feature_position":"","_bst_post_header":false,"_bst_post_footer":false},"pwb-brand":[373],"product_brand":[],"product_cat":[244],"product_tag":[],"class_list":{"0":"post-30339","1":"product","2":"type-product","3":"status-publish","4":"has-post-thumbnail","6":"pwb-brand-secret-jardin","7":"product_cat-armarios-0-40-m-a-1-00-m","8":"product_shipping_class-entre-1-kg-y-5-kg","10":"first","11":"instock","12":"sale","13":"taxable","14":"shipping-taxable","15":"purchasable","16":"product-type-simple","17":"entry","18":"content-bg","19":"loop-entry"},"brands":[{"id":373,"name":"Secret Jardin","slug":"secret-jardin"}],"_links":{"self":[{"href":"https:\/\/puregrowshop.com\/fr\/wp-json\/wp\/v2\/product\/30339","targetHints":{"allow":["GET"]}}],"collection":[{"href":"https:\/\/puregrowshop.com\/fr\/wp-json\/wp\/v2\/product"}],"about":[{"href":"https:\/\/puregrowshop.com\/fr\/wp-json\/wp\/v2\/types\/product"}],"replies":[{"embeddable":true,"href":"https:\/\/puregrowshop.com\/fr\/wp-json\/wp\/v2\/comments?post=30339"}],"wp:featuredmedia":[{"embeddable":true,"href":"https:\/\/puregrowshop.com\/fr\/wp-json\/wp\/v2\/media\/21875"}],"wp:attachment":[{"href":"https:\/\/puregrowshop.com\/fr\/wp-json\/wp\/v2\/media?parent=30339"}],"wp:term":[{"taxonomy":"pwb-brand","embeddable":true,"href":"https:\/\/puregrowshop.com\/fr\/wp-json\/wp\/v2\/pwb-brand?post=30339"},{"taxonomy":"product_brand","embeddable":true,"href":"https:\/\/puregrowshop.com\/fr\/wp-json\/wp\/v2\/product_brand?post=30339"},{"taxonomy":"product_cat","embeddable":true,"href":"https:\/\/puregrowshop.com\/fr\/wp-json\/wp\/v2\/product_cat?post=30339"},{"taxonomy":"product_tag","embeddable":true,"href":"https:\/\/puregrowshop.com\/fr\/wp-json\/wp\/v2\/product_tag?post=30339"}],"curies":[{"name":"wp","href":"https:\/\/api.w.org\/{rel}","templated":true}]}}