{"id":30336,"date":"2025-09-25T17:04:44","date_gmt":"2025-09-25T17:04:44","guid":{"rendered":"https:\/\/puregrowshop.com\/armario-s-jardin-hydro-shoot-v-2-0-04-x-04-x-12-m\/"},"modified":"2025-12-19T09:24:49","modified_gmt":"2025-12-19T09:24:49","slug":"armario-s-jardin-hydro-shoot-v-2-0-04-x-04-x-12-m","status":"publish","type":"product","link":"https:\/\/puregrowshop.com\/fr\/armario-s-jardin-hydro-shoot-v-2-0-04-x-04-x-12-m\/","title":{"rendered":"Armario S. Jardin Hydro Shoot V-2.0 &#8211; 0,4 x 0,4 x 1,2 m."},"content":{"rendered":"<p>El Armario S. Jardin Hydro Shoot V-2.0 es la soluci\u00f3n ideal para horticultores que buscan optimizar su espacio de cultivo. Con dimensiones compactas de 0,4 x 0,4 x 1,2 metros, se integra perfectamente en cualquier ambiente, permiti\u00e9ndole cultivar sus plantas con eficiencia y discreci\u00f3n. Adem\u00e1s, su dise\u00f1o inteligente maximiza la circulaci\u00f3n del aire y la iluminaci\u00f3n, garantizando un crecimiento saludable de sus cultivos. Ideal para espacios reducidos, el Armario S. Jardin Hydro Shoot V-2.0 se suma a la variedad de <a href=\"https:\/\/puregrowshop.com\/armarios-cultivo-interior\/armarios-0-40-m-a-1-00-m\/\">armarios peque\u00f1os de 0.40 a 1.00 m<\/a>, ofreciendo opciones vers\u00e1tiles para los horticultores urbanos. No importa si es un principiante o un experto, este armario facilita el cultivo en casa con resultados \u00f3ptimos.<\/p>\n<ul>\n<li>Dimensiones: 0,4 x 0,4 x 1,2 m, ideal para espacios reducidos.<\/li>\n<li>Peso ligero de 3.6 kg, f\u00e1cil de mover y ensamblar.<\/li>\n<li>Estructura robusta y duradera que garantiza una larga vida \u00fatil.<\/li>\n<li>Revestimiento interior reflectante para maximizar la eficiencia lum\u00ednica.<\/li>\n<li>Ventilaci\u00f3n optimizada para asegurar el flujo de aire adecuado.<\/li>\n<li>Cierres herm\u00e9ticos que mantienen el entorno controlado.<\/li>\n<\/ul>\n<p>Este armario no solo es f\u00e1cil de montar, sino que tambi\u00e9n mejora la producci\u00f3n al crear un microclima estable. Su revestimiento reflectante aumenta la efectividad de la luz, promoviendo un crecimiento saludable de las plantas y maximizando sus rendimientos.<\/p>\n<p>Fabricado con materiales de alta calidad, el Hydro Shoot V-2.0 requiere poco mantenimiento y es resistente al desgaste. Es perfecto tanto para cultivadores principiantes como experimentados que buscan un entorno de cultivo controlado y eficiente. Adem\u00e1s, su dise\u00f1o optimiza la circulaci\u00f3n del aire y la luz, lo que favorece el crecimiento de las plantas. Con el <a href=\"https:\/\/puregrowshop.com\/armario-s-jardin-hydro-shoot-60-v-2-0-06-x-06-x-16-m\/\">armario de cultivo hydro shoot 60 V-2.0 &#8211; 0,6 x 0,6 x 1,6 m<\/a>, puedes maximizar tu espacio y obtener cosechas de calidad superior. Su f\u00e1cil montaje y desmontaje lo hacen ideal para cualquier rinc\u00f3n de tu hogar. Adem\u00e1s, las <a href=\"https:\/\/puregrowshop.com\/armario-s-jardin-hydro-shoot-100-v-2-0-1-x-1-x-2-m\/\">caracter\u00edsticas del armario hydro shoot 100 V-2.0 &#8211; 1 x 1 x 2 m<\/a> est\u00e1n dise\u00f1adas para facilitar el manejo y la optimizaci\u00f3n del espacio disponible. Su estructura robusta y ligera permite adaptarse a cualquier tipo de cultivo, garantizando un entorno perfecto para el crecimiento. Con una excelente reflectancia, maximiza la eficiencia de las fuentes de luz, asegurando resultados sorprendentes en cada cosecha.<\/p>\n","protected":false},"excerpt":{"rendered":"<p>Especificaciones T\u00e9cnicas:<br \/>   &#8211; Aguante de los tubos de soporte: 10 kg.<br \/>   &#8211; Interior y exterior de f\u00e1cil lavado.<br \/>   &#8211; Revistimiento interior: 70D Mylar<br \/>   &#8211; Tubos de aluminio (\u00d816mm)<br \/>   &#8211; Orificio de ventilaci\u00f3n \u00d8150mm<br \/>   &#8211; Equipo de luz recomendado: 1x CFL de 85W<br \/>   &#8211; Dimensiones: 40x40x120cm<br \/>   &#8211; Peso: 3kg<\/p>\n","protected":false},"featured_media":21865,"comment_status":"open","ping_status":"closed","template":"","meta":{"_bst_post_transparent":"","_bst_post_title":"","_bst_post_layout":"","_bst_post_sidebar_id":"","_bst_post_content_style":"","_bst_post_vertical_padding":"","_bst_post_feature":"","_bst_post_feature_position":"","_bst_post_header":false,"_bst_post_footer":false},"pwb-brand":[373],"product_brand":[],"product_cat":[244],"product_tag":[],"class_list":{"0":"post-30336","1":"product","2":"type-product","3":"status-publish","4":"has-post-thumbnail","6":"pwb-brand-secret-jardin","7":"product_cat-armarios-0-40-m-a-1-00-m","8":"product_shipping_class-entre-1-kg-y-5-kg","10":"first","11":"instock","12":"sale","13":"taxable","14":"shipping-taxable","15":"purchasable","16":"product-type-simple","17":"entry","18":"content-bg","19":"loop-entry"},"brands":[{"id":373,"name":"Secret Jardin","slug":"secret-jardin"}],"_links":{"self":[{"href":"https:\/\/puregrowshop.com\/fr\/wp-json\/wp\/v2\/product\/30336","targetHints":{"allow":["GET"]}}],"collection":[{"href":"https:\/\/puregrowshop.com\/fr\/wp-json\/wp\/v2\/product"}],"about":[{"href":"https:\/\/puregrowshop.com\/fr\/wp-json\/wp\/v2\/types\/product"}],"replies":[{"embeddable":true,"href":"https:\/\/puregrowshop.com\/fr\/wp-json\/wp\/v2\/comments?post=30336"}],"wp:featuredmedia":[{"embeddable":true,"href":"https:\/\/puregrowshop.com\/fr\/wp-json\/wp\/v2\/media\/21865"}],"wp:attachment":[{"href":"https:\/\/puregrowshop.com\/fr\/wp-json\/wp\/v2\/media?parent=30336"}],"wp:term":[{"taxonomy":"pwb-brand","embeddable":true,"href":"https:\/\/puregrowshop.com\/fr\/wp-json\/wp\/v2\/pwb-brand?post=30336"},{"taxonomy":"product_brand","embeddable":true,"href":"https:\/\/puregrowshop.com\/fr\/wp-json\/wp\/v2\/product_brand?post=30336"},{"taxonomy":"product_cat","embeddable":true,"href":"https:\/\/puregrowshop.com\/fr\/wp-json\/wp\/v2\/product_cat?post=30336"},{"taxonomy":"product_tag","embeddable":true,"href":"https:\/\/puregrowshop.com\/fr\/wp-json\/wp\/v2\/product_tag?post=30336"}],"curies":[{"name":"wp","href":"https:\/\/api.w.org\/{rel}","templated":true}]}}