{"id":30334,"date":"2025-09-25T17:04:43","date_gmt":"2025-09-25T17:04:43","guid":{"rendered":"https:\/\/puregrowshop.com\/armario-lighthouse-lite-10-x-10-x-20-m\/"},"modified":"2025-11-30T19:11:23","modified_gmt":"2025-11-30T19:11:23","slug":"armario-lighthouse-lite-10-x-10-x-20-m","status":"publish","type":"product","link":"https:\/\/puregrowshop.com\/fr\/armario-lighthouse-lite-10-x-10-x-20-m\/","title":{"rendered":"Armario Lighthouse Lite 1,0 x 1,0 x 2,0 m"},"content":{"rendered":"<p>LightHouse\u00ae LITE es un armario econ\u00f3mico para el productor que no quiere detalles superfluous. Cuenta con un bastidor sencillo y ligero con esquinas de nailon, y aberturas para tubos de ventilaci\u00f3n de distintos tama\u00f1os y entradas para cables, todos con forros dobles. Adem\u00e1s, LightHouse\u00ae LITE ofrece la versatilidad necesaria para adaptarse a diversas necesidades de cultivo, permitiendo la creaci\u00f3n de espacios eficaces y funcionales. Los usuarios pueden elegir entre <a href=\"https:\/\/puregrowshop.com\/armarios-cultivo-interior\/armarios-0-40-m-a-1-00-m\/\">armarios peque\u00f1os para cultivo de marihuana<\/a>, garantizando una soluci\u00f3n adecuada para cada tipo de productor. Su dise\u00f1o optimizado tambi\u00e9n facilita un acceso sencillo y una excelente circulaci\u00f3n de aire, mejorando as\u00ed las condiciones de crecimiento para las plantas.<\/p>\n","protected":false},"excerpt":{"rendered":"<p>Caracter\u00edsticas principales de LightHouse\u00ae LITE:<\/p>\n<p>Material tricapa de 210 denier con forro reflectante especial LightHouse\u00ae UltraLux<br \/>Cremalleras dobles de gran calidad Tivax, f\u00e1ciles de utilizar, antienganche y con una buena resistencia a la luz<br \/>Bastidor principal con postes de acero de 16 mm y esquinas de nailon<br \/>Bandeja insertable resistente al agua de una sola pieza<br \/>Todas las mangas de las aberturas para cables y de entrada\/salida de aire son de doble forro y herm\u00e9ticas a la luz, contando con cordones ajustables en cada forro<br \/>2 x tiras de filtro<br \/>Ganchos en todas las puertas para su sujeci\u00f3n cuando est\u00e1n abiertas<br \/>Tama\u00f1o: 1 m x 1 m x 2 m<\/p>\n<p>La salida del aire se produce a trav\u00e9s del techo mediante una manga de 250 mm (10\u201d)<\/p>\n<p>2 x mangas en l\u00ednea de 250 mm (10\u201d) para usar con iluminaci\u00f3n refrigerada<\/p>\n<p>3 x rejillas de ventilaci\u00f3n pasiva de malla fina (anti\u00e1caros) situados en la base con cubiertas que ofrecen resistencia a la luz cuando no se est\u00e1n usando<\/p>\n","protected":false},"featured_media":21857,"comment_status":"open","ping_status":"closed","template":"","meta":{"_bst_post_transparent":"","_bst_post_title":"","_bst_post_layout":"","_bst_post_sidebar_id":"","_bst_post_content_style":"","_bst_post_vertical_padding":"","_bst_post_feature":"","_bst_post_feature_position":"","_bst_post_header":false,"_bst_post_footer":false},"pwb-brand":[376],"product_brand":[],"product_cat":[244],"product_tag":[],"class_list":{"0":"post-30334","1":"product","2":"type-product","3":"status-publish","4":"has-post-thumbnail","6":"pwb-brand-lighthouse","7":"product_cat-armarios-0-40-m-a-1-00-m","8":"product_shipping_class-entre-10-kg-y-20-kg","10":"first","11":"outofstock","12":"sale","13":"taxable","14":"shipping-taxable","15":"purchasable","16":"product-type-simple","17":"entry","18":"content-bg","19":"loop-entry"},"brands":[{"id":376,"name":"Lighthouse","slug":"lighthouse"}],"_links":{"self":[{"href":"https:\/\/puregrowshop.com\/fr\/wp-json\/wp\/v2\/product\/30334","targetHints":{"allow":["GET"]}}],"collection":[{"href":"https:\/\/puregrowshop.com\/fr\/wp-json\/wp\/v2\/product"}],"about":[{"href":"https:\/\/puregrowshop.com\/fr\/wp-json\/wp\/v2\/types\/product"}],"replies":[{"embeddable":true,"href":"https:\/\/puregrowshop.com\/fr\/wp-json\/wp\/v2\/comments?post=30334"}],"wp:featuredmedia":[{"embeddable":true,"href":"https:\/\/puregrowshop.com\/fr\/wp-json\/wp\/v2\/media\/21857"}],"wp:attachment":[{"href":"https:\/\/puregrowshop.com\/fr\/wp-json\/wp\/v2\/media?parent=30334"}],"wp:term":[{"taxonomy":"pwb-brand","embeddable":true,"href":"https:\/\/puregrowshop.com\/fr\/wp-json\/wp\/v2\/pwb-brand?post=30334"},{"taxonomy":"product_brand","embeddable":true,"href":"https:\/\/puregrowshop.com\/fr\/wp-json\/wp\/v2\/product_brand?post=30334"},{"taxonomy":"product_cat","embeddable":true,"href":"https:\/\/puregrowshop.com\/fr\/wp-json\/wp\/v2\/product_cat?post=30334"},{"taxonomy":"product_tag","embeddable":true,"href":"https:\/\/puregrowshop.com\/fr\/wp-json\/wp\/v2\/product_tag?post=30334"}],"curies":[{"name":"wp","href":"https:\/\/api.w.org\/{rel}","templated":true}]}}