{"id":30333,"date":"2025-09-25T17:04:42","date_gmt":"2025-09-25T17:04:42","guid":{"rendered":"https:\/\/puregrowshop.com\/armario-secret-jardin-dark-propagator-r-4-0-09-x-06-x-1m\/"},"modified":"2026-02-12T09:23:45","modified_gmt":"2026-02-12T09:23:45","slug":"armario-secret-jardin-dark-propagator-r-4-0-09-x-06-x-1m","status":"publish","type":"product","link":"https:\/\/puregrowshop.com\/fr\/armario-secret-jardin-dark-propagator-r-4-0-09-x-06-x-1m\/","title":{"rendered":"Armario Secret Jardin Dark Propagator R-4.0 &#8211; 0,9 x 0,6 x 1m"},"content":{"rendered":"<p>El armario Dark Propagator de Secret Jardin es un peque\u00f1o armario de propagaci\u00f3n 100% opaco a prueba de contaminaci\u00f3n lum\u00ednica. Estos armarios pueden contener esquejes y pueden ser equipados con reflectores Tneon o iluminaci\u00f3n TLED. Estos armarios de propagaci\u00f3n est\u00e1n disponibles en diversas dimensiones, con opciones de <a href=\"https:\/\/puregrowshop.com\/armarios-cultivo-interior\/armarios-0-40-m-a-1-00-m\/\">armarios de cultivo interior peque\u00f1os<\/a>, lo que permite adaptarse a diferentes espacios y necesidades de cultivo. Su dise\u00f1o eficiente no solo protege las plantas de la luz externa, sino que tambi\u00e9n optimiza el crecimiento a trav\u00e9s de una distribuci\u00f3n uniforme de la luz. Los usuarios pueden personalizar el interior seg\u00fan sus requerimientos, haciendo que el armario sea una soluci\u00f3n vers\u00e1til para tanto principiantes como cultivadores experimentados.<\/p>\n<p>El material transpirable del que est\u00e1n confeccionados proporcionan temperatura y humedad homog\u00e9nea en todo el armario. Aunque est\u00e1n especialmente indicados para propagaci\u00f3n, estos armarios pueden usarse tambi\u00e9n para el crecimiento y floraci\u00f3n de plantas peque\u00f1as.<\/p>\n","protected":false},"excerpt":{"rendered":"<p>&#8211; Interior 100% de Mylar 190T.<\/p>\n<p>&#8211; Estructura fuerte de 16 mm. de di\u00e1metro.<\/p>\n<p>&#8211; Entradas y salidas de extractores de 150 mm.<\/p>\n","protected":false},"featured_media":21852,"comment_status":"open","ping_status":"closed","template":"","meta":{"_bst_post_transparent":"","_bst_post_title":"","_bst_post_layout":"","_bst_post_sidebar_id":"","_bst_post_content_style":"","_bst_post_vertical_padding":"","_bst_post_feature":"","_bst_post_feature_position":"","_bst_post_header":false,"_bst_post_footer":false},"pwb-brand":[373],"product_brand":[],"product_cat":[244],"product_tag":[],"class_list":{"0":"post-30333","1":"product","2":"type-product","3":"status-publish","4":"has-post-thumbnail","6":"pwb-brand-secret-jardin","7":"product_cat-armarios-0-40-m-a-1-00-m","8":"product_shipping_class-entre-5-kg-y-10-kg","10":"first","11":"instock","12":"sale","13":"taxable","14":"shipping-taxable","15":"purchasable","16":"product-type-simple","17":"entry","18":"content-bg","19":"loop-entry"},"brands":[{"id":373,"name":"Secret Jardin","slug":"secret-jardin"}],"_links":{"self":[{"href":"https:\/\/puregrowshop.com\/fr\/wp-json\/wp\/v2\/product\/30333","targetHints":{"allow":["GET"]}}],"collection":[{"href":"https:\/\/puregrowshop.com\/fr\/wp-json\/wp\/v2\/product"}],"about":[{"href":"https:\/\/puregrowshop.com\/fr\/wp-json\/wp\/v2\/types\/product"}],"replies":[{"embeddable":true,"href":"https:\/\/puregrowshop.com\/fr\/wp-json\/wp\/v2\/comments?post=30333"}],"wp:featuredmedia":[{"embeddable":true,"href":"https:\/\/puregrowshop.com\/fr\/wp-json\/wp\/v2\/media\/21852"}],"wp:attachment":[{"href":"https:\/\/puregrowshop.com\/fr\/wp-json\/wp\/v2\/media?parent=30333"}],"wp:term":[{"taxonomy":"pwb-brand","embeddable":true,"href":"https:\/\/puregrowshop.com\/fr\/wp-json\/wp\/v2\/pwb-brand?post=30333"},{"taxonomy":"product_brand","embeddable":true,"href":"https:\/\/puregrowshop.com\/fr\/wp-json\/wp\/v2\/product_brand?post=30333"},{"taxonomy":"product_cat","embeddable":true,"href":"https:\/\/puregrowshop.com\/fr\/wp-json\/wp\/v2\/product_cat?post=30333"},{"taxonomy":"product_tag","embeddable":true,"href":"https:\/\/puregrowshop.com\/fr\/wp-json\/wp\/v2\/product_tag?post=30333"}],"curies":[{"name":"wp","href":"https:\/\/api.w.org\/{rel}","templated":true}]}}