{"id":30330,"date":"2025-09-25T17:04:41","date_gmt":"2025-09-25T17:04:41","guid":{"rendered":"https:\/\/puregrowshop.com\/armario-cultibox-sg-combi-08-x-08-x-16-m\/"},"modified":"2025-09-29T15:11:36","modified_gmt":"2025-09-29T15:11:36","slug":"armario-cultibox-sg-combi-08-x-08-x-16-m","status":"publish","type":"product","link":"https:\/\/puregrowshop.com\/fr\/armario-cultibox-sg-combi-08-x-08-x-16-m\/","title":{"rendered":"Armario Cultibox SG Combi 0,8 x 0,8 x 1,6 m."},"content":{"rendered":"<p>Te permite aumentar la superficie de cultivo todo lo que necesites, uni\u00e9ndolo a otros armarios SG-Combi. Se ampl\u00eda de forma muy sencilla y variada, jugando con las cremalleras que dispone en tres de sus laterales.<br \/>Tiene una estructura met\u00e1lica de gran resistencia. Est\u00e1 fabricado en lona de alta calidad con el interior de un brillante metal rugoso (reflexi\u00f3n >95%). <br \/>Tiene bocas para intracci\u00f3n y extracci\u00f3n, suelo reflectante y hasta un malet\u00edn de transporte.<\/p>\n","protected":false},"excerpt":{"rendered":"<p>&#8211; Interior: Reflectante Diamond<br \/>&#8211; Varias bocas de aire ajustables <br \/>&#8211; Rejillas de ventilaci\u00f3n<br \/>&#8211; Aperturas especiales para instalacion de sistemas de riego u otros <br \/>&#8211; Malet\u00edn de transporte<br \/>&#8211; Medidas: 80 x 80 x 160 cm<br \/>&#8211; Laterales y parte trasera con cremalleras, a excepci\u00f3n de la puerta, sus paredes pueden retirarse para unirlo a &#8211; &#8211; Otro armario Cultibox SG Combi del mismo tama\u00f1o.<\/p>\n","protected":false},"featured_media":21840,"comment_status":"open","ping_status":"closed","template":"","meta":{"_bst_post_transparent":"","_bst_post_title":"","_bst_post_layout":"","_bst_post_sidebar_id":"","_bst_post_content_style":"","_bst_post_vertical_padding":"","_bst_post_feature":"","_bst_post_feature_position":"","_bst_post_header":false,"_bst_post_footer":false},"pwb-brand":[374],"product_brand":[],"product_cat":[244],"product_tag":[],"class_list":{"0":"post-30330","1":"product","2":"type-product","3":"status-publish","4":"has-post-thumbnail","6":"pwb-brand-cultibox","7":"product_cat-armarios-0-40-m-a-1-00-m","8":"product_shipping_class-entre-5-kg-y-10-kg","10":"first","11":"instock","12":"sale","13":"taxable","14":"shipping-taxable","15":"purchasable","16":"product-type-simple","17":"entry","18":"content-bg","19":"loop-entry"},"brands":[{"id":374,"name":"Cultibox","slug":"cultibox"}],"_links":{"self":[{"href":"https:\/\/puregrowshop.com\/fr\/wp-json\/wp\/v2\/product\/30330","targetHints":{"allow":["GET"]}}],"collection":[{"href":"https:\/\/puregrowshop.com\/fr\/wp-json\/wp\/v2\/product"}],"about":[{"href":"https:\/\/puregrowshop.com\/fr\/wp-json\/wp\/v2\/types\/product"}],"replies":[{"embeddable":true,"href":"https:\/\/puregrowshop.com\/fr\/wp-json\/wp\/v2\/comments?post=30330"}],"wp:featuredmedia":[{"embeddable":true,"href":"https:\/\/puregrowshop.com\/fr\/wp-json\/wp\/v2\/media\/21840"}],"wp:attachment":[{"href":"https:\/\/puregrowshop.com\/fr\/wp-json\/wp\/v2\/media?parent=30330"}],"wp:term":[{"taxonomy":"pwb-brand","embeddable":true,"href":"https:\/\/puregrowshop.com\/fr\/wp-json\/wp\/v2\/pwb-brand?post=30330"},{"taxonomy":"product_brand","embeddable":true,"href":"https:\/\/puregrowshop.com\/fr\/wp-json\/wp\/v2\/product_brand?post=30330"},{"taxonomy":"product_cat","embeddable":true,"href":"https:\/\/puregrowshop.com\/fr\/wp-json\/wp\/v2\/product_cat?post=30330"},{"taxonomy":"product_tag","embeddable":true,"href":"https:\/\/puregrowshop.com\/fr\/wp-json\/wp\/v2\/product_tag?post=30330"}],"curies":[{"name":"wp","href":"https:\/\/api.w.org\/{rel}","templated":true}]}}