{"id":30322,"date":"2025-09-25T17:04:38","date_gmt":"2025-09-25T17:04:38","guid":{"rendered":"https:\/\/puregrowshop.com\/armario-secret-jardin-dark-room-300-wide-r4-0-3-x-15-x-22-m-2-cajas\/"},"modified":"2025-09-25T17:19:22","modified_gmt":"2025-09-25T17:19:22","slug":"armario-secret-jardin-dark-room-300-wide-r4-0-3-x-15-x-22-m-2-cajas","status":"publish","type":"product","link":"https:\/\/puregrowshop.com\/fr\/armario-secret-jardin-dark-room-300-wide-r4-0-3-x-15-x-22-m-2-cajas\/","title":{"rendered":"Armario Secret Jardin Dark Room 300 Wide R4.0 &#8211; 3 x 1,5 x 2,2 m. 2 Cajas"},"content":{"rendered":"<p>&#8211; Referencia: DR300W<br \/>&#8211; Peso: 42.9kg<br \/>&#8211; Dimensiones: 297cm x 150cm x 217cm<br \/>&#8211; Red de sujecion: 1x WebIT300W<br \/>&#8211; Water Tray Liner (extra\u00edble): 1x WTL300W<br \/>&#8211; Brida de conducto: 2x Soporte \u00d8250mm<br \/>&#8211; 2x Conector: \u00d8250mm<\/p>\n<p>&#8211; Cable Flange: 3x CF7 \u00d870mm<br \/>&#8211; Barras de apoyo: 5x Soportes de iluminaci\u00f3n y filtro incluidos, que soportan hasta 20kg<br \/>&#8211; Longitud: 150cm<br \/>&#8211; Accesorios incluidos: 1x Par de StrapIT &#8211; Correa para filtro<br \/>&#8211; 2x Par HookIT &#8211; Ganchos para iluminaci\u00f3n<br \/>&#8211; 40x CableIT &#8211; Clips para cables y redes<br \/>&#8211; 1x PocketIT &#8211; Bolsa de herramientas con altura ajustable<br \/>&#8211; 1x kit space booster &#8211; https:\/\/www.youtube.com\/watch?v=0UoOou46AwQ<br \/>&#8211; Iluminaci\u00f3n aconsejada: 2x HPS 1000W<br \/>&#8211; 2x LED960<br \/>&#8211; Volumen del armario: 9.7m3<br \/>&#8211; Extracci\u00f3n asesorada: HPS\/HOT (Cada 30 a 60 s):<br \/>     &#8211; Extracci\u00f3n: 1160m3\/h<br \/>     &#8211; Intracci\u00f3n: 580m3\/h<\/p>\n<p>&#8211; LED\/COLD (Cada 1 a 2 min):<br \/>     &#8211; Extracci\u00f3n 580m3\/h<br \/>     &#8211; Admisi\u00f3n 290m3\/h<\/p>\n","protected":false},"excerpt":{"rendered":"<p>Los armarios Secret Jardin Dark Room R4.00 son armarios de cultivo profesionales que est\u00e1n forrados con un tejido de Mylar 210D con efecto estucado que refleja el 95% de la luz, distribuy\u00e9ndola de manera homog\u00e9nea y evitando los &#8216;puntos calientes&#8217;.<\/p>\n","protected":false},"featured_media":21820,"comment_status":"open","ping_status":"closed","template":"","meta":{"_bst_post_transparent":"","_bst_post_title":"","_bst_post_layout":"","_bst_post_sidebar_id":"","_bst_post_content_style":"","_bst_post_vertical_padding":"","_bst_post_feature":"","_bst_post_feature_position":"","_bst_post_header":false,"_bst_post_footer":false},"pwb-brand":[373],"product_brand":[],"product_cat":[243],"product_tag":[],"class_list":{"0":"post-30322","1":"product","2":"type-product","3":"status-publish","4":"has-post-thumbnail","6":"pwb-brand-secret-jardin","7":"product_cat-armarios-1-20-m-a-3-00-m","9":"first","10":"outofstock","11":"sale","12":"taxable","13":"shipping-taxable","14":"purchasable","15":"product-type-simple","16":"entry","17":"content-bg","18":"loop-entry"},"brands":[{"id":373,"name":"Secret Jardin","slug":"secret-jardin"}],"_links":{"self":[{"href":"https:\/\/puregrowshop.com\/fr\/wp-json\/wp\/v2\/product\/30322","targetHints":{"allow":["GET"]}}],"collection":[{"href":"https:\/\/puregrowshop.com\/fr\/wp-json\/wp\/v2\/product"}],"about":[{"href":"https:\/\/puregrowshop.com\/fr\/wp-json\/wp\/v2\/types\/product"}],"replies":[{"embeddable":true,"href":"https:\/\/puregrowshop.com\/fr\/wp-json\/wp\/v2\/comments?post=30322"}],"wp:featuredmedia":[{"embeddable":true,"href":"https:\/\/puregrowshop.com\/fr\/wp-json\/wp\/v2\/media\/21820"}],"wp:attachment":[{"href":"https:\/\/puregrowshop.com\/fr\/wp-json\/wp\/v2\/media?parent=30322"}],"wp:term":[{"taxonomy":"pwb-brand","embeddable":true,"href":"https:\/\/puregrowshop.com\/fr\/wp-json\/wp\/v2\/pwb-brand?post=30322"},{"taxonomy":"product_brand","embeddable":true,"href":"https:\/\/puregrowshop.com\/fr\/wp-json\/wp\/v2\/product_brand?post=30322"},{"taxonomy":"product_cat","embeddable":true,"href":"https:\/\/puregrowshop.com\/fr\/wp-json\/wp\/v2\/product_cat?post=30322"},{"taxonomy":"product_tag","embeddable":true,"href":"https:\/\/puregrowshop.com\/fr\/wp-json\/wp\/v2\/product_tag?post=30322"}],"curies":[{"name":"wp","href":"https:\/\/api.w.org\/{rel}","templated":true}]}}