{"id":30320,"date":"2025-09-25T17:04:37","date_gmt":"2025-09-25T17:04:37","guid":{"rendered":"https:\/\/puregrowshop.com\/armario-secret-jardin-dark-room-r4-0-2-4-x-2-4-x-2-0-m-2-cajas\/"},"modified":"2025-09-29T15:37:39","modified_gmt":"2025-09-29T15:37:39","slug":"armario-secret-jardin-dark-room-r4-0-2-4-x-2-4-x-2-0-m-2-cajas","status":"publish","type":"product","link":"https:\/\/puregrowshop.com\/fr\/armario-secret-jardin-dark-room-r4-0-2-4-x-2-4-x-2-0-m-2-cajas\/","title":{"rendered":"Armario Secret Jardin Dark Room R4.0 &#8211; 2.4 x 2.4 x 2.0 m. (2 cajas)"},"content":{"rendered":"<p>Las caracter\u00edsticas de \u00e9stos nuevos armarios son:<\/p>\n<p>Interior plateado de\u00a0alta reflexi\u00f3n\u00a0y calidad,\u00a0con un mejor acabado y una mayor hermeticidad a la luz.<br \/>Mayor simplicidad y grosor de los tubos que forman la estructura, consiguiendo un 50% m\u00e1s de\u00a0rigidez.<br \/>Nuevas &#8216;esquinas&#8217; t\u00e9cnicas en polipropileno de mayor calidad.<br \/>Nuevo interior y suelo\u00a0de alta reflexi\u00f3n &#8216;mylar&#8217; con una reflexi\u00f3n del 95%.<br \/>Producido con material anti-olores, f\u00e1cil de limpiar y m\u00e1s resistente.<br \/>Bolsa para el tranporte del armario y los tubos met\u00e1licos.<\/p>\n","protected":false},"excerpt":{"rendered":"<p>El\u00a0Armario Dark Room REV 3.0\u00a0pertenece a la \u00faltima versi\u00f3n de Dark Room que a su vez es la gama alta de Secret Jard\u00edn, l\u00edderes en armarios de cultivo. La nueva gama de armarios Dark Room REV 3.0 posee nuevas ventajas respecto a los modelos anteriores, haciendo que el cultivo en interior sea mucho mas sencillo.<\/p>\n","protected":false},"featured_media":21803,"comment_status":"open","ping_status":"closed","template":"","meta":{"_bst_post_transparent":"","_bst_post_title":"","_bst_post_layout":"","_bst_post_sidebar_id":"","_bst_post_content_style":"","_bst_post_vertical_padding":"","_bst_post_feature":"","_bst_post_feature_position":"","_bst_post_header":false,"_bst_post_footer":false},"pwb-brand":[373],"product_brand":[],"product_cat":[243],"product_tag":[],"class_list":{"0":"post-30320","1":"product","2":"type-product","3":"status-publish","4":"has-post-thumbnail","6":"pwb-brand-secret-jardin","7":"product_cat-armarios-1-20-m-a-3-00-m","8":"product_shipping_class-entre-20-kg-y-30-kg","10":"first","11":"outofstock","12":"sale","13":"taxable","14":"shipping-taxable","15":"purchasable","16":"product-type-simple","17":"entry","18":"content-bg","19":"loop-entry"},"brands":[{"id":373,"name":"Secret Jardin","slug":"secret-jardin"}],"_links":{"self":[{"href":"https:\/\/puregrowshop.com\/fr\/wp-json\/wp\/v2\/product\/30320","targetHints":{"allow":["GET"]}}],"collection":[{"href":"https:\/\/puregrowshop.com\/fr\/wp-json\/wp\/v2\/product"}],"about":[{"href":"https:\/\/puregrowshop.com\/fr\/wp-json\/wp\/v2\/types\/product"}],"replies":[{"embeddable":true,"href":"https:\/\/puregrowshop.com\/fr\/wp-json\/wp\/v2\/comments?post=30320"}],"wp:featuredmedia":[{"embeddable":true,"href":"https:\/\/puregrowshop.com\/fr\/wp-json\/wp\/v2\/media\/21803"}],"wp:attachment":[{"href":"https:\/\/puregrowshop.com\/fr\/wp-json\/wp\/v2\/media?parent=30320"}],"wp:term":[{"taxonomy":"pwb-brand","embeddable":true,"href":"https:\/\/puregrowshop.com\/fr\/wp-json\/wp\/v2\/pwb-brand?post=30320"},{"taxonomy":"product_brand","embeddable":true,"href":"https:\/\/puregrowshop.com\/fr\/wp-json\/wp\/v2\/product_brand?post=30320"},{"taxonomy":"product_cat","embeddable":true,"href":"https:\/\/puregrowshop.com\/fr\/wp-json\/wp\/v2\/product_cat?post=30320"},{"taxonomy":"product_tag","embeddable":true,"href":"https:\/\/puregrowshop.com\/fr\/wp-json\/wp\/v2\/product_tag?post=30320"}],"curies":[{"name":"wp","href":"https:\/\/api.w.org\/{rel}","templated":true}]}}