{"id":29921,"date":"2025-06-02T12:50:56","date_gmt":"2025-06-02T12:50:56","guid":{"rendered":"https:\/\/puregrowshop.com\/?post_type=product&#038;p=29921"},"modified":"2025-11-21T11:03:50","modified_gmt":"2025-11-21T11:03:50","slug":"purple-boost-highness-fem-anesia","status":"publish","type":"product","link":"https:\/\/puregrowshop.com\/fr\/purple-boost-highness-fem-anesia\/","title":{"rendered":"Purple Boost Highness feminizada Anesia Seeds"},"content":{"rendered":"<p>Esta variedad presenta un <strong>THCV entre 5-12%<\/strong> y un <strong>THC promedio del 28%<\/strong>, lo que la convierte en una cepa especial con beneficios tanto recreativos como medicinales. Su efecto es estimulante pero equilibrado, con un inicio energizante y una claridad cerebral que perdura durante toda la experiencia, favoreciendo la motivaci\u00f3n, la concentraci\u00f3n y un enfoque mental claro.<\/p>\n<p>El efecto comienza en la cabeza con una sensaci\u00f3n de felicidad que te envuelve por completo, transport\u00e1ndote a un estado de <strong>serenidad mental y ligereza<\/strong>. Libera la mente de pensamientos negativos y potencia la creatividad sin l\u00edmites. El cuerpo se siente relajado y ligero, mientras la sociabilidad y la comunicaci\u00f3n se intensifican hasta llegar a un momento en que la mente se sumerge en profundas reflexiones internas. <strong>Purple Boost Highness<\/strong> expande los sentidos, haciendo que colores, sonidos y m\u00fasica cobren una nueva dimensi\u00f3n y profundidad.<\/p>\n<p><strong>Aroma y sabor<\/strong><\/p>\n<p>Los cogollos destacan por su aroma dulce e intenso a <strong>bayas, uvas<\/strong> y un toque c\u00edtrico de <strong>lim\u00f3n<\/strong>. Son densos, grandes y cubiertos por una espesa capa de <strong>tricomas cristalinos dorados y blancos<\/strong>, que prometen una experiencia rica y potente.<\/p>\n<p><strong>Cultivo y rendimiento<\/strong><\/p>\n<p>Esta variedad es fotoperi\u00f3dica y tiene un tiempo de floraci\u00f3n de <strong>10 a 11 semanas<\/strong>. Aunque es un poco m\u00e1s larga que otras, la espera vale la pena por una cosecha premium con efectos \u00fanicos y excepcionales. Las plantas pueden alcanzar un tama\u00f1o considerable, por lo que se recomienda inducir la floraci\u00f3n temprano cuando se cultiva en interior.<\/p>\n<p><strong>Purple Boost Highness<\/strong> responde muy bien a t\u00e9cnicas de cultivo como <strong>topping, fimming y SOG (Sea of Green)<\/strong>. Tras comenzar la floraci\u00f3n, las plantas contin\u00faan estir\u00e1ndose por aproximadamente dos semanas, desarrollando grandes cogollos redondeados y densos con una producci\u00f3n de resina sobresaliente.<\/p>\n<p>El rendimiento es excelente, con cosechas de <strong>550 a 600 g\/m\u00b2<\/strong> en interior bajo diferentes m\u00e9todos y condiciones. En exterior, es recomendable cultivar en zonas con buena circulaci\u00f3n de aire para evitar problemas de humedad y moho, retirando hojas estrat\u00e9gicamente para mejorar la ventilaci\u00f3n y penetraci\u00f3n de luz.<\/p>\n<p>Para controlar la altura en interior, es \u00fatil aplicar t\u00e9cnicas de estr\u00e9s bajo o alto para moldear la planta a la altura deseada. Se debe tener cuidado con las temperaturas, ya que un calor excesivo puede provocar la formaci\u00f3n de cogollos con forma de cola de zorro (foxtail).<\/p>\n<p><strong>Efectos terap\u00e9uticos<\/strong><\/p>\n<p>La combinaci\u00f3n de altos niveles de <strong>THC<\/strong> y <strong>THCV<\/strong> hacen de <strong>Purple Boost Highness<\/strong> una opci\u00f3n excelente para aliviar condiciones como <strong>fatiga cr\u00f3nica, depresi\u00f3n, cambios de humor, estr\u00e9s cr\u00f3nico, n\u00e1useas, falta de apetito<\/strong> o <strong>TDAH (ADHD)<\/strong>, brindando un apoyo integral tanto para el bienestar f\u00edsico como mental.<\/p>\n<p><strong>Caracter\u00edsticas principales<\/strong><\/p>\n<ul>\n<li><strong>Gen\u00e9tica:<\/strong> 70% Sativa \/ 30% Indica (Dankberry x Star Pebbles)<\/li>\n<li><strong>THC:<\/strong> 28%<\/li>\n<li><strong>THCV:<\/strong> 5-12%<\/li>\n<li><strong>Efectos:<\/strong> felicidad, serenidad mental, creatividad, energ\u00eda, sociabilidad<\/li>\n<li><strong>Aroma y sabor:<\/strong> bayas, uva, toque de lim\u00f3n<\/li>\n<li><strong>Floraci\u00f3n:<\/strong> 10-11 semanas<\/li>\n<li><strong>Altura:<\/strong> 100-140 cm (interior), 160-220 cm (exterior)<\/li>\n<li><strong>Producci\u00f3n:<\/strong> 550-600 g\/m\u00b2 (interior), 900-1200 g\/planta (exterior)<\/li>\n<li><strong>Usos medicinales:<\/strong> fatiga cr\u00f3nica, depresi\u00f3n, estr\u00e9s, n\u00e1useas, TDAH<\/li>\n<li><strong>Ideal para:<\/strong> cultivadores que buscan calidad, efectos y rendimiento alto<\/li>\n<\/ul>\n","protected":false},"excerpt":{"rendered":"<p>Purple Boost Highness es un h\u00edbrido sativa dominante (70% Sativa \/ 30% Indica), fruto del cruce entre Dankberry y Star Pebbles, dos variedades potentes y vers\u00e1tiles. A trav\u00e9s de un riguroso proceso de selecci\u00f3n, se eligieron plantas con un contenido particularmente alto de THCV y un s\u00f3lido nivel de THC, logrando una variedad que combina lo mejor de ambos mundos: potencia, un efecto \u00fanico y una producci\u00f3n generosa de cogollos sabrosos y arom\u00e1ticos.<\/p>\n","protected":false},"featured_media":29937,"comment_status":"open","ping_status":"closed","template":"","meta":{"_bst_post_transparent":"","_bst_post_title":"","_bst_post_layout":"","_bst_post_sidebar_id":"","_bst_post_content_style":"","_bst_post_vertical_padding":"","_bst_post_feature":"","_bst_post_feature_position":"","_bst_post_header":false,"_bst_post_footer":false},"pwb-brand":[362],"product_brand":[],"product_cat":[69],"product_tag":[],"class_list":{"0":"post-29921","1":"product","2":"type-product","3":"status-publish","4":"has-post-thumbnail","6":"pwb-brand-anesia-seeds","7":"product_cat-feminizadas","9":"first","10":"instock","11":"sale","12":"taxable","13":"shipping-taxable","14":"purchasable","15":"product-type-variable","16":"entry","17":"content-bg","18":"loop-entry"},"brands":[{"id":362,"name":"Anesia Seeds","slug":"anesia-seeds"}],"_links":{"self":[{"href":"https:\/\/puregrowshop.com\/fr\/wp-json\/wp\/v2\/product\/29921","targetHints":{"allow":["GET"]}}],"collection":[{"href":"https:\/\/puregrowshop.com\/fr\/wp-json\/wp\/v2\/product"}],"about":[{"href":"https:\/\/puregrowshop.com\/fr\/wp-json\/wp\/v2\/types\/product"}],"replies":[{"embeddable":true,"href":"https:\/\/puregrowshop.com\/fr\/wp-json\/wp\/v2\/comments?post=29921"}],"wp:featuredmedia":[{"embeddable":true,"href":"https:\/\/puregrowshop.com\/fr\/wp-json\/wp\/v2\/media\/29937"}],"wp:attachment":[{"href":"https:\/\/puregrowshop.com\/fr\/wp-json\/wp\/v2\/media?parent=29921"}],"wp:term":[{"taxonomy":"pwb-brand","embeddable":true,"href":"https:\/\/puregrowshop.com\/fr\/wp-json\/wp\/v2\/pwb-brand?post=29921"},{"taxonomy":"product_brand","embeddable":true,"href":"https:\/\/puregrowshop.com\/fr\/wp-json\/wp\/v2\/product_brand?post=29921"},{"taxonomy":"product_cat","embeddable":true,"href":"https:\/\/puregrowshop.com\/fr\/wp-json\/wp\/v2\/product_cat?post=29921"},{"taxonomy":"product_tag","embeddable":true,"href":"https:\/\/puregrowshop.com\/fr\/wp-json\/wp\/v2\/product_tag?post=29921"}],"curies":[{"name":"wp","href":"https:\/\/api.w.org\/{rel}","templated":true}]}}