{"id":29265,"date":"2025-03-02T18:12:06","date_gmt":"2025-03-02T18:12:06","guid":{"rendered":"https:\/\/puregrowshop.com\/?post_type=product&#038;p=29265"},"modified":"2025-11-21T11:05:19","modified_gmt":"2025-11-21T11:05:19","slug":"think-fast-fem-dutch-passion","status":"publish","type":"product","link":"https:\/\/puregrowshop.com\/fr\/think-fast-fem-dutch-passion\/","title":{"rendered":"Think Fast feminizada Dutch Passion"},"content":{"rendered":"<p>El descendiente de primera generaci\u00f3n, que normalmente se utiliza para futuras reproducciones, se dej\u00f3 florecer y proporcion\u00f3 unos resultados sorprendentemente buenos. Al cruzar una variedad autofloreciente con una variedad fotoperi\u00f3dica tradicional, ninguno de estos reto\u00f1os ser\u00e1 autofloreciente. Los expertos en gen\u00e9tica de Dutch Passion descubrieron que estas plantas no florecientes, que llevan el gen autofloreciente recesivo, son mucho m\u00e1s r\u00e1pidas que sus progenitores fotoperi\u00f3dicos.<\/p>\n<p>La Think Fast\u00ae a\u00fan necesita un sistema de luz 12\/12 para empezar a florecer pero crece m\u00e1s ancha y m\u00e1s alta de forma m\u00e1s r\u00e1pida. Con esta caracter\u00edstica, es posible cultivar variedades fotoperi\u00f3dicas grandes y potentes con la misma rapidez que una autofloreciente. Se puede cultivar en el exterior y en el interior y alcanza la altura de una variedad fotoperi\u00f3dica, pero est\u00e1 lista para la cosecha unas cuantas semanas antes. La Think Fast\u00ae hered\u00f3 los sorprendentes y enormes rendimientos de nuestra variedad cl\u00e1sica Power Plant y es casi tan r\u00e1pida y f\u00e1cil de cultivar como la legendaria Think Different.<\/p>\n","protected":false},"excerpt":{"rendered":"<p>Think Different X Power Plant<br \/>Dutch Passion se enorgullece de presentar la versi\u00f3n no autofloreciente de la legendaria Think Different.<\/p>\n<p>La Think Fast\u00ae se cre\u00f3 a partir de un cruce entre la Think Different AutoFem y un esqueje especialmente seleccionado de la cl\u00e1sica Power Plant\u00ae de Dutch Passion para buscar una nueva gen\u00e9tica AutoFem.<\/p>\n<p><\/p>\n","protected":false},"featured_media":13825,"comment_status":"open","ping_status":"closed","template":"","meta":{"_bst_post_transparent":"","_bst_post_title":"","_bst_post_layout":"","_bst_post_sidebar_id":"","_bst_post_content_style":"","_bst_post_vertical_padding":"","_bst_post_feature":"","_bst_post_feature_position":"","_bst_post_header":false,"_bst_post_footer":false},"pwb-brand":[186],"product_brand":[],"product_cat":[69],"product_tag":[],"class_list":{"0":"post-29265","1":"product","2":"type-product","3":"status-publish","4":"has-post-thumbnail","6":"pwb-brand-dutch-passion","7":"product_cat-feminizadas","9":"first","10":"instock","11":"sale","12":"taxable","13":"shipping-taxable","14":"purchasable","15":"product-type-variable","16":"has-default-attributes","17":"entry","18":"content-bg","19":"loop-entry"},"brands":[{"id":186,"name":"Dutch Passion","slug":"dutch-passion"}],"_links":{"self":[{"href":"https:\/\/puregrowshop.com\/fr\/wp-json\/wp\/v2\/product\/29265","targetHints":{"allow":["GET"]}}],"collection":[{"href":"https:\/\/puregrowshop.com\/fr\/wp-json\/wp\/v2\/product"}],"about":[{"href":"https:\/\/puregrowshop.com\/fr\/wp-json\/wp\/v2\/types\/product"}],"replies":[{"embeddable":true,"href":"https:\/\/puregrowshop.com\/fr\/wp-json\/wp\/v2\/comments?post=29265"}],"wp:featuredmedia":[{"embeddable":true,"href":"https:\/\/puregrowshop.com\/fr\/wp-json\/wp\/v2\/media\/13825"}],"wp:attachment":[{"href":"https:\/\/puregrowshop.com\/fr\/wp-json\/wp\/v2\/media?parent=29265"}],"wp:term":[{"taxonomy":"pwb-brand","embeddable":true,"href":"https:\/\/puregrowshop.com\/fr\/wp-json\/wp\/v2\/pwb-brand?post=29265"},{"taxonomy":"product_brand","embeddable":true,"href":"https:\/\/puregrowshop.com\/fr\/wp-json\/wp\/v2\/product_brand?post=29265"},{"taxonomy":"product_cat","embeddable":true,"href":"https:\/\/puregrowshop.com\/fr\/wp-json\/wp\/v2\/product_cat?post=29265"},{"taxonomy":"product_tag","embeddable":true,"href":"https:\/\/puregrowshop.com\/fr\/wp-json\/wp\/v2\/product_tag?post=29265"}],"curies":[{"name":"wp","href":"https:\/\/api.w.org\/{rel}","templated":true}]}}