{"id":29264,"date":"2025-03-02T18:12:06","date_gmt":"2025-03-02T18:12:06","guid":{"rendered":"https:\/\/puregrowshop.com\/?post_type=product&#038;p=29264"},"modified":"2025-11-21T11:05:19","modified_gmt":"2025-11-21T11:05:19","slug":"the-ultimate-fem-dutch-passion","status":"publish","type":"product","link":"https:\/\/puregrowshop.com\/fr\/the-ultimate-fem-dutch-passion\/","title":{"rendered":"The Ultimate feminizada Dutch Passion"},"content":{"rendered":"<p>Crece hasta una altura de 60-75 cm, ideal para el cuarto de cultivo de interior. El tiempo de floraci\u00f3n son 8-10 semanas, con un crecimiento explosivo del cogollo durante las dos \u00faltimas semanas. The Ultimate (50% Indica, 50% Sativa) absorbe nutrientes en abundancia durante el ciclo de cultivo, y resiste los mohos y la pudrici\u00f3n de los cogollos, lo cual hace que tambi\u00e9n sea una buena elecci\u00f3n para invernaderos. La Ultimate es muy adecuada para obtener esquejes.<\/p>\n<p>Nuestros cultivadores nunca han visto una planta que rinda tanto con este nivel de calidad. Se trata de una variedad antirecesi\u00f3n de proporciones \u00e9picas, y ha sido creada para no defraudar. The Ultimate ya est\u00e1 marcando nuevos est\u00e1ndares entre los cultivadores comerciales holandeses, y est\u00e1 destinada a convertirse en una leyenda de Dutch Passion. <\/p>\n","protected":false},"excerpt":{"rendered":"<p>Mediante una cuidadosa crianza, hemos creado una de nuestras variedades m\u00e1s importantes. La llamamos &#8216;The Ultimate&#8217; debido a que combina uno de los rendimientos m\u00e1s elevados que hayamos visto con una calidad genuina de connoisseur.<\/p>\n","protected":false},"featured_media":13783,"comment_status":"open","ping_status":"closed","template":"","meta":{"_bst_post_transparent":"","_bst_post_title":"","_bst_post_layout":"","_bst_post_sidebar_id":"","_bst_post_content_style":"","_bst_post_vertical_padding":"","_bst_post_feature":"","_bst_post_feature_position":"","_bst_post_header":false,"_bst_post_footer":false},"pwb-brand":[186],"product_brand":[],"product_cat":[69],"product_tag":[],"class_list":{"0":"post-29264","1":"product","2":"type-product","3":"status-publish","4":"has-post-thumbnail","6":"pwb-brand-dutch-passion","7":"product_cat-feminizadas","9":"first","10":"instock","11":"sale","12":"taxable","13":"shipping-taxable","14":"purchasable","15":"product-type-variable","16":"has-default-attributes","17":"entry","18":"content-bg","19":"loop-entry"},"brands":[{"id":186,"name":"Dutch Passion","slug":"dutch-passion"}],"_links":{"self":[{"href":"https:\/\/puregrowshop.com\/fr\/wp-json\/wp\/v2\/product\/29264","targetHints":{"allow":["GET"]}}],"collection":[{"href":"https:\/\/puregrowshop.com\/fr\/wp-json\/wp\/v2\/product"}],"about":[{"href":"https:\/\/puregrowshop.com\/fr\/wp-json\/wp\/v2\/types\/product"}],"replies":[{"embeddable":true,"href":"https:\/\/puregrowshop.com\/fr\/wp-json\/wp\/v2\/comments?post=29264"}],"wp:featuredmedia":[{"embeddable":true,"href":"https:\/\/puregrowshop.com\/fr\/wp-json\/wp\/v2\/media\/13783"}],"wp:attachment":[{"href":"https:\/\/puregrowshop.com\/fr\/wp-json\/wp\/v2\/media?parent=29264"}],"wp:term":[{"taxonomy":"pwb-brand","embeddable":true,"href":"https:\/\/puregrowshop.com\/fr\/wp-json\/wp\/v2\/pwb-brand?post=29264"},{"taxonomy":"product_brand","embeddable":true,"href":"https:\/\/puregrowshop.com\/fr\/wp-json\/wp\/v2\/product_brand?post=29264"},{"taxonomy":"product_cat","embeddable":true,"href":"https:\/\/puregrowshop.com\/fr\/wp-json\/wp\/v2\/product_cat?post=29264"},{"taxonomy":"product_tag","embeddable":true,"href":"https:\/\/puregrowshop.com\/fr\/wp-json\/wp\/v2\/product_tag?post=29264"}],"curies":[{"name":"wp","href":"https:\/\/api.w.org\/{rel}","templated":true}]}}