{"id":29263,"date":"2025-03-02T18:12:05","date_gmt":"2025-03-02T18:12:05","guid":{"rendered":"https:\/\/puregrowshop.com\/?post_type=product&#038;p=29263"},"modified":"2025-11-21T11:05:19","modified_gmt":"2025-11-21T11:05:19","slug":"thc-victory-fem-dutch-passion","status":"publish","type":"product","link":"https:\/\/puregrowshop.com\/fr\/thc-victory-fem-dutch-passion\/","title":{"rendered":"THC &#8211; Victory feminizada Dutch Passion"},"content":{"rendered":"","protected":false},"excerpt":{"rendered":"<p>Dutch Passion es sin\u00f3nimo de innovaci\u00f3n. Nuestros logros pasados, incluyend la invenci\u00f3n de semillas feminizadas, nos han convertido en los pioneros que somos actualmente. \u00a1Ahora estamos orgullosos de presentar nuestro pr\u00f3ximo proyecto exitoso!<\/p>\n<p>Despu\u00e9s de varios intentos, Dutch Passion tiene una variedad estabilizada rica en THCV, la primera del mercado. THC-Victory es una planta \u00fanica con una proporci\u00f3n de 1: 1 de THC y THC-V, el nuevo cannabinoide que llevamos tanto tiempo buscando. THCV, abreviatura de tetrahidrocannabivarina, es de gran inter\u00e9s m\u00e9dico para varios campos. Por lo general, el THCV es un antagonista del THC, que suprime ligeramente los efectos. El THCV suele ser un componente muy menor en la mayor\u00eda de las variedades de cannabis. Se requiere m\u00e1s investigaci\u00f3n m\u00e9dica para descubrir todo el potencial del THCV.<\/p>\n<p>THC-Victory es una variedad de tama\u00f1o mediano y durante el crecimiento vegetativo temprano puede ser lenta. Despu\u00e9s del tercer entrenudo, gana velocidad y vigor. Los rendimientos son promedio y los terpenos se inclinan hacia el lado c\u00edtrico del espectro. Los tricomas contienen una cantidad casi uniforme de THC y THCV, alrededor del 6-8% de cada uno.<\/p>\n","protected":false},"featured_media":13859,"comment_status":"open","ping_status":"closed","template":"","meta":{"_bst_post_transparent":"","_bst_post_title":"","_bst_post_layout":"","_bst_post_sidebar_id":"","_bst_post_content_style":"","_bst_post_vertical_padding":"","_bst_post_feature":"","_bst_post_feature_position":"","_bst_post_header":false,"_bst_post_footer":false},"pwb-brand":[186],"product_brand":[],"product_cat":[69],"product_tag":[],"class_list":{"0":"post-29263","1":"product","2":"type-product","3":"status-publish","4":"has-post-thumbnail","6":"pwb-brand-dutch-passion","7":"product_cat-feminizadas","9":"first","10":"instock","11":"sale","12":"taxable","13":"shipping-taxable","14":"purchasable","15":"product-type-variable","16":"has-default-attributes","17":"entry","18":"content-bg","19":"loop-entry"},"brands":[{"id":186,"name":"Dutch Passion","slug":"dutch-passion"}],"_links":{"self":[{"href":"https:\/\/puregrowshop.com\/fr\/wp-json\/wp\/v2\/product\/29263","targetHints":{"allow":["GET"]}}],"collection":[{"href":"https:\/\/puregrowshop.com\/fr\/wp-json\/wp\/v2\/product"}],"about":[{"href":"https:\/\/puregrowshop.com\/fr\/wp-json\/wp\/v2\/types\/product"}],"replies":[{"embeddable":true,"href":"https:\/\/puregrowshop.com\/fr\/wp-json\/wp\/v2\/comments?post=29263"}],"wp:featuredmedia":[{"embeddable":true,"href":"https:\/\/puregrowshop.com\/fr\/wp-json\/wp\/v2\/media\/13859"}],"wp:attachment":[{"href":"https:\/\/puregrowshop.com\/fr\/wp-json\/wp\/v2\/media?parent=29263"}],"wp:term":[{"taxonomy":"pwb-brand","embeddable":true,"href":"https:\/\/puregrowshop.com\/fr\/wp-json\/wp\/v2\/pwb-brand?post=29263"},{"taxonomy":"product_brand","embeddable":true,"href":"https:\/\/puregrowshop.com\/fr\/wp-json\/wp\/v2\/product_brand?post=29263"},{"taxonomy":"product_cat","embeddable":true,"href":"https:\/\/puregrowshop.com\/fr\/wp-json\/wp\/v2\/product_cat?post=29263"},{"taxonomy":"product_tag","embeddable":true,"href":"https:\/\/puregrowshop.com\/fr\/wp-json\/wp\/v2\/product_tag?post=29263"}],"curies":[{"name":"wp","href":"https:\/\/api.w.org\/{rel}","templated":true}]}}