{"id":29262,"date":"2025-03-02T18:12:05","date_gmt":"2025-03-02T18:12:05","guid":{"rendered":"https:\/\/puregrowshop.com\/?post_type=product&#038;p=29262"},"modified":"2025-11-21T11:05:29","modified_gmt":"2025-11-21T11:05:29","slug":"sugar-bomb-punch-fem-dutch-passion","status":"publish","type":"product","link":"https:\/\/puregrowshop.com\/fr\/sugar-bomb-punch-fem-dutch-passion\/","title":{"rendered":"Sugar Bomb Punch feminizada Dutch Passion"},"content":{"rendered":"","protected":false},"excerpt":{"rendered":"<p>THC Bomb X (Critical Orange Punch x Bubba Island Kush)<br \/>A todo el mundo le encanta ver unos buenos tricomas brillando sobre sus chicas. Algunas variedades tienen un aspecto m\u00e1s resinoso que otras. Un buen ejemplo de variedad cubierta de tricomas brillantes, donde se almacenan los cannabinoides, es Sugar Bomb Punch.<\/p>\n<p>Las gen\u00e9ticas proceden de THC Bomb x (Critical Orange Punch x Bubba Island Kush). Esta combinaci\u00f3n representa m\u00e1s del 20% del nivel de THC, un fuerte efecto corporal de apalanque y cogollos cubiertos con cantidades enormes de tricomas densos y brillantes.<\/p>\n<p>Esta planta indica dominante crece r\u00e1pidamente y se convierte en una peque\u00f1a planta musculosa. En solo 9 semanas, estar\u00e1 completamente madura y lista para la cosecha, las hojas pueden oscurecerse hacia el final. Por lo general, hay 4 fenotipos. Estate atento a la m\u00e1s bajita. Puede parecer peque\u00f1a, pero en este caso, el tama\u00f1o no importa. Los cogollos densos y ultra fuertes son m\u00e1s pesados de lo que puedes esperar. Con frecuencia, un cogollo peque\u00f1o que parece suficiente para un porro da de sobra para hacerse dos despu\u00e9s de desmenuzarlo.<\/p>\n","protected":false},"featured_media":13851,"comment_status":"open","ping_status":"closed","template":"","meta":{"_bst_post_transparent":"","_bst_post_title":"","_bst_post_layout":"","_bst_post_sidebar_id":"","_bst_post_content_style":"","_bst_post_vertical_padding":"","_bst_post_feature":"","_bst_post_feature_position":"","_bst_post_header":false,"_bst_post_footer":false},"pwb-brand":[186],"product_brand":[],"product_cat":[69],"product_tag":[],"class_list":{"0":"post-29262","1":"product","2":"type-product","3":"status-publish","4":"has-post-thumbnail","6":"pwb-brand-dutch-passion","7":"product_cat-feminizadas","9":"first","10":"instock","11":"sale","12":"taxable","13":"shipping-taxable","14":"purchasable","15":"product-type-variable","16":"has-default-attributes","17":"entry","18":"content-bg","19":"loop-entry"},"brands":[{"id":186,"name":"Dutch Passion","slug":"dutch-passion"}],"_links":{"self":[{"href":"https:\/\/puregrowshop.com\/fr\/wp-json\/wp\/v2\/product\/29262","targetHints":{"allow":["GET"]}}],"collection":[{"href":"https:\/\/puregrowshop.com\/fr\/wp-json\/wp\/v2\/product"}],"about":[{"href":"https:\/\/puregrowshop.com\/fr\/wp-json\/wp\/v2\/types\/product"}],"replies":[{"embeddable":true,"href":"https:\/\/puregrowshop.com\/fr\/wp-json\/wp\/v2\/comments?post=29262"}],"wp:featuredmedia":[{"embeddable":true,"href":"https:\/\/puregrowshop.com\/fr\/wp-json\/wp\/v2\/media\/13851"}],"wp:attachment":[{"href":"https:\/\/puregrowshop.com\/fr\/wp-json\/wp\/v2\/media?parent=29262"}],"wp:term":[{"taxonomy":"pwb-brand","embeddable":true,"href":"https:\/\/puregrowshop.com\/fr\/wp-json\/wp\/v2\/pwb-brand?post=29262"},{"taxonomy":"product_brand","embeddable":true,"href":"https:\/\/puregrowshop.com\/fr\/wp-json\/wp\/v2\/product_brand?post=29262"},{"taxonomy":"product_cat","embeddable":true,"href":"https:\/\/puregrowshop.com\/fr\/wp-json\/wp\/v2\/product_cat?post=29262"},{"taxonomy":"product_tag","embeddable":true,"href":"https:\/\/puregrowshop.com\/fr\/wp-json\/wp\/v2\/product_tag?post=29262"}],"curies":[{"name":"wp","href":"https:\/\/api.w.org\/{rel}","templated":true}]}}