{"id":29261,"date":"2025-03-02T18:12:05","date_gmt":"2025-03-02T18:12:05","guid":{"rendered":"https:\/\/puregrowshop.com\/?post_type=product&#038;p=29261"},"modified":"2025-11-21T11:05:29","modified_gmt":"2025-11-21T11:05:29","slug":"strawberry-cough-fem-dutch-passion","status":"publish","type":"product","link":"https:\/\/puregrowshop.com\/fr\/strawberry-cough-fem-dutch-passion\/","title":{"rendered":"Strawberry Cough feminizada Dutch Passion"},"content":{"rendered":"<p>De este h\u00edbrido hemos hecho una selecci\u00f3n con cerca de 80% de influencia Sativa. Hemos utilizado esta selecci\u00f3n para la producci\u00f3n de nuestras semillas \u201cStrawberry Cough\u201d. Nuestro \u201cEquipo de Producci\u00f3n e Investigaci\u00f3n\u201d se ha superado creando la variedad m\u00e1s afrutada que puedas imaginar. El sabor y aroma a fresa fresca es muy evidente y maravilloso de experimentar. Strawberry tiene un efecto de coloc\u00f3n medio de THC. Las plantas son muy hermosas a la vista. El tiempo de floraci\u00f3n total es de aprox. 9 semanas. La primera floraci\u00f3n, y la m\u00e1s fuerte, finaliza en la semana cuatro, la segunda en la semana 9. \u201cStrawberry Cough\u201d es f\u00e1cil de cultivar y no necesita un programa intenso de fertilizaci\u00f3n. Las plantas individuales crecer\u00e1n hasta una altura media. \u00bfEst\u00e1s listo para la \u201cExperiencia Strawberry \u201c?<\/p>\n","protected":false},"excerpt":{"rendered":"<p>La gen\u00e9tica de \u201cStrawberry Cough\u201d es originaria de Norteam\u00e9rica y en parte destacadamente europea. \u201cStrawberry Cough\u201d es un h\u00edbrido entre una Indica y una Sativa<\/p>\n","protected":false},"featured_media":13781,"comment_status":"open","ping_status":"closed","template":"","meta":{"_bst_post_transparent":"","_bst_post_title":"","_bst_post_layout":"","_bst_post_sidebar_id":"","_bst_post_content_style":"","_bst_post_vertical_padding":"","_bst_post_feature":"","_bst_post_feature_position":"","_bst_post_header":false,"_bst_post_footer":false},"pwb-brand":[186],"product_brand":[],"product_cat":[69],"product_tag":[],"class_list":{"0":"post-29261","1":"product","2":"type-product","3":"status-publish","4":"has-post-thumbnail","6":"pwb-brand-dutch-passion","7":"product_cat-feminizadas","9":"first","10":"instock","11":"sale","12":"taxable","13":"shipping-taxable","14":"purchasable","15":"product-type-variable","16":"has-default-attributes","17":"entry","18":"content-bg","19":"loop-entry"},"brands":[{"id":186,"name":"Dutch Passion","slug":"dutch-passion"}],"_links":{"self":[{"href":"https:\/\/puregrowshop.com\/fr\/wp-json\/wp\/v2\/product\/29261","targetHints":{"allow":["GET"]}}],"collection":[{"href":"https:\/\/puregrowshop.com\/fr\/wp-json\/wp\/v2\/product"}],"about":[{"href":"https:\/\/puregrowshop.com\/fr\/wp-json\/wp\/v2\/types\/product"}],"replies":[{"embeddable":true,"href":"https:\/\/puregrowshop.com\/fr\/wp-json\/wp\/v2\/comments?post=29261"}],"wp:featuredmedia":[{"embeddable":true,"href":"https:\/\/puregrowshop.com\/fr\/wp-json\/wp\/v2\/media\/13781"}],"wp:attachment":[{"href":"https:\/\/puregrowshop.com\/fr\/wp-json\/wp\/v2\/media?parent=29261"}],"wp:term":[{"taxonomy":"pwb-brand","embeddable":true,"href":"https:\/\/puregrowshop.com\/fr\/wp-json\/wp\/v2\/pwb-brand?post=29261"},{"taxonomy":"product_brand","embeddable":true,"href":"https:\/\/puregrowshop.com\/fr\/wp-json\/wp\/v2\/product_brand?post=29261"},{"taxonomy":"product_cat","embeddable":true,"href":"https:\/\/puregrowshop.com\/fr\/wp-json\/wp\/v2\/product_cat?post=29261"},{"taxonomy":"product_tag","embeddable":true,"href":"https:\/\/puregrowshop.com\/fr\/wp-json\/wp\/v2\/product_tag?post=29261"}],"curies":[{"name":"wp","href":"https:\/\/api.w.org\/{rel}","templated":true}]}}