{"id":29235,"date":"2025-03-02T18:11:57","date_gmt":"2025-03-02T18:11:57","guid":{"rendered":"https:\/\/puregrowshop.com\/?post_type=product&#038;p=29235"},"modified":"2025-11-21T11:05:29","modified_gmt":"2025-11-21T11:05:29","slug":"skunk-11-fem-dutch-passion","status":"publish","type":"product","link":"https:\/\/puregrowshop.com\/fr\/skunk-11-fem-dutch-passion\/","title":{"rendered":"Skunk #11 feminizada Dutch Passion"},"content":{"rendered":"<p>Muchos de nuestros clientes han comprado Skunk #11 durante a\u00f1os, y est\u00e1n satisfechos con su rendimiento y exquisito efecto de Skunk hasta el punto de no querer probar otras variedades. Esta variedad premium tan estable es el resultado de a\u00f1os de crianza por parte de nuestro mejor genetista de Skunk, y se trata de una planta a prueba de fallos, con un crecimiento, una producci\u00f3n y una potencia excelentes. Adem\u00e1s de ofrecer una resistencia excepcional frente al moho y las enfermedades, Skunk #11 proporciona un agradable efecto que es famoso por combatir la ansiedad, relajando el cuerpo y calmando el esp\u00edritu. La embriaguez resulta satisfactoria, elevada, tranquila y er\u00f3tica, adem\u00e1s de aportar la energ\u00eda suficiente para dejarte funcionar si tienes cosas que hacer. En este sentido, es lo que llamamos una \u2018embriaguez media\u2019, que muchos prefieren frente a un incapacitador \u2018coloc\u00f3n total\u2019.<\/p>\n<p>Skunk #11 crece de forma vigorosa en cualquier medio de cultivo; en interior, en invernadero o al aire libre. Es una planta fuerte con una producci\u00f3n abundante de cogollos cubiertos de resina, y posee un aroma especiado a Shiva de la vieja escuela y un rico sabor Indica a queso. Nuestro experto en Skunk recomienda cosechar a las 7 semanas. Puede que los cogollos a\u00fan est\u00e9n verdes en este punto, pero Skunk #11 est\u00e1 en su mejor momento, gloriosa e incomparable. Tu garant\u00eda de satisfacci\u00f3n son m\u00e1s de un mill\u00f3n de semillas vendidas. Descubre por ti mismo esta variedad de m\u00e1xima calidad, la cual ofrecemos a un precio extraordinariamente asequible para tratarse de una planta de tan alto rendimiento.<\/p>\n","protected":false},"excerpt":{"rendered":"<p>Skunk #11 es una aut\u00e9ntica leyenda del cannabis; la \u00fanica de nuestras variedades de la cual se han vendido m\u00e1s de un mill\u00f3n de semillas. Probablemente, la variedad de yerba m\u00e1s popular en todo el mundo\u2026 Y por buenas razones, ya que no es una Skunk cualquiera en absoluto.<\/p>\n","protected":false},"featured_media":13573,"comment_status":"open","ping_status":"closed","template":"","meta":{"_bst_post_transparent":"","_bst_post_title":"","_bst_post_layout":"","_bst_post_sidebar_id":"","_bst_post_content_style":"","_bst_post_vertical_padding":"","_bst_post_feature":"","_bst_post_feature_position":"","_bst_post_header":false,"_bst_post_footer":false},"pwb-brand":[186],"product_brand":[],"product_cat":[69],"product_tag":[],"class_list":{"0":"post-29235","1":"product","2":"type-product","3":"status-publish","4":"has-post-thumbnail","6":"pwb-brand-dutch-passion","7":"product_cat-feminizadas","9":"first","10":"instock","11":"sale","12":"taxable","13":"shipping-taxable","14":"purchasable","15":"product-type-variable","16":"has-default-attributes","17":"entry","18":"content-bg","19":"loop-entry"},"brands":[{"id":186,"name":"Dutch Passion","slug":"dutch-passion"}],"_links":{"self":[{"href":"https:\/\/puregrowshop.com\/fr\/wp-json\/wp\/v2\/product\/29235","targetHints":{"allow":["GET"]}}],"collection":[{"href":"https:\/\/puregrowshop.com\/fr\/wp-json\/wp\/v2\/product"}],"about":[{"href":"https:\/\/puregrowshop.com\/fr\/wp-json\/wp\/v2\/types\/product"}],"replies":[{"embeddable":true,"href":"https:\/\/puregrowshop.com\/fr\/wp-json\/wp\/v2\/comments?post=29235"}],"wp:featuredmedia":[{"embeddable":true,"href":"https:\/\/puregrowshop.com\/fr\/wp-json\/wp\/v2\/media\/13573"}],"wp:attachment":[{"href":"https:\/\/puregrowshop.com\/fr\/wp-json\/wp\/v2\/media?parent=29235"}],"wp:term":[{"taxonomy":"pwb-brand","embeddable":true,"href":"https:\/\/puregrowshop.com\/fr\/wp-json\/wp\/v2\/pwb-brand?post=29235"},{"taxonomy":"product_brand","embeddable":true,"href":"https:\/\/puregrowshop.com\/fr\/wp-json\/wp\/v2\/product_brand?post=29235"},{"taxonomy":"product_cat","embeddable":true,"href":"https:\/\/puregrowshop.com\/fr\/wp-json\/wp\/v2\/product_cat?post=29235"},{"taxonomy":"product_tag","embeddable":true,"href":"https:\/\/puregrowshop.com\/fr\/wp-json\/wp\/v2\/product_tag?post=29235"}],"curies":[{"name":"wp","href":"https:\/\/api.w.org\/{rel}","templated":true}]}}