{"id":29233,"date":"2025-03-02T18:11:57","date_gmt":"2025-03-02T18:11:57","guid":{"rendered":"https:\/\/puregrowshop.com\/?post_type=product&#038;p=29233"},"modified":"2025-11-21T11:05:29","modified_gmt":"2025-11-21T11:05:29","slug":"purple-1-fem-dutch-passion","status":"publish","type":"product","link":"https:\/\/puregrowshop.com\/fr\/purple-1-fem-dutch-passion\/","title":{"rendered":"Purple #1 feminizada Dutch Passion"},"content":{"rendered":"<p>Ha sido muy usada por otros bancos de semillas para criar sus variedades. Nuestra Purple#1 original es una mezcla 50\/50 sativa\/\u00edndica. La gen\u00e9tica \u00edndica viene de una Afghani p\u00farpura muy especial que fue cuidadosamente cruzada en Holanda con algunas grandes variedades indicas y sativas para crear una planta de exterior fuerte y completamente adaptada al clima holand\u00e9s. Las cosechas son razonables, de 250 a 350 gramos por planta, los c\u00e1lices se ponen p\u00farpuras r\u00e1pidamente en cuanto empieza la floraci\u00f3n y los cogollos aparecen adornados por peque\u00f1as hojas p\u00farpuras pegajosas que crecen entre los cogollos empapados de resina. La Purple#1 t\u00edpica mide entre 1,5 y 2,5 metros de altura, es apta solamente para exterior e invernadero y acaba pronto de madurar. Las hojas grandes tienen aspecto de sativa y muestran incre\u00edbles colores p\u00farpura. Esta variedad ha mantenido muchos fans durante d\u00e9cadas y sigue siendo una planta popular y muy bella treinta a\u00f1os despu\u00e9s de ser presentada.<\/p>\n<p>Purple#1 produce una ganja pegajosa y afrutada de color p\u00farpura que tiene un fant\u00e1stico efecto que sube muy r\u00e1pido. La psicoactividad no es la de mayor duraci\u00f3n pero queda m\u00e1s que compensado por la calidad de la experiencia. Es un efecto m\u00e1s estimulante que relajante con un aroma, aunque \u00e1spero, sutil. Una gran elecci\u00f3n para aquellos que buscan una variedad de exterior resistente, que madure pronto y combine cogollos de llamativo color p\u00farpura con un efecto fresco y potente.<\/p>\n","protected":false},"excerpt":{"rendered":"<p>Purple#1 es la mundialmente famosa variedad p\u00farpura original que data de principios de los ochenta y ha sido codiciada por sus coloraciones p\u00farpuras \u00fanicas y su gran efecto psicoactivo.<\/p>\n","protected":false},"featured_media":13821,"comment_status":"open","ping_status":"closed","template":"","meta":{"_bst_post_transparent":"","_bst_post_title":"","_bst_post_layout":"","_bst_post_sidebar_id":"","_bst_post_content_style":"","_bst_post_vertical_padding":"","_bst_post_feature":"","_bst_post_feature_position":"","_bst_post_header":false,"_bst_post_footer":false},"pwb-brand":[186],"product_brand":[],"product_cat":[69],"product_tag":[],"class_list":{"0":"post-29233","1":"product","2":"type-product","3":"status-publish","4":"has-post-thumbnail","6":"pwb-brand-dutch-passion","7":"product_cat-feminizadas","9":"first","10":"outofstock","11":"sale","12":"taxable","13":"shipping-taxable","14":"purchasable","15":"product-type-variable","16":"has-default-attributes","17":"entry","18":"content-bg","19":"loop-entry"},"brands":[{"id":186,"name":"Dutch Passion","slug":"dutch-passion"}],"_links":{"self":[{"href":"https:\/\/puregrowshop.com\/fr\/wp-json\/wp\/v2\/product\/29233","targetHints":{"allow":["GET"]}}],"collection":[{"href":"https:\/\/puregrowshop.com\/fr\/wp-json\/wp\/v2\/product"}],"about":[{"href":"https:\/\/puregrowshop.com\/fr\/wp-json\/wp\/v2\/types\/product"}],"replies":[{"embeddable":true,"href":"https:\/\/puregrowshop.com\/fr\/wp-json\/wp\/v2\/comments?post=29233"}],"wp:featuredmedia":[{"embeddable":true,"href":"https:\/\/puregrowshop.com\/fr\/wp-json\/wp\/v2\/media\/13821"}],"wp:attachment":[{"href":"https:\/\/puregrowshop.com\/fr\/wp-json\/wp\/v2\/media?parent=29233"}],"wp:term":[{"taxonomy":"pwb-brand","embeddable":true,"href":"https:\/\/puregrowshop.com\/fr\/wp-json\/wp\/v2\/pwb-brand?post=29233"},{"taxonomy":"product_brand","embeddable":true,"href":"https:\/\/puregrowshop.com\/fr\/wp-json\/wp\/v2\/product_brand?post=29233"},{"taxonomy":"product_cat","embeddable":true,"href":"https:\/\/puregrowshop.com\/fr\/wp-json\/wp\/v2\/product_cat?post=29233"},{"taxonomy":"product_tag","embeddable":true,"href":"https:\/\/puregrowshop.com\/fr\/wp-json\/wp\/v2\/product_tag?post=29233"}],"curies":[{"name":"wp","href":"https:\/\/api.w.org\/{rel}","templated":true}]}}