{"id":29232,"date":"2025-03-02T18:11:56","date_gmt":"2025-03-02T18:11:56","guid":{"rendered":"https:\/\/puregrowshop.com\/?post_type=product&#038;p=29232"},"modified":"2025-11-21T11:05:29","modified_gmt":"2025-11-21T11:05:29","slug":"power-plant-fem-dutch-passion","status":"publish","type":"product","link":"https:\/\/puregrowshop.com\/fr\/power-plant-fem-dutch-passion\/","title":{"rendered":"Power Plant feminizada Dutch Passion"},"content":{"rendered":"<p>Tiempo de floraci\u00f3n: 8 semanas<br \/>Producci\u00f3n: XXL<br \/>Sativa Dominant<\/p>\n","protected":false},"excerpt":{"rendered":"<p>Original South African Power Plant<br \/>Presentada en 1997, la Power Plant se convirti\u00f3 en un \u00e9xito de la noche a la ma\u00f1ana. Una cl\u00e1sica muy estable y de enormes rendimientos. Power Plant es una variedad principalmente sativa de Sud\u00e1frica y la versi\u00f3n original solo est\u00e1 disponible en Dutch Passion. Esta gran reproductora tanto en interior como al aire libre o en invernadero, y especialmente en climas mediterr\u00e1neos, ofrece unos excelentes rendimientos de 500-600 g\/m2. Es popular entre los consumidores recreativos y medicinales y a\u00fan es una variedad pura y estable con una reputaci\u00f3n bien merecida.<\/p>\n<p>Cuando se present\u00f3 por primera vez, todos los coffeshops quer\u00edan tener la Power Plant en su men\u00fa y, actualmente, a\u00fan podemos encontrarla en los algunos de Holanda. La Power Plant es rica en THC y proporciona un subid\u00f3n formidable y potente con un sabor fresco, una fumada suave y un retrogusto dulce. En interior, la floraci\u00f3n necesita de 8 a 10 semanas. Las plantas alcanzan una altura de 1-1,5 m y los cogollos suelen superar los 30 cm con hojas peque\u00f1as.<\/p>\n","protected":false},"featured_media":13819,"comment_status":"open","ping_status":"closed","template":"","meta":{"_bst_post_transparent":"","_bst_post_title":"","_bst_post_layout":"","_bst_post_sidebar_id":"","_bst_post_content_style":"","_bst_post_vertical_padding":"","_bst_post_feature":"","_bst_post_feature_position":"","_bst_post_header":false,"_bst_post_footer":false},"pwb-brand":[186],"product_brand":[],"product_cat":[99],"product_tag":[],"class_list":{"0":"post-29232","1":"product","2":"type-product","3":"status-publish","4":"has-post-thumbnail","6":"pwb-brand-dutch-passion","7":"product_cat-para-interior","9":"first","10":"instock","11":"sale","12":"taxable","13":"shipping-taxable","14":"purchasable","15":"product-type-variable","16":"has-default-attributes","17":"entry","18":"content-bg","19":"loop-entry"},"brands":[{"id":186,"name":"Dutch Passion","slug":"dutch-passion"}],"_links":{"self":[{"href":"https:\/\/puregrowshop.com\/fr\/wp-json\/wp\/v2\/product\/29232","targetHints":{"allow":["GET"]}}],"collection":[{"href":"https:\/\/puregrowshop.com\/fr\/wp-json\/wp\/v2\/product"}],"about":[{"href":"https:\/\/puregrowshop.com\/fr\/wp-json\/wp\/v2\/types\/product"}],"replies":[{"embeddable":true,"href":"https:\/\/puregrowshop.com\/fr\/wp-json\/wp\/v2\/comments?post=29232"}],"wp:featuredmedia":[{"embeddable":true,"href":"https:\/\/puregrowshop.com\/fr\/wp-json\/wp\/v2\/media\/13819"}],"wp:attachment":[{"href":"https:\/\/puregrowshop.com\/fr\/wp-json\/wp\/v2\/media?parent=29232"}],"wp:term":[{"taxonomy":"pwb-brand","embeddable":true,"href":"https:\/\/puregrowshop.com\/fr\/wp-json\/wp\/v2\/pwb-brand?post=29232"},{"taxonomy":"product_brand","embeddable":true,"href":"https:\/\/puregrowshop.com\/fr\/wp-json\/wp\/v2\/product_brand?post=29232"},{"taxonomy":"product_cat","embeddable":true,"href":"https:\/\/puregrowshop.com\/fr\/wp-json\/wp\/v2\/product_cat?post=29232"},{"taxonomy":"product_tag","embeddable":true,"href":"https:\/\/puregrowshop.com\/fr\/wp-json\/wp\/v2\/product_tag?post=29232"}],"curies":[{"name":"wp","href":"https:\/\/api.w.org\/{rel}","templated":true}]}}