{"id":29230,"date":"2025-03-02T18:11:56","date_gmt":"2025-03-02T18:11:56","guid":{"rendered":"https:\/\/puregrowshop.com\/?post_type=product&#038;p=29230"},"modified":"2025-11-21T11:05:40","modified_gmt":"2025-11-21T11:05:40","slug":"passion-1-fem-dutch-passion","status":"publish","type":"product","link":"https:\/\/puregrowshop.com\/fr\/passion-1-fem-dutch-passion\/","title":{"rendered":"Passion  #1 feminizada Dutch Passion"},"content":{"rendered":"<p>Passion#1 lleg\u00f3 hasta los cultivadores holandeses de exterior en los ochenta gracias a Dutch Passion y ha establecido una reputaci\u00f3n como variedad fuerte y estable f\u00e1cil de cultivar. Si se siembra a principios de temporada, Passion#1 puede alcanzar los 3,5 metros de altura aunque dos metros es m\u00e1s habitual. La producci\u00f3n puede ir desde 250 hasta 750 gramos en plantas grandes que pueden llegar a adquirir proporciones asombrosas cuando se cultivan en condiciones \u00f3ptimas. Passion#1 produce cogollos largos y compactos, pesados por la cantidad de resina. Es una variedad desarrollada para el cultivador de exterior e invernadero y no para el cultivador de interior. Cuando manicures esta planta corta solo las hojas grandes ya que las peque\u00f1as suelen estar llenas de resina.<\/p>\n<p>El humo es suave y delicado con un fresco aroma c\u00edtrico, Passion#1 te pega r\u00e1pidamente con un potente efecto estimulante. Fuma un poco m\u00e1s y notar\u00e1s un efecto narc\u00f3tico fuerte, pesado y placentero. Hemos medido en Passion#1 niveles de THC que se aproximan al 20% lo que la convierte en una elecci\u00f3n segura para tu jard\u00edn de exterior o invernadero. Esta es otra variedad de exterior de Dutch Passion, fuerte y estable, que se ha mantenido en nuestra colecci\u00f3n de semillas durante varias d\u00e9cadas. Una variedad que querr\u00e1s volver a cultivar una y otra vez.<\/p>\n","protected":false},"excerpt":{"rendered":"<p>Passion#1 llega hasta ti con nuestras mejores recomendaciones. Es una de las mejores variedades verdes de exterior disponibles, y lo ha sido desde que sali\u00f3 a escena en los setenta como la legendaria Californian Indica. <\/p>\n","protected":false},"featured_media":13977,"comment_status":"open","ping_status":"closed","template":"","meta":{"_bst_post_transparent":"","_bst_post_title":"","_bst_post_layout":"","_bst_post_sidebar_id":"","_bst_post_content_style":"","_bst_post_vertical_padding":"","_bst_post_feature":"","_bst_post_feature_position":"","_bst_post_header":false,"_bst_post_footer":false},"pwb-brand":[186],"product_brand":[],"product_cat":[98,69],"product_tag":[],"class_list":{"0":"post-29230","1":"product","2":"type-product","3":"status-publish","4":"has-post-thumbnail","6":"pwb-brand-dutch-passion","7":"product_cat-para-exterior","8":"product_cat-feminizadas","10":"first","11":"instock","12":"sale","13":"taxable","14":"shipping-taxable","15":"purchasable","16":"product-type-variable","17":"has-default-attributes","18":"entry","19":"content-bg","20":"loop-entry"},"brands":[{"id":186,"name":"Dutch Passion","slug":"dutch-passion"}],"_links":{"self":[{"href":"https:\/\/puregrowshop.com\/fr\/wp-json\/wp\/v2\/product\/29230","targetHints":{"allow":["GET"]}}],"collection":[{"href":"https:\/\/puregrowshop.com\/fr\/wp-json\/wp\/v2\/product"}],"about":[{"href":"https:\/\/puregrowshop.com\/fr\/wp-json\/wp\/v2\/types\/product"}],"replies":[{"embeddable":true,"href":"https:\/\/puregrowshop.com\/fr\/wp-json\/wp\/v2\/comments?post=29230"}],"wp:featuredmedia":[{"embeddable":true,"href":"https:\/\/puregrowshop.com\/fr\/wp-json\/wp\/v2\/media\/13977"}],"wp:attachment":[{"href":"https:\/\/puregrowshop.com\/fr\/wp-json\/wp\/v2\/media?parent=29230"}],"wp:term":[{"taxonomy":"pwb-brand","embeddable":true,"href":"https:\/\/puregrowshop.com\/fr\/wp-json\/wp\/v2\/pwb-brand?post=29230"},{"taxonomy":"product_brand","embeddable":true,"href":"https:\/\/puregrowshop.com\/fr\/wp-json\/wp\/v2\/product_brand?post=29230"},{"taxonomy":"product_cat","embeddable":true,"href":"https:\/\/puregrowshop.com\/fr\/wp-json\/wp\/v2\/product_cat?post=29230"},{"taxonomy":"product_tag","embeddable":true,"href":"https:\/\/puregrowshop.com\/fr\/wp-json\/wp\/v2\/product_tag?post=29230"}],"curies":[{"name":"wp","href":"https:\/\/api.w.org\/{rel}","templated":true}]}}