{"id":29205,"date":"2025-03-02T18:11:47","date_gmt":"2025-03-02T18:11:47","guid":{"rendered":"https:\/\/puregrowshop.com\/?post_type=product&#038;p=29205"},"modified":"2025-11-21T11:05:40","modified_gmt":"2025-11-21T11:05:40","slug":"pamir-gold-fem-dutch-passion","status":"publish","type":"product","link":"https:\/\/puregrowshop.com\/fr\/pamir-gold-fem-dutch-passion\/","title":{"rendered":"Pamir Gold feminizada Dutch Passion"},"content":{"rendered":"<p>La adaptaci\u00f3n a gran altitud fue llevada a cabo en los Alpes suizos durante varios a\u00f1os de selecci\u00f3n. Con estas selecciones, se procedi\u00f3 a la producci\u00f3n de semilla feminizada en los Pa\u00edses Bajos. Pamir Gold es una variedad Indica principalmente (60% \/ 40%) que tiene un sabor dulce y terroso con regusto a lim\u00f3n y pera. Las plantas saludables miden entre 1,5 y 1,8 metros de altura al aire libre. Resistente al moho y al mildiu. Rendimiento: superior a la media. Tambi\u00e9n funciona en interior. Efecto sutil.<\/p>\n","protected":false},"excerpt":{"rendered":"<p>Western Himalayas Hybrid<br \/>El origen de Pamir Gold est\u00e1 en el Himalaya occidental de Tayikist\u00e1n.<\/p>\n","protected":false},"featured_media":13815,"comment_status":"open","ping_status":"closed","template":"","meta":{"_bst_post_transparent":"","_bst_post_title":"","_bst_post_layout":"","_bst_post_sidebar_id":"","_bst_post_content_style":"","_bst_post_vertical_padding":"","_bst_post_feature":"","_bst_post_feature_position":"","_bst_post_header":false,"_bst_post_footer":false},"pwb-brand":[186],"product_brand":[],"product_cat":[69],"product_tag":[],"class_list":{"0":"post-29205","1":"product","2":"type-product","3":"status-publish","4":"has-post-thumbnail","6":"pwb-brand-dutch-passion","7":"product_cat-feminizadas","9":"first","10":"instock","11":"sale","12":"taxable","13":"shipping-taxable","14":"purchasable","15":"product-type-variable","16":"has-default-attributes","17":"entry","18":"content-bg","19":"loop-entry"},"brands":[{"id":186,"name":"Dutch Passion","slug":"dutch-passion"}],"_links":{"self":[{"href":"https:\/\/puregrowshop.com\/fr\/wp-json\/wp\/v2\/product\/29205","targetHints":{"allow":["GET"]}}],"collection":[{"href":"https:\/\/puregrowshop.com\/fr\/wp-json\/wp\/v2\/product"}],"about":[{"href":"https:\/\/puregrowshop.com\/fr\/wp-json\/wp\/v2\/types\/product"}],"replies":[{"embeddable":true,"href":"https:\/\/puregrowshop.com\/fr\/wp-json\/wp\/v2\/comments?post=29205"}],"wp:featuredmedia":[{"embeddable":true,"href":"https:\/\/puregrowshop.com\/fr\/wp-json\/wp\/v2\/media\/13815"}],"wp:attachment":[{"href":"https:\/\/puregrowshop.com\/fr\/wp-json\/wp\/v2\/media?parent=29205"}],"wp:term":[{"taxonomy":"pwb-brand","embeddable":true,"href":"https:\/\/puregrowshop.com\/fr\/wp-json\/wp\/v2\/pwb-brand?post=29205"},{"taxonomy":"product_brand","embeddable":true,"href":"https:\/\/puregrowshop.com\/fr\/wp-json\/wp\/v2\/product_brand?post=29205"},{"taxonomy":"product_cat","embeddable":true,"href":"https:\/\/puregrowshop.com\/fr\/wp-json\/wp\/v2\/product_cat?post=29205"},{"taxonomy":"product_tag","embeddable":true,"href":"https:\/\/puregrowshop.com\/fr\/wp-json\/wp\/v2\/product_tag?post=29205"}],"curies":[{"name":"wp","href":"https:\/\/api.w.org\/{rel}","templated":true}]}}