{"id":29201,"date":"2025-03-02T18:11:46","date_gmt":"2025-03-02T18:11:46","guid":{"rendered":"https:\/\/puregrowshop.com\/?post_type=product&#038;p=29201"},"modified":"2025-11-21T11:05:40","modified_gmt":"2025-11-21T11:05:40","slug":"meringue-fem-dutch-passion","status":"publish","type":"product","link":"https:\/\/puregrowshop.com\/fr\/meringue-fem-dutch-passion\/","title":{"rendered":"Meringue feminizada Dutch Passion"},"content":{"rendered":"<p>Tiempo de floraci\u00f3n: 8 semanas<br \/>Producci\u00f3n: XL<br \/>Porcentaje de THC: 19 %<br \/>Indica\/Sativa<\/p>\n","protected":false},"excerpt":{"rendered":"<p>Wedding Cake X Animal Cookies<br \/>Meringue tiene un aroma muy dulce y un sabor frutal<br \/>Meringue es una variedad h\u00edbrida indica\/sativa con un sabor frutal complejo que se inclina hacia el lado \u00e1cido del espectro, pero un poco m\u00e1s dulce. Huele a naranjas, mango y miel con tonos \u00e1cidos y a tierra. Su perfil arom\u00e1tico tambi\u00e9n es muy penetrante. <\/p>\n<p> Los cogollos Meringue son s\u00faper compactos<br \/>Estos cogollos son muy densos, prep\u00e1rate para obtener flores apelmazadas y muy resinosas. Meringue es una h\u00edbrida indica\/sativa y es una de las variedades m\u00e1s potentes de la colecci\u00f3n Dutch Passion. Tiene un humo suave y un sabor dulce, acompa\u00f1ados de un coloc\u00f3n euf\u00f3rico con un potente efecto relajante.<\/p>\n<p>Meringue es el capricho de los expertos<br \/>Meringue es una variedad de alta calidad. Puede que no sea la que produce cosechas m\u00e1s grandes, pero el nivel de calidad ha sido sin duda una raz\u00f3n de peso para que los cultivadores la escojan una y otra vez. Puedes esperar rendimientos firmes de cogollos con aspecto impresionante. Aunque las flores pueden ser un poco m\u00e1s peque\u00f1as, son duras como rocas, por lo que pesan un poco m\u00e1s. Cuando se cultiva correctamente, proporciona unos cogollos como nuggets que son de los m\u00e1s bonitos que has visto nunca. Las marcas oscuras en las flores y las hojas hacen que la capa blanca de resina resalte m\u00e1s, resultando en un notable atractivo est\u00e9tico.<\/p>\n<p>Efectos de Meringue<br \/>Meringue es un cruce de 2 populares variedades h\u00edbridas estadounidenses. Se inclina un poco m\u00e1s hacia el lado Indica, como demuestra su tiempo de floraci\u00f3n m\u00e1s corto y la estructura de sus cogollos. El efecto de esta variedad es bastante euf\u00f3rico, con una potente sensaci\u00f3n de bienestar y relajaci\u00f3n. Cuando fumas un poco m\u00e1s en poco tiempo, te proporcionar\u00e1 un fuerte efecto corporal que te puede apalancar en el sof\u00e1 durante un rato. <\/p>\n<p>Semillas feminizadas Meringue vs variedad Lemon Meringue<br \/>Los fans de la variedad estadounidense Lemon Meringue adorar\u00e1n la Meringue Dutch Passion. Ambas variedades comparten un coloc\u00f3n rico en THC y un perfil de sabor avalado por los expertos. Sin embargo, las semillas feminizadas Meringue de Dutch Passion son conocidas por producir plantas m\u00e1s resinosas y proporcionar una experiencia de vapeo superior.<\/p>\n<p>El tiempo de crecimiento y floraci\u00f3n de Meringue<br \/>Recomendamos un per\u00edodo de vegetaci\u00f3n de unas 4-6 semanas para estas semillas feminizadas. Meringue puede tener un comienzo un poco lento y empezar a mostrar alguna extensi\u00f3n durante la \u00faltima parte del per\u00edodo de cultivo. Por ota parte, no se extiende mucho durante la floraci\u00f3n, por lo que puede ser un poco dif\u00edcil de entender. Meringue puede tener un patr\u00f3n de crecimiento bastante inusual, con hojas que tienen tallos alargados y que apuntan hacia arriba, a cierta distancia del tallo principal. Esto requiere el uso de ciertas t\u00e9cnicas de crecimiento, como plegar las hojas, para asegurar que la  planta recibe suficiente luz desde la parte inferior a la superior. <\/p>\n<p>Meringue permanece bastante compacta y en 3-4 semanas ya muestra mucha resina en las flores. Tras 6 semanas de floraci\u00f3n, los cogollos empiezan a mostrar pistilos naranjas, parece que maduran bastante r\u00e1pido. Afortunadamente, todas las plantas muestran una incre\u00edble producci\u00f3n de resina, lo que las hace muy atractivas a la vista.<\/p>\n<p>El tiempo de floraci\u00f3n es de alrededor de 8 semanas. Junto con la fase de vegetaci\u00f3n, tardar\u00e1 unas 12-14 semanas en total desde la siembra hasta la cosecha.<\/p>\n<p>Los resultados de Meringue<br \/>Meringue produce cosechas extra grandes de marihuana de la mejor calidad, de entre 400 y 500 gramos por m2 si es posible. Los cogollos son muy resinosos y densos.<\/p>\n<p>Nuestro consejo de expertos:<br \/>Meringue es la variedad perfecta para cultivadores caseros profesionales o productores con licencia que buscan una variedad con los niveles m\u00e1s altos de resina posibles. Los cogollos est\u00e1n literalmente cubiertos por capas de resina. Recomendamos estar atentos a las plantas que muestren las hojas y estructura de planta m\u00e1s h\u00edbridas. Estas suelen ser los fenotipos mejores y m\u00e1s grandes. Considera usar una l\u00e1mpara UBV durante las \u00faltimas semanas de floraci\u00f3n y notar c\u00f3mo la producci\u00f3n de tricomas se desboca. Si est\u00e1s buscando algo realmente \u00fanico con un incre\u00edble atractivo est\u00e9tico, no busques m\u00e1s, \u00a1Meringue es la variedad que necesitas!<\/p>\n<p>M\u00e1s info sobre Meringue<br \/>Meringue no es una planta con un crecimiento regular, as\u00ed que puede ser un poco dif\u00edcil de entender. Lo que m\u00e1s llama la atenci\u00f3n es su inusual patr\u00f3n de crecimiento, as\u00ed que se necesita m\u00e1s recolecci\u00f3n de hojas de lo habitual, de otro modo los cogollos que est\u00e1n m\u00e1s abajo no recibir\u00e1n suficiente luz.<\/p>\n<p>A causa de la distancia internodal ligeramente superior, los cogollos no tienden a ser muy grandes, lo que puede hacer esta planta un poco m\u00e1s interesante para los cultivadores con niveles mayores de humedad. Eso s\u00ed, debe haber suficiente aire fresco alrededor para estas flores, porque se ponen duras como rocas.<\/p>\n<p>Los cogollos est\u00e1n cubiertos en tricomas, los resultados de laboratorio mostraron que todos los fenotipos estaban alrededor y por encima del 20% de THC, perfecto para los fumadores con m\u00e1s experiencia.<\/p>\n","protected":false},"featured_media":13779,"comment_status":"open","ping_status":"closed","template":"","meta":{"_bst_post_transparent":"","_bst_post_title":"","_bst_post_layout":"","_bst_post_sidebar_id":"","_bst_post_content_style":"","_bst_post_vertical_padding":"","_bst_post_feature":"","_bst_post_feature_position":"","_bst_post_header":false,"_bst_post_footer":false},"pwb-brand":[186],"product_brand":[],"product_cat":[69],"product_tag":[],"class_list":{"0":"post-29201","1":"product","2":"type-product","3":"status-publish","4":"has-post-thumbnail","6":"pwb-brand-dutch-passion","7":"product_cat-feminizadas","9":"first","10":"instock","11":"sale","12":"taxable","13":"shipping-taxable","14":"purchasable","15":"product-type-variable","16":"has-default-attributes","17":"entry","18":"content-bg","19":"loop-entry"},"brands":[{"id":186,"name":"Dutch Passion","slug":"dutch-passion"}],"_links":{"self":[{"href":"https:\/\/puregrowshop.com\/fr\/wp-json\/wp\/v2\/product\/29201","targetHints":{"allow":["GET"]}}],"collection":[{"href":"https:\/\/puregrowshop.com\/fr\/wp-json\/wp\/v2\/product"}],"about":[{"href":"https:\/\/puregrowshop.com\/fr\/wp-json\/wp\/v2\/types\/product"}],"replies":[{"embeddable":true,"href":"https:\/\/puregrowshop.com\/fr\/wp-json\/wp\/v2\/comments?post=29201"}],"wp:featuredmedia":[{"embeddable":true,"href":"https:\/\/puregrowshop.com\/fr\/wp-json\/wp\/v2\/media\/13779"}],"wp:attachment":[{"href":"https:\/\/puregrowshop.com\/fr\/wp-json\/wp\/v2\/media?parent=29201"}],"wp:term":[{"taxonomy":"pwb-brand","embeddable":true,"href":"https:\/\/puregrowshop.com\/fr\/wp-json\/wp\/v2\/pwb-brand?post=29201"},{"taxonomy":"product_brand","embeddable":true,"href":"https:\/\/puregrowshop.com\/fr\/wp-json\/wp\/v2\/product_brand?post=29201"},{"taxonomy":"product_cat","embeddable":true,"href":"https:\/\/puregrowshop.com\/fr\/wp-json\/wp\/v2\/product_cat?post=29201"},{"taxonomy":"product_tag","embeddable":true,"href":"https:\/\/puregrowshop.com\/fr\/wp-json\/wp\/v2\/product_tag?post=29201"}],"curies":[{"name":"wp","href":"https:\/\/api.w.org\/{rel}","templated":true}]}}