{"id":29199,"date":"2025-03-02T18:11:43","date_gmt":"2025-03-02T18:11:43","guid":{"rendered":"https:\/\/puregrowshop.com\/mazar-fem-dutch-passion\/"},"modified":"2025-11-21T11:05:40","modified_gmt":"2025-11-21T11:05:40","slug":"mazar-fem-dutch-passion","status":"publish","type":"product","link":"https:\/\/puregrowshop.com\/fr\/mazar-fem-dutch-passion\/","title":{"rendered":"Mazar feminizada Dutch Passion"},"content":{"rendered":"<p>Nuestra Mazar original es una cl\u00e1sica de los 80 conseguida a partir de la Skunk#1 especial cruzada con una afgana de prestigio; la gen\u00e9tica se actualiz\u00f3 en 1997 y la Mazar continua siendo nuestro mayor \u00e9xito de ventas de todos los tiempos. Tiene aspecto de \u00e1rbol navide\u00f1o y las pesadas ramas laterales garantizan enormes cosechas. El vigor y resistencia del crecimiento convierten la Mazar en una buena elecci\u00f3n para los cultivadores menos experimentados. Es una planta de hach\u00eds aut\u00e9nticamente afgana con una producci\u00f3n de resina extremadamente intensa y una excelente potencia. Es posible que al final de la floraci\u00f3n necesite ayuda. Asimismo, produce unos olores notablemente fuertes.<\/p>\n<p>La Mazar fue una de las primeras variedades de Dutch Passion disponibles en el cat\u00e1logo de semillas feminizadas. Desde aquel momento, ha sido utilizada por otros bancos de semillas para la creaci\u00f3n de nuevas variedades. Los cogollos son pegajosos, altamente arom\u00e1ticos, dulces y terrosos con un sabor de buen hach\u00eds afgano y toques c\u00edtricos y de pino. El efecto potente es muy f\u00edsico y potente, aunque relajante. Una sensaci\u00f3n de adormecimiento, calidez y felicidad se combina con un estado mental meditativo y contemplativo. <\/p>\n<p>Disponible en semillas regulares, feminizadas y feminizadas autom\u00e1ticas. Una cl\u00e1sica consolidada, ganadora de m\u00faltiples premios y altamente recomendada.<\/p>\n","protected":false},"excerpt":{"rendered":"<p>Skunk#1 X Afghani<br \/>La Mazar es una de las variedades m\u00e1s potentes y mejores que ha creado Dutch Passion. <\/p>\n","protected":false},"featured_media":13811,"comment_status":"open","ping_status":"closed","template":"","meta":{"_bst_post_transparent":"","_bst_post_title":"","_bst_post_layout":"","_bst_post_sidebar_id":"","_bst_post_content_style":"","_bst_post_vertical_padding":"","_bst_post_feature":"","_bst_post_feature_position":"","_bst_post_header":false,"_bst_post_footer":false},"pwb-brand":[186],"product_brand":[],"product_cat":[69],"product_tag":[],"class_list":{"0":"post-29199","1":"product","2":"type-product","3":"status-publish","4":"has-post-thumbnail","6":"pwb-brand-dutch-passion","7":"product_cat-feminizadas","9":"first","10":"instock","11":"sale","12":"taxable","13":"shipping-taxable","14":"purchasable","15":"product-type-variable","16":"has-default-attributes","17":"entry","18":"content-bg","19":"loop-entry"},"brands":[{"id":186,"name":"Dutch Passion","slug":"dutch-passion"}],"_links":{"self":[{"href":"https:\/\/puregrowshop.com\/fr\/wp-json\/wp\/v2\/product\/29199","targetHints":{"allow":["GET"]}}],"collection":[{"href":"https:\/\/puregrowshop.com\/fr\/wp-json\/wp\/v2\/product"}],"about":[{"href":"https:\/\/puregrowshop.com\/fr\/wp-json\/wp\/v2\/types\/product"}],"replies":[{"embeddable":true,"href":"https:\/\/puregrowshop.com\/fr\/wp-json\/wp\/v2\/comments?post=29199"}],"wp:featuredmedia":[{"embeddable":true,"href":"https:\/\/puregrowshop.com\/fr\/wp-json\/wp\/v2\/media\/13811"}],"wp:attachment":[{"href":"https:\/\/puregrowshop.com\/fr\/wp-json\/wp\/v2\/media?parent=29199"}],"wp:term":[{"taxonomy":"pwb-brand","embeddable":true,"href":"https:\/\/puregrowshop.com\/fr\/wp-json\/wp\/v2\/pwb-brand?post=29199"},{"taxonomy":"product_brand","embeddable":true,"href":"https:\/\/puregrowshop.com\/fr\/wp-json\/wp\/v2\/product_brand?post=29199"},{"taxonomy":"product_cat","embeddable":true,"href":"https:\/\/puregrowshop.com\/fr\/wp-json\/wp\/v2\/product_cat?post=29199"},{"taxonomy":"product_tag","embeddable":true,"href":"https:\/\/puregrowshop.com\/fr\/wp-json\/wp\/v2\/product_tag?post=29199"}],"curies":[{"name":"wp","href":"https:\/\/api.w.org\/{rel}","templated":true}]}}