{"id":29172,"date":"2025-03-02T18:11:38","date_gmt":"2025-03-02T18:11:38","guid":{"rendered":"https:\/\/puregrowshop.com\/?post_type=product&#038;p=29172"},"modified":"2025-11-21T11:05:52","modified_gmt":"2025-11-21T11:05:52","slug":"kerosene-krash-fem-dutch-passion","status":"publish","type":"product","link":"https:\/\/puregrowshop.com\/fr\/kerosene-krash-fem-dutch-passion\/","title":{"rendered":"Kerosene Krash feminizada Dutch Passion"},"content":{"rendered":"","protected":false},"excerpt":{"rendered":"<p>Gorilla Glue #4 X Sherbet<br \/>Est\u00e1bamos tan impresionados con algunos ejemplares en nuestra colecci\u00f3n de la legendaria Gorilla Glue # 4 que decidimos usar un esp\u00e9cimen espectacular como base para la cepa de sabor s\u00faper gaseoso Kerosene Krash.<\/p>\n<p>Una hembra muy sexy de GG#4 fue polinizada por un Sherbet macho. Este cruce fue desarrollado despu\u00e9s en una l\u00ednea feminizada estable de semillas de muy alta calidad. \u00a1La verdad es que pensamos que hicimos un trabajo especialmente bueno!<\/p>\n<p>Kerosene Krash crece hasta llegar a ser una planta de altura media con rendimientos muy generosos. Pero no es por los rendimientos XXL que los cultivadores elegir\u00e1n esta variedad, sino por el sorprendente perfil de terpenos que se inclina bastante hacia el lado gaseoso del espectro de terpenos.<\/p>\n<p>Kerosene Krash tiene m\u00faltiples ramas laterales en las que se formar\u00e1n cogollos incre\u00edbles, duros como piedras. Consume un poco y esta variedad te colocar\u00e1. Pero ten cuidado, si consumes un poco m\u00e1s, \u00a1prep\u00e1rate para volcar!<\/p>\n","protected":false},"featured_media":13843,"comment_status":"open","ping_status":"closed","template":"","meta":{"_bst_post_transparent":"","_bst_post_title":"","_bst_post_layout":"","_bst_post_sidebar_id":"","_bst_post_content_style":"","_bst_post_vertical_padding":"","_bst_post_feature":"","_bst_post_feature_position":"","_bst_post_header":false,"_bst_post_footer":false},"pwb-brand":[186],"product_brand":[],"product_cat":[69],"product_tag":[],"class_list":{"0":"post-29172","1":"product","2":"type-product","3":"status-publish","4":"has-post-thumbnail","6":"pwb-brand-dutch-passion","7":"product_cat-feminizadas","9":"first","10":"instock","11":"sale","12":"taxable","13":"shipping-taxable","14":"purchasable","15":"product-type-variable","16":"has-default-attributes","17":"entry","18":"content-bg","19":"loop-entry"},"brands":[{"id":186,"name":"Dutch Passion","slug":"dutch-passion"}],"_links":{"self":[{"href":"https:\/\/puregrowshop.com\/fr\/wp-json\/wp\/v2\/product\/29172","targetHints":{"allow":["GET"]}}],"collection":[{"href":"https:\/\/puregrowshop.com\/fr\/wp-json\/wp\/v2\/product"}],"about":[{"href":"https:\/\/puregrowshop.com\/fr\/wp-json\/wp\/v2\/types\/product"}],"replies":[{"embeddable":true,"href":"https:\/\/puregrowshop.com\/fr\/wp-json\/wp\/v2\/comments?post=29172"}],"wp:featuredmedia":[{"embeddable":true,"href":"https:\/\/puregrowshop.com\/fr\/wp-json\/wp\/v2\/media\/13843"}],"wp:attachment":[{"href":"https:\/\/puregrowshop.com\/fr\/wp-json\/wp\/v2\/media?parent=29172"}],"wp:term":[{"taxonomy":"pwb-brand","embeddable":true,"href":"https:\/\/puregrowshop.com\/fr\/wp-json\/wp\/v2\/pwb-brand?post=29172"},{"taxonomy":"product_brand","embeddable":true,"href":"https:\/\/puregrowshop.com\/fr\/wp-json\/wp\/v2\/product_brand?post=29172"},{"taxonomy":"product_cat","embeddable":true,"href":"https:\/\/puregrowshop.com\/fr\/wp-json\/wp\/v2\/product_cat?post=29172"},{"taxonomy":"product_tag","embeddable":true,"href":"https:\/\/puregrowshop.com\/fr\/wp-json\/wp\/v2\/product_tag?post=29172"}],"curies":[{"name":"wp","href":"https:\/\/api.w.org\/{rel}","templated":true}]}}