{"id":29171,"date":"2025-03-02T18:11:37","date_gmt":"2025-03-02T18:11:37","guid":{"rendered":"https:\/\/puregrowshop.com\/?post_type=product&#038;p=29171"},"modified":"2025-11-21T11:05:52","modified_gmt":"2025-11-21T11:05:52","slug":"hollands-hope-fem-dutch-passion","status":"publish","type":"product","link":"https:\/\/puregrowshop.com\/fr\/hollands-hope-fem-dutch-passion\/","title":{"rendered":"Holland&#8217;s Hope feminizada Dutch Passion"},"content":{"rendered":"<p>Hollands Hope se caracteriza por su resistencia al moho y por ser una variedad dura y fiable que est\u00e1 lista para cosechar hacia finales de septiembre o principios de octubre, tras unas ocho semanas de floraci\u00f3n.<br \/>Es una \u00edndica de calidad seleccionada para soportar en exterior el clima holand\u00e9s pero que tambi\u00e9n crece bien en otros climas. Las plantas suelen alcanzar entre uno y dos metros de altura. Es una variedad \u00edndica muy productiva con un efecto narc\u00f3tico potente y que, desde el principio, ha sido una de nuestras variedades favoritas para exterior.<br \/>Las plantas pueden producir entre 100 y 1.000 gramos cada una dependiendo de las condiciones de cultivo. Ten cuidado de no alimentar las Holland Hope en exceso porque esto puede potenciar que broten demasiadas hojas y la producci\u00f3n de cogollos disminuya. Los cogollos suelen alcanzar cincuenta cent\u00edmetros de longitud y tienen muchas hojas peque\u00f1as.<\/p>\n<p>Hollands Hope ha sido una variedad de exterior productiva y fiable durante muchos a\u00f1os, al fumarla es bastante dulce y el potente efecto te deja sentado, lo que aprecian tanto los fumadores l\u00fadicos como los usuarios terap\u00e9uticos. El efecto dura dos buenas horas. Muchos cultivadores de exterior que siembran Hollands Hope lo llevan haciendo desde hace a\u00f1os. En condiciones \u00f3ptimas las plantas se convierten en grandes arbustos muy productivos con gran cantidad de ramas laterales. Es una variedad que viene avalada por toda una generaci\u00f3n de cultivadores de exterior.<\/p>\n","protected":false},"excerpt":{"rendered":"<p>Original Hollands Hope<br \/>Hollands Hope es una variedad legendaria, una de las primeras que fue completamente aclimatada y cultivada en exterior en Holanda a principios de los a\u00f1os ochenta.<\/p>\n","protected":false},"featured_media":13807,"comment_status":"open","ping_status":"closed","template":"","meta":{"_bst_post_transparent":"","_bst_post_title":"","_bst_post_layout":"","_bst_post_sidebar_id":"","_bst_post_content_style":"","_bst_post_vertical_padding":"","_bst_post_feature":"","_bst_post_feature_position":"","_bst_post_header":false,"_bst_post_footer":false},"pwb-brand":[186],"product_brand":[],"product_cat":[98,69],"product_tag":[],"class_list":{"0":"post-29171","1":"product","2":"type-product","3":"status-publish","4":"has-post-thumbnail","6":"pwb-brand-dutch-passion","7":"product_cat-para-exterior","8":"product_cat-feminizadas","10":"first","11":"instock","12":"sale","13":"taxable","14":"shipping-taxable","15":"purchasable","16":"product-type-variable","17":"has-default-attributes","18":"entry","19":"content-bg","20":"loop-entry"},"brands":[{"id":186,"name":"Dutch Passion","slug":"dutch-passion"}],"_links":{"self":[{"href":"https:\/\/puregrowshop.com\/fr\/wp-json\/wp\/v2\/product\/29171","targetHints":{"allow":["GET"]}}],"collection":[{"href":"https:\/\/puregrowshop.com\/fr\/wp-json\/wp\/v2\/product"}],"about":[{"href":"https:\/\/puregrowshop.com\/fr\/wp-json\/wp\/v2\/types\/product"}],"replies":[{"embeddable":true,"href":"https:\/\/puregrowshop.com\/fr\/wp-json\/wp\/v2\/comments?post=29171"}],"wp:featuredmedia":[{"embeddable":true,"href":"https:\/\/puregrowshop.com\/fr\/wp-json\/wp\/v2\/media\/13807"}],"wp:attachment":[{"href":"https:\/\/puregrowshop.com\/fr\/wp-json\/wp\/v2\/media?parent=29171"}],"wp:term":[{"taxonomy":"pwb-brand","embeddable":true,"href":"https:\/\/puregrowshop.com\/fr\/wp-json\/wp\/v2\/pwb-brand?post=29171"},{"taxonomy":"product_brand","embeddable":true,"href":"https:\/\/puregrowshop.com\/fr\/wp-json\/wp\/v2\/product_brand?post=29171"},{"taxonomy":"product_cat","embeddable":true,"href":"https:\/\/puregrowshop.com\/fr\/wp-json\/wp\/v2\/product_cat?post=29171"},{"taxonomy":"product_tag","embeddable":true,"href":"https:\/\/puregrowshop.com\/fr\/wp-json\/wp\/v2\/product_tag?post=29171"}],"curies":[{"name":"wp","href":"https:\/\/api.w.org\/{rel}","templated":true}]}}