{"id":29170,"date":"2025-03-02T18:11:37","date_gmt":"2025-03-02T18:11:37","guid":{"rendered":"https:\/\/puregrowshop.com\/?post_type=product&#038;p=29170"},"modified":"2025-11-21T11:05:52","modified_gmt":"2025-11-21T11:05:52","slug":"hifi-4g-fem-dutch-passion","status":"publish","type":"product","link":"https:\/\/puregrowshop.com\/fr\/hifi-4g-fem-dutch-passion\/","title":{"rendered":"HIFI 4G feminizada Dutch Passion"},"content":{"rendered":"<p>En Dutch Passion, nuestro objetivo es mantenernos al d\u00eda con las \u00faltimas gen\u00e9ticas, y nuestra red de contacto en Am\u00e9rica del Norte nos han proporcionado gen\u00e9ticas de alta fidelidad. El resultado de nuestro \u00faltimo proyecto es HiFi 4G, que incluye gen\u00e9ticas muy buenas como la WiFi OG y nuestro galardonada Glueberry OG plagada de resina.<\/p>\n<p>Esta variedad es perfecta para relajarse, especialmente para escuchar m\u00fasica. Curiosamente, HiFi 4G parece amplificar la apreciaci\u00f3n y el disfrute de la m\u00fasica. Es como si tuvieras un sistema de alta fidelidad en tu cuerpo que cobra vida, y los sonidos empiezan a parecer m\u00e1s contundentes, profundos y m\u00e1s agudos como si estuviera justo al lado del m\u00fasico que creo esa m\u00fasica.<\/p>\n","protected":false},"excerpt":{"rendered":"<p>WiFi OG X Glueberry OG<br \/>Esta rica variedad de semillas feminizadas ricas en THC proporcionan un alto nivel de bienestar combinado con una anestesia mental &#8216;High Fidelity&#8217;. Conseguir una buena cosecha con esta variedad es f\u00e1cil ya que no tiene muchas complicaciones. Es f\u00e1cil de cultivar en una amplia gama de condiciones de cultivo. Tine un gran perfil de terpenos, crecimiento vigoroso y una capa gruesa de tricomas brillantes. Esta planta XL es perfecta para productores de concentrados y extracciones de cannabis.<\/p>\n","protected":false},"featured_media":13777,"comment_status":"open","ping_status":"closed","template":"","meta":{"_bst_post_transparent":"","_bst_post_title":"","_bst_post_layout":"","_bst_post_sidebar_id":"","_bst_post_content_style":"","_bst_post_vertical_padding":"","_bst_post_feature":"","_bst_post_feature_position":"","_bst_post_header":false,"_bst_post_footer":false},"pwb-brand":[186],"product_brand":[],"product_cat":[69],"product_tag":[],"class_list":{"0":"post-29170","1":"product","2":"type-product","3":"status-publish","4":"has-post-thumbnail","6":"pwb-brand-dutch-passion","7":"product_cat-feminizadas","9":"first","10":"instock","11":"sale","12":"taxable","13":"shipping-taxable","14":"purchasable","15":"product-type-variable","16":"has-default-attributes","17":"entry","18":"content-bg","19":"loop-entry"},"brands":[{"id":186,"name":"Dutch Passion","slug":"dutch-passion"}],"_links":{"self":[{"href":"https:\/\/puregrowshop.com\/fr\/wp-json\/wp\/v2\/product\/29170","targetHints":{"allow":["GET"]}}],"collection":[{"href":"https:\/\/puregrowshop.com\/fr\/wp-json\/wp\/v2\/product"}],"about":[{"href":"https:\/\/puregrowshop.com\/fr\/wp-json\/wp\/v2\/types\/product"}],"replies":[{"embeddable":true,"href":"https:\/\/puregrowshop.com\/fr\/wp-json\/wp\/v2\/comments?post=29170"}],"wp:featuredmedia":[{"embeddable":true,"href":"https:\/\/puregrowshop.com\/fr\/wp-json\/wp\/v2\/media\/13777"}],"wp:attachment":[{"href":"https:\/\/puregrowshop.com\/fr\/wp-json\/wp\/v2\/media?parent=29170"}],"wp:term":[{"taxonomy":"pwb-brand","embeddable":true,"href":"https:\/\/puregrowshop.com\/fr\/wp-json\/wp\/v2\/pwb-brand?post=29170"},{"taxonomy":"product_brand","embeddable":true,"href":"https:\/\/puregrowshop.com\/fr\/wp-json\/wp\/v2\/product_brand?post=29170"},{"taxonomy":"product_cat","embeddable":true,"href":"https:\/\/puregrowshop.com\/fr\/wp-json\/wp\/v2\/product_cat?post=29170"},{"taxonomy":"product_tag","embeddable":true,"href":"https:\/\/puregrowshop.com\/fr\/wp-json\/wp\/v2\/product_tag?post=29170"}],"curies":[{"name":"wp","href":"https:\/\/api.w.org\/{rel}","templated":true}]}}