{"id":29144,"date":"2025-03-02T18:11:28","date_gmt":"2025-03-02T18:11:28","guid":{"rendered":"https:\/\/puregrowshop.com\/?post_type=product&#038;p=29144"},"modified":"2025-11-21T11:05:52","modified_gmt":"2025-11-21T11:05:52","slug":"glueberry-og-fem-dutch-passion","status":"publish","type":"product","link":"https:\/\/puregrowshop.com\/fr\/glueberry-og-fem-dutch-passion\/","title":{"rendered":"Glueberry OG feminizada Dutch Passion"},"content":{"rendered":"<p>Otra excelente variedad americana que probablemente la mayor\u00eda de cultivadores ya han probado es una de las diversas variaciones de la OG Kush. Con su sabor distintivo y su herencia misteriosa, ha llenado muchas salas de cultivo con un producto extremadamente potente.<\/p>\n<p>Los cultivadores expertos de Dutch Passion han cruzado estas dos magn\u00edficas variedades entre ellas y han cruzado el resultado con nuestra cl\u00e1sica de toda la vida, la Blueberry. El resultado es este bello cruce con rendimientos excelentes y una altura media de 1,5\/2 metros bautizada como Glueberry O.G.; nos enorgullece tener un nuevo miembro a nuestra l\u00ednea USA Special.<\/p>\n","protected":false},"excerpt":{"rendered":"<p>(Gorilla Glue #4 X OG Kush) x Blueberry<br \/>Dado que la revoluci\u00f3n verde es cada vez m\u00e1s potente en los Estados Unidos, el n\u00famero de gen\u00e9ticas americanas tambi\u00e9n crece. Un buen ejemplo de la potente gen\u00e9tica americana es Gorilla Glue. Esta variedad fue el resultado exitoso de cruzar Chem&#8217;s Sister con Sour Dubb y Chocolate Diesel. Estos progenitores garantizaron el apreciado sabor y subid\u00f3n de esta incre\u00edble variedad.<\/p>\n","protected":false},"featured_media":13775,"comment_status":"open","ping_status":"closed","template":"","meta":{"_bst_post_transparent":"","_bst_post_title":"","_bst_post_layout":"","_bst_post_sidebar_id":"","_bst_post_content_style":"","_bst_post_vertical_padding":"","_bst_post_feature":"","_bst_post_feature_position":"","_bst_post_header":false,"_bst_post_footer":false},"pwb-brand":[186],"product_brand":[],"product_cat":[69],"product_tag":[],"class_list":{"0":"post-29144","1":"product","2":"type-product","3":"status-publish","4":"has-post-thumbnail","6":"pwb-brand-dutch-passion","7":"product_cat-feminizadas","9":"first","10":"instock","11":"sale","12":"taxable","13":"shipping-taxable","14":"purchasable","15":"product-type-variable","16":"has-default-attributes","17":"entry","18":"content-bg","19":"loop-entry"},"brands":[{"id":186,"name":"Dutch Passion","slug":"dutch-passion"}],"_links":{"self":[{"href":"https:\/\/puregrowshop.com\/fr\/wp-json\/wp\/v2\/product\/29144","targetHints":{"allow":["GET"]}}],"collection":[{"href":"https:\/\/puregrowshop.com\/fr\/wp-json\/wp\/v2\/product"}],"about":[{"href":"https:\/\/puregrowshop.com\/fr\/wp-json\/wp\/v2\/types\/product"}],"replies":[{"embeddable":true,"href":"https:\/\/puregrowshop.com\/fr\/wp-json\/wp\/v2\/comments?post=29144"}],"wp:featuredmedia":[{"embeddable":true,"href":"https:\/\/puregrowshop.com\/fr\/wp-json\/wp\/v2\/media\/13775"}],"wp:attachment":[{"href":"https:\/\/puregrowshop.com\/fr\/wp-json\/wp\/v2\/media?parent=29144"}],"wp:term":[{"taxonomy":"pwb-brand","embeddable":true,"href":"https:\/\/puregrowshop.com\/fr\/wp-json\/wp\/v2\/pwb-brand?post=29144"},{"taxonomy":"product_brand","embeddable":true,"href":"https:\/\/puregrowshop.com\/fr\/wp-json\/wp\/v2\/product_brand?post=29144"},{"taxonomy":"product_cat","embeddable":true,"href":"https:\/\/puregrowshop.com\/fr\/wp-json\/wp\/v2\/product_cat?post=29144"},{"taxonomy":"product_tag","embeddable":true,"href":"https:\/\/puregrowshop.com\/fr\/wp-json\/wp\/v2\/product_tag?post=29144"}],"curies":[{"name":"wp","href":"https:\/\/api.w.org\/{rel}","templated":true}]}}