{"id":29143,"date":"2025-03-02T18:11:28","date_gmt":"2025-03-02T18:11:28","guid":{"rendered":"https:\/\/puregrowshop.com\/?post_type=product&#038;p=29143"},"modified":"2025-11-21T11:05:52","modified_gmt":"2025-11-21T11:05:52","slug":"frisian-duck-fem-dutch-passion","status":"publish","type":"product","link":"https:\/\/puregrowshop.com\/fr\/frisian-duck-fem-dutch-passion\/","title":{"rendered":"Frisian Duck feminizada Dutch Passion"},"content":{"rendered":"<p>Su nombre hace referencia a la forma distintiva de la hoja, parecida a una huella de pato especialmente durante las dos primeras partes de su vida. Durante la floraci\u00f3n, algunas hojas de la parte superior pueden mostrar la forma del cannabis m\u00e1s tradicional. La Frisian Duck procede de un cruce entre la Frisian Dew y la DucksFoot. Esta variedad \u00fanica, robusta y sigilosa est\u00e1 lista para su cosecha a principios de octubre (principios de abril en el hemisferio sur). Puede mostrar bonitos colores morados durante la floraci\u00f3n y crece como un \u00e1rbol navide\u00f1o; en exterior hasta 2,5 metros y en interior hasta 1,5 metros.<\/p>\n<p>La Frisian Duck produce cogollos compactos con especiados aromas de pino, c\u00edtricos y bosque fresco. El sabor es parecido con un subid\u00f3n de buena calidad, un refrescante zumbido mental Sativa y unos rendimientos medios. Se cre\u00f3 para el cultivo exterior pero tambi\u00e9n crece bien en interior. La Frisian Duck es una planta de cannabis \u00fanica disfrazada; resistente, f\u00e1cil de cultivar y perfecta para los cultivadores menos experimentados. Durante la mayor parte de su vida, la Frisian Duck crece sin ser reconocida como planta de cannabis. Para cualquiera que tenga un rinc\u00f3n tranquilo y soleado en su jard\u00edn, invernadero o patio ser\u00e1 m\u00e1s f\u00e1cil que nunca cultivar su propio cannabis.<\/p>\n","protected":false},"excerpt":{"rendered":"<p>Frisian Dew X DucksFoot<br \/>La Frisian Duck, con una forma inusual en sus hojas que dificultan su identificaci\u00f3n como cannabis tradicional, es ideal para el cultivo exterior y en invernadero en zonas pobladas<\/p>\n","protected":false},"featured_media":13805,"comment_status":"open","ping_status":"closed","template":"","meta":{"_bst_post_transparent":"","_bst_post_title":"","_bst_post_layout":"","_bst_post_sidebar_id":"","_bst_post_content_style":"","_bst_post_vertical_padding":"","_bst_post_feature":"","_bst_post_feature_position":"","_bst_post_header":false,"_bst_post_footer":false},"pwb-brand":[186],"product_brand":[],"product_cat":[98,69],"product_tag":[],"class_list":{"0":"post-29143","1":"product","2":"type-product","3":"status-publish","4":"has-post-thumbnail","6":"pwb-brand-dutch-passion","7":"product_cat-para-exterior","8":"product_cat-feminizadas","10":"first","11":"instock","12":"sale","13":"taxable","14":"shipping-taxable","15":"purchasable","16":"product-type-variable","17":"has-default-attributes","18":"entry","19":"content-bg","20":"loop-entry"},"brands":[{"id":186,"name":"Dutch Passion","slug":"dutch-passion"}],"_links":{"self":[{"href":"https:\/\/puregrowshop.com\/fr\/wp-json\/wp\/v2\/product\/29143","targetHints":{"allow":["GET"]}}],"collection":[{"href":"https:\/\/puregrowshop.com\/fr\/wp-json\/wp\/v2\/product"}],"about":[{"href":"https:\/\/puregrowshop.com\/fr\/wp-json\/wp\/v2\/types\/product"}],"replies":[{"embeddable":true,"href":"https:\/\/puregrowshop.com\/fr\/wp-json\/wp\/v2\/comments?post=29143"}],"wp:featuredmedia":[{"embeddable":true,"href":"https:\/\/puregrowshop.com\/fr\/wp-json\/wp\/v2\/media\/13805"}],"wp:attachment":[{"href":"https:\/\/puregrowshop.com\/fr\/wp-json\/wp\/v2\/media?parent=29143"}],"wp:term":[{"taxonomy":"pwb-brand","embeddable":true,"href":"https:\/\/puregrowshop.com\/fr\/wp-json\/wp\/v2\/pwb-brand?post=29143"},{"taxonomy":"product_brand","embeddable":true,"href":"https:\/\/puregrowshop.com\/fr\/wp-json\/wp\/v2\/product_brand?post=29143"},{"taxonomy":"product_cat","embeddable":true,"href":"https:\/\/puregrowshop.com\/fr\/wp-json\/wp\/v2\/product_cat?post=29143"},{"taxonomy":"product_tag","embeddable":true,"href":"https:\/\/puregrowshop.com\/fr\/wp-json\/wp\/v2\/product_tag?post=29143"}],"curies":[{"name":"wp","href":"https:\/\/api.w.org\/{rel}","templated":true}]}}