{"id":29142,"date":"2025-03-02T18:11:28","date_gmt":"2025-03-02T18:11:28","guid":{"rendered":"https:\/\/puregrowshop.com\/?post_type=product&#038;p=29142"},"modified":"2025-11-21T11:06:05","modified_gmt":"2025-11-21T11:06:05","slug":"frisian-dew-fem-dutch-passion","status":"publish","type":"product","link":"https:\/\/puregrowshop.com\/fr\/frisian-dew-fem-dutch-passion\/","title":{"rendered":"Frisian Dew feminizada Dutch Passion"},"content":{"rendered":"<p>Hemos producido muchos h\u00edbridos Skunk\/Purple durante los \u00faltimos 20 a\u00f1os, pero nunca hab\u00edamos visto nada tan bueno como este h\u00edbrido. De color morado claro, esta variedad indica y sativa al 50% ofrece rendimientos muy elevados y una proporci\u00f3n muy buena de tallo en relaci\u00f3n a la hoja (s\u00f3lo unas pocas hojas). No es susceptible al moho. Una variedad de primer\u00edsima calidad para cultivos al aire libre. Imprescindible para el cultivador de exterior, especialmente en climas norte\u00f1os. Aroma y gusto suaves, efecto por encima de la media. Muy comercial.<\/p>\n","protected":false},"excerpt":{"rendered":"<p>Super Skunk X Purple Star<br \/>Frisian Dew es la variedad de exterior m\u00e1s hermosa que jam\u00e1s hayamos encontrado. Se trata de un cruce entre una planta hembra de Super Skunk y una planta macho de Purple Star; un proyecto que ha llevado tres a\u00f1os de selecci\u00f3n de clones.<\/p>\n","protected":false},"featured_media":13803,"comment_status":"open","ping_status":"closed","template":"","meta":{"_bst_post_transparent":"","_bst_post_title":"","_bst_post_layout":"","_bst_post_sidebar_id":"","_bst_post_content_style":"","_bst_post_vertical_padding":"","_bst_post_feature":"","_bst_post_feature_position":"","_bst_post_header":false,"_bst_post_footer":false},"pwb-brand":[186],"product_brand":[],"product_cat":[98,69],"product_tag":[],"class_list":{"0":"post-29142","1":"product","2":"type-product","3":"status-publish","4":"has-post-thumbnail","6":"pwb-brand-dutch-passion","7":"product_cat-para-exterior","8":"product_cat-feminizadas","10":"first","11":"instock","12":"sale","13":"taxable","14":"shipping-taxable","15":"purchasable","16":"product-type-variable","17":"has-default-attributes","18":"entry","19":"content-bg","20":"loop-entry"},"brands":[{"id":186,"name":"Dutch Passion","slug":"dutch-passion"}],"_links":{"self":[{"href":"https:\/\/puregrowshop.com\/fr\/wp-json\/wp\/v2\/product\/29142","targetHints":{"allow":["GET"]}}],"collection":[{"href":"https:\/\/puregrowshop.com\/fr\/wp-json\/wp\/v2\/product"}],"about":[{"href":"https:\/\/puregrowshop.com\/fr\/wp-json\/wp\/v2\/types\/product"}],"replies":[{"embeddable":true,"href":"https:\/\/puregrowshop.com\/fr\/wp-json\/wp\/v2\/comments?post=29142"}],"wp:featuredmedia":[{"embeddable":true,"href":"https:\/\/puregrowshop.com\/fr\/wp-json\/wp\/v2\/media\/13803"}],"wp:attachment":[{"href":"https:\/\/puregrowshop.com\/fr\/wp-json\/wp\/v2\/media?parent=29142"}],"wp:term":[{"taxonomy":"pwb-brand","embeddable":true,"href":"https:\/\/puregrowshop.com\/fr\/wp-json\/wp\/v2\/pwb-brand?post=29142"},{"taxonomy":"product_brand","embeddable":true,"href":"https:\/\/puregrowshop.com\/fr\/wp-json\/wp\/v2\/product_brand?post=29142"},{"taxonomy":"product_cat","embeddable":true,"href":"https:\/\/puregrowshop.com\/fr\/wp-json\/wp\/v2\/product_cat?post=29142"},{"taxonomy":"product_tag","embeddable":true,"href":"https:\/\/puregrowshop.com\/fr\/wp-json\/wp\/v2\/product_tag?post=29142"}],"curies":[{"name":"wp","href":"https:\/\/api.w.org\/{rel}","templated":true}]}}