{"id":29141,"date":"2025-03-02T18:11:28","date_gmt":"2025-03-02T18:11:28","guid":{"rendered":"https:\/\/puregrowshop.com\/?post_type=product&#038;p=29141"},"modified":"2025-11-21T11:06:05","modified_gmt":"2025-11-21T11:06:05","slug":"euforia-fem-dutch-passion","status":"publish","type":"product","link":"https:\/\/puregrowshop.com\/fr\/euforia-fem-dutch-passion\/","title":{"rendered":"Euforia feminizada Dutch Passion"},"content":{"rendered":"<p>En un primer momento Euforia destac\u00f3 por las grandes cosechas de 400 a 600 g\/m2 y, siendo parte de la l\u00ednea estable de Skunk, demostr\u00f3 ser fuerte, fiable y muy estable. Todas las plantas tienen un aspecto excepcionalmente bueno lo que la convierte en una apuesta segura. Los cultivadores de exterior de Holanda encuentran en Euforia una planta que un buen verano produce material de excelente calidad en cantidades generosas. Los invernaderos ofrecen un ambiente perfecto para Euforia, que se cosecha a finales de octubre o principios de noviembre. Es muy f\u00e1cil de clonar y es la perfecta planta madre de la que sacar esquejes ya que todos se desarrollan dando lugar a plantas sanas y uniformes. Muchos criadores de semillas han usado Euforia debido a su gen\u00e9tica estable y su facilidad de clonaci\u00f3n.<\/p>\n<p>Los consumidores aprecian la psicoactividad euf\u00f3rica tan especial que ofrece esta variedad. Desde los a\u00f1os noventa los cultivadores medicinales nos han contado lo bien que va para combatir el dolor y eliminar el estr\u00e9s. Un par de trabajadores de Dutch Passion la consideran su variedad favorita y opinan que todos los cultivadores deber\u00edan probarla. <\/p>\n<p>Las plantas miden entre un metro y metro y medio, tienen un olor fresco y un rico sabor tipo skunk no demasiado dulce. El ratio de c\u00e1lices y hojas es aproximadamente 50\/50. Los niveles de THC rondan el 18 por ciento, es decir, extremadamente potentes. En interior, se recomienda cosechar las plantas a las siete semanas, si se quiere obtener el mejor efecto no hay que pasar de las ocho semanas. Euforia viene muy recomendada por nuestro equipo. Es estable, muy productiva y tiene una psicoactividad anti estr\u00e9s que te deja relajado, despreocupado y feliz. Un buen remedio para combatir el estr\u00e9s de la sociedad moderna. Te encantar\u00e1 esta belleza skunk tan especial de los a\u00f1os noventa.<\/p>\n","protected":false},"excerpt":{"rendered":"<p>Euforia Skunk<br \/>Euforia es una variedad especial que viene de nuestro programa de crianza de skunk de 1996. Aquel programa nos di\u00f3 una gran familia Skunk que incluye a la Skunk#1 original, Skunk#11, Skunk Passion, Orange Bud y Euforia. <\/p>\n","protected":false},"featured_media":13801,"comment_status":"open","ping_status":"closed","template":"","meta":{"_bst_post_transparent":"","_bst_post_title":"","_bst_post_layout":"","_bst_post_sidebar_id":"","_bst_post_content_style":"","_bst_post_vertical_padding":"","_bst_post_feature":"","_bst_post_feature_position":"","_bst_post_header":false,"_bst_post_footer":false},"pwb-brand":[186],"product_brand":[],"product_cat":[69],"product_tag":[],"class_list":{"0":"post-29141","1":"product","2":"type-product","3":"status-publish","4":"has-post-thumbnail","6":"pwb-brand-dutch-passion","7":"product_cat-feminizadas","9":"first","10":"instock","11":"sale","12":"taxable","13":"shipping-taxable","14":"purchasable","15":"product-type-variable","16":"has-default-attributes","17":"entry","18":"content-bg","19":"loop-entry"},"brands":[{"id":186,"name":"Dutch Passion","slug":"dutch-passion"}],"_links":{"self":[{"href":"https:\/\/puregrowshop.com\/fr\/wp-json\/wp\/v2\/product\/29141","targetHints":{"allow":["GET"]}}],"collection":[{"href":"https:\/\/puregrowshop.com\/fr\/wp-json\/wp\/v2\/product"}],"about":[{"href":"https:\/\/puregrowshop.com\/fr\/wp-json\/wp\/v2\/types\/product"}],"replies":[{"embeddable":true,"href":"https:\/\/puregrowshop.com\/fr\/wp-json\/wp\/v2\/comments?post=29141"}],"wp:featuredmedia":[{"embeddable":true,"href":"https:\/\/puregrowshop.com\/fr\/wp-json\/wp\/v2\/media\/13801"}],"wp:attachment":[{"href":"https:\/\/puregrowshop.com\/fr\/wp-json\/wp\/v2\/media?parent=29141"}],"wp:term":[{"taxonomy":"pwb-brand","embeddable":true,"href":"https:\/\/puregrowshop.com\/fr\/wp-json\/wp\/v2\/pwb-brand?post=29141"},{"taxonomy":"product_brand","embeddable":true,"href":"https:\/\/puregrowshop.com\/fr\/wp-json\/wp\/v2\/product_brand?post=29141"},{"taxonomy":"product_cat","embeddable":true,"href":"https:\/\/puregrowshop.com\/fr\/wp-json\/wp\/v2\/product_cat?post=29141"},{"taxonomy":"product_tag","embeddable":true,"href":"https:\/\/puregrowshop.com\/fr\/wp-json\/wp\/v2\/product_tag?post=29141"}],"curies":[{"name":"wp","href":"https:\/\/api.w.org\/{rel}","templated":true}]}}