{"id":29140,"date":"2025-03-02T18:11:28","date_gmt":"2025-03-02T18:11:28","guid":{"rendered":"https:\/\/puregrowshop.com\/?post_type=product&#038;p=29140"},"modified":"2025-11-21T11:06:05","modified_gmt":"2025-11-21T11:06:05","slug":"durban-poison-fem-dutch-passion","status":"publish","type":"product","link":"https:\/\/puregrowshop.com\/durban-poison-fem-dutch-passion\/","title":{"rendered":"Durban Poison feminizada Dutch Passion"},"content":{"rendered":"<p>Lleg\u00f3 a Holanda desde Sud\u00e1frica y, en la d\u00e9cada de los 70, se entrecruz\u00f3 durante muchos a\u00f1os. Con cada generaci\u00f3n, la Durban Poison se adaptaba cada vez m\u00e1s a las condiciones de lluvia y viento del norte de Europa. Durante el proceso de reproducci\u00f3n, algunas gen\u00e9ticas Indica desconocidas se han cruzado con la Durban. Inicialmente, muestra unas hojas anchas de estilo Indica pero el patr\u00f3n de crecimiento permite que el dominio Sativa aparezca al final con largas floraciones atravesadas por finas hojas de estilo Sativa. <\/p>\n<p>En interior, la Durban Poison est\u00e1 lista para la cosecha al cabo de 8 o 9 semanas, En exterior puede alcanzar los 2 o 3 metros de altura y se recoge a principios de oto\u00f1o. Con un espacio radicular suficiente, la Durban desarrolla ramas laterales fuertes que soportar\u00e1n pesadas flores resinosas. El desarrollo de la planta, el aspecto de la cosecha y el subid\u00f3n estimulante y energizante son t\u00edpicamente Sativa. La Durban Poison tiene un sabor haze y picante con toques de an\u00eds, licor y clavos. A menudo, los cogollos son de color verde oscuro y resistentes al moho y a las plagas. Es una planta muy potente, constante y con buenos rendimientos.<\/p>\n","protected":false},"excerpt":{"rendered":"<p>Durban X Unknown Indica<br \/>La Durban Poison original de Dutch Passion es una variedad de interior y exterior cl\u00e1sica, bastante resistente para el cultivo exterior en latitudes norte\u00f1as y sure\u00f1as extremas.<\/p>\n","protected":false},"featured_media":13799,"comment_status":"open","ping_status":"closed","template":"","meta":{"_bst_post_transparent":"","_bst_post_title":"","_bst_post_layout":"","_bst_post_sidebar_id":"","_bst_post_content_style":"","_bst_post_vertical_padding":"","_bst_post_feature":"","_bst_post_feature_position":"","_bst_post_header":false,"_bst_post_footer":false},"pwb-brand":[186],"product_brand":[],"product_cat":[98,69],"product_tag":[],"class_list":{"0":"post-29140","1":"product","2":"type-product","3":"status-publish","4":"has-post-thumbnail","6":"pwb-brand-dutch-passion","7":"product_cat-para-exterior","8":"product_cat-feminizadas","10":"first","11":"instock","12":"sale","13":"taxable","14":"shipping-taxable","15":"purchasable","16":"product-type-variable","17":"has-default-attributes","18":"entry","19":"content-bg","20":"loop-entry"},"brands":[{"id":186,"name":"Dutch Passion","slug":"dutch-passion"}],"_links":{"self":[{"href":"https:\/\/puregrowshop.com\/fr\/wp-json\/wp\/v2\/product\/29140","targetHints":{"allow":["GET"]}}],"collection":[{"href":"https:\/\/puregrowshop.com\/fr\/wp-json\/wp\/v2\/product"}],"about":[{"href":"https:\/\/puregrowshop.com\/fr\/wp-json\/wp\/v2\/types\/product"}],"replies":[{"embeddable":true,"href":"https:\/\/puregrowshop.com\/fr\/wp-json\/wp\/v2\/comments?post=29140"}],"wp:featuredmedia":[{"embeddable":true,"href":"https:\/\/puregrowshop.com\/fr\/wp-json\/wp\/v2\/media\/13799"}],"wp:attachment":[{"href":"https:\/\/puregrowshop.com\/fr\/wp-json\/wp\/v2\/media?parent=29140"}],"wp:term":[{"taxonomy":"pwb-brand","embeddable":true,"href":"https:\/\/puregrowshop.com\/fr\/wp-json\/wp\/v2\/pwb-brand?post=29140"},{"taxonomy":"product_brand","embeddable":true,"href":"https:\/\/puregrowshop.com\/fr\/wp-json\/wp\/v2\/product_brand?post=29140"},{"taxonomy":"product_cat","embeddable":true,"href":"https:\/\/puregrowshop.com\/fr\/wp-json\/wp\/v2\/product_cat?post=29140"},{"taxonomy":"product_tag","embeddable":true,"href":"https:\/\/puregrowshop.com\/fr\/wp-json\/wp\/v2\/product_tag?post=29140"}],"curies":[{"name":"wp","href":"https:\/\/api.w.org\/{rel}","templated":true}]}}