{"id":29115,"date":"2025-03-02T18:11:16","date_gmt":"2025-03-02T18:11:16","guid":{"rendered":"https:\/\/puregrowshop.com\/?post_type=product&#038;p=29115"},"modified":"2025-11-21T11:06:05","modified_gmt":"2025-11-21T11:06:05","slug":"desfran-fem-dutch-passion","status":"publish","type":"product","link":"https:\/\/puregrowshop.com\/fr\/desfran-fem-dutch-passion\/","title":{"rendered":"Desfran feminizada Dutch Passion"},"content":{"rendered":"<p>Durante la etapa vegetativa, Desfr\u00e1n necesita poca nutrici\u00f3n. Aunque crece bien en tierra, especialmente si dispone de mucho espacio para las ra\u00edces, tambi\u00e9n crece en\u00e9rgicamente en otros medios de cultivo. Es 100% Sativa; crece mucho en altura y desarrolla largas ramas que pueden dominar el espacio de cultivo en muy poco tiempo. En la etapa vegetativa, el tallo puede producir aromas afrutados intensos cuando se frota.<\/p>\n<p>Durante la floraci\u00f3n, se estira y puede llegar a triplicar su altura. Desfr\u00e1n es una variedad muy resinosa adecuada para los medios de cultivo SOG y SCROG y, normalmente, necesita de 9 a 10 semanas para florecer. Tiene un aroma afrutado parecido a la pera y a las manzanas verdes; el sabor es como si disfrutaras de un caramelo de pera con toques de uva y mel\u00f3n. <\/p>\n<p>Para ser una Sativa, Desfr\u00e1n produce unas inusuales flores compactas y densas. Al secarse, las flores parecen pi\u00f1as glaseadas. <\/p>\n<p>Una cosecha temprana puede provocar un subid\u00f3n psicod\u00e9lico y muy cerebral aunque si decides dejarla un poco m\u00e1s de tiempo, el resultado de la cosecha de Desfr\u00e1n ser\u00e1 un sabor m\u00e1s dulce y una aut\u00e9ntica destructora. Desfr\u00e1n es una de las mejores variedades que Alberto jam\u00e1s ha visto; esperamos que compartas su opini\u00f3n.<\/p>\n","protected":false},"excerpt":{"rendered":"<p>Destroyer X Destroyer<br \/>Desfr\u00e1n es una variedad resultado de un cruce entre Destroyer y Destroyer; su origen procede de un triple cruce de Oaxaca Mexicana, Colombia Punto Rojo y Meo Tailandesa y llega a Dutch Passion gracias a Alberto de Argentina. Alberto es un cultivador magistral, un experto del cannabis y propietario de Revista Haze . Nuestro primer proyecto juntos fue la introducci\u00f3n de Desfr\u00e1n en Europa.<\/p>\n","protected":false},"featured_media":13797,"comment_status":"open","ping_status":"closed","template":"","meta":{"_bst_post_transparent":"","_bst_post_title":"","_bst_post_layout":"","_bst_post_sidebar_id":"","_bst_post_content_style":"","_bst_post_vertical_padding":"","_bst_post_feature":"","_bst_post_feature_position":"","_bst_post_header":false,"_bst_post_footer":false},"pwb-brand":[186],"product_brand":[],"product_cat":[69],"product_tag":[],"class_list":{"0":"post-29115","1":"product","2":"type-product","3":"status-publish","4":"has-post-thumbnail","6":"pwb-brand-dutch-passion","7":"product_cat-feminizadas","9":"first","10":"instock","11":"sale","12":"taxable","13":"shipping-taxable","14":"purchasable","15":"product-type-variable","16":"has-default-attributes","17":"entry","18":"content-bg","19":"loop-entry"},"brands":[{"id":186,"name":"Dutch Passion","slug":"dutch-passion"}],"_links":{"self":[{"href":"https:\/\/puregrowshop.com\/fr\/wp-json\/wp\/v2\/product\/29115","targetHints":{"allow":["GET"]}}],"collection":[{"href":"https:\/\/puregrowshop.com\/fr\/wp-json\/wp\/v2\/product"}],"about":[{"href":"https:\/\/puregrowshop.com\/fr\/wp-json\/wp\/v2\/types\/product"}],"replies":[{"embeddable":true,"href":"https:\/\/puregrowshop.com\/fr\/wp-json\/wp\/v2\/comments?post=29115"}],"wp:featuredmedia":[{"embeddable":true,"href":"https:\/\/puregrowshop.com\/fr\/wp-json\/wp\/v2\/media\/13797"}],"wp:attachment":[{"href":"https:\/\/puregrowshop.com\/fr\/wp-json\/wp\/v2\/media?parent=29115"}],"wp:term":[{"taxonomy":"pwb-brand","embeddable":true,"href":"https:\/\/puregrowshop.com\/fr\/wp-json\/wp\/v2\/pwb-brand?post=29115"},{"taxonomy":"product_brand","embeddable":true,"href":"https:\/\/puregrowshop.com\/fr\/wp-json\/wp\/v2\/product_brand?post=29115"},{"taxonomy":"product_cat","embeddable":true,"href":"https:\/\/puregrowshop.com\/fr\/wp-json\/wp\/v2\/product_cat?post=29115"},{"taxonomy":"product_tag","embeddable":true,"href":"https:\/\/puregrowshop.com\/fr\/wp-json\/wp\/v2\/product_tag?post=29115"}],"curies":[{"name":"wp","href":"https:\/\/api.w.org\/{rel}","templated":true}]}}