{"id":29114,"date":"2025-03-02T18:11:16","date_gmt":"2025-03-02T18:11:16","guid":{"rendered":"https:\/\/puregrowshop.com\/?post_type=product&#038;p=29114"},"modified":"2025-11-21T11:06:05","modified_gmt":"2025-11-21T11:06:05","slug":"critical-orange-punch-fem-dutch-passion","status":"publish","type":"product","link":"https:\/\/puregrowshop.com\/fr\/critical-orange-punch-fem-dutch-passion\/","title":{"rendered":"Critical Orange Punch feminizada Dutch Passion"},"content":{"rendered":"<p data-start=\"634\" data-end=\"1097\">Critical Orange Punch es una variedad potente, productiva y f\u00e1cil de cultivar, ideal para todo tipo de cultivadores. Su gen\u00e9tica combina la rapidez y el alto rendimiento de Critical con la dulzura y frescura de Orange Bud, dando lugar a una cepa con una producci\u00f3n masiva y un perfil de sabor espectacular. Con un efecto equilibrado que combina felicidad y relajaci\u00f3n, esta variedad se ha convertido en una de las favoritas de los cultivadores de Dutch Passion.<\/p>\n<h4 data-start=\"1099\" data-end=\"1127\"><strong data-start=\"1104\" data-end=\"1125\">Gen\u00e9tica y Origen<\/strong><\/h4>\n<p data-start=\"1128\" data-end=\"1439\">Critical Orange Punch es el resultado de un cruce entre <strong data-start=\"1184\" data-end=\"1227\">Grandaddy Purps x Orange Bud x Critical<\/strong>, logrando un h\u00edbrido equilibrado con predominancia \u00edndica. Esta combinaci\u00f3n le otorga un crecimiento robusto, una floraci\u00f3n r\u00e1pida y un perfil de terpenos espectacular, con intensas notas c\u00edtricas y afrutadas.<\/p>\n<h4 data-start=\"2235\" data-end=\"2273\"><strong data-start=\"2240\" data-end=\"2271\">Caracter\u00edsticas principales<\/strong><\/h4>\n<table data-start=\"2274\" data-end=\"3811\">\n<thead data-start=\"2274\" data-end=\"2382\">\n<tr data-start=\"2274\" data-end=\"2382\">\n<th data-start=\"2274\" data-end=\"2300\"><strong data-start=\"2276\" data-end=\"2287\">Aspecto<\/strong><\/th>\n<th data-start=\"2300\" data-end=\"2382\"><strong data-start=\"2302\" data-end=\"2314\">Detalles<\/strong><\/th>\n<\/tr>\n<\/thead>\n<tbody data-start=\"2493\" data-end=\"3811\">\n<tr data-start=\"2493\" data-end=\"2602\">\n<td><strong data-start=\"2495\" data-end=\"2507\">Gen\u00e9tica<\/strong><\/td>\n<td>Grandaddy Purps x Orange Bud x Critical<\/td>\n<\/tr>\n<tr data-start=\"2603\" data-end=\"2712\">\n<td><strong data-start=\"2605\" data-end=\"2613\">Tipo<\/strong><\/td>\n<td>H\u00edbrido con dominancia \u00edndica<\/td>\n<\/tr>\n<tr data-start=\"2713\" data-end=\"2822\">\n<td><strong data-start=\"2715\" data-end=\"2722\">THC<\/strong><\/td>\n<td>18-22%<\/td>\n<\/tr>\n<tr data-start=\"2823\" data-end=\"2932\">\n<td><strong data-start=\"2825\" data-end=\"2832\">CBD<\/strong><\/td>\n<td>&lt;1%<\/td>\n<\/tr>\n<tr data-start=\"2933\" data-end=\"3042\">\n<td><strong data-start=\"2935\" data-end=\"2954\">Altura interior<\/strong><\/td>\n<td>90-140 cm<\/td>\n<\/tr>\n<tr data-start=\"3043\" data-end=\"3152\">\n<td><strong data-start=\"3045\" data-end=\"3064\">Altura exterior<\/strong><\/td>\n<td>Hasta 2 metros<\/td>\n<\/tr>\n<tr data-start=\"3153\" data-end=\"3261\">\n<td><strong data-start=\"3155\" data-end=\"3178\">Tiempo de floraci\u00f3n<\/strong><\/td>\n<td>8 semanas (Interior) \/ Cosecha en septiembre-octubre (Exterior)<\/td>\n<\/tr>\n<tr data-start=\"3262\" data-end=\"3371\">\n<td><strong data-start=\"3264\" data-end=\"3287\">Producci\u00f3n interior<\/strong><\/td>\n<td>500-600 g\/m\u00b2<\/td>\n<\/tr>\n<tr data-start=\"3372\" data-end=\"3481\">\n<td><strong data-start=\"3374\" data-end=\"3397\">Producci\u00f3n exterior<\/strong><\/td>\n<td>600-800 g\/planta<\/td>\n<\/tr>\n<tr data-start=\"3482\" data-end=\"3591\">\n<td><strong data-start=\"3484\" data-end=\"3508\">Terpenos principales<\/strong><\/td>\n<td>Limoneno, Mirceno, Cariofileno<\/td>\n<\/tr>\n<tr data-start=\"3592\" data-end=\"3701\">\n<td><strong data-start=\"3594\" data-end=\"3603\">Sabor<\/strong><\/td>\n<td>C\u00edtrico, afrutado, dulce<\/td>\n<\/tr>\n<tr data-start=\"3702\" data-end=\"3811\">\n<td><strong data-start=\"3704\" data-end=\"3714\">Efecto<\/strong><\/td>\n<td>Euf\u00f3rico, relajante, equilibrado<\/td>\n<\/tr>\n<\/tbody>\n<\/table>\n<h4 data-start=\"3813\" data-end=\"3840\"><strong data-start=\"3818\" data-end=\"3838\">Aromas y Sabores<\/strong><\/h4>\n<p data-start=\"3841\" data-end=\"4162\">Critical Orange Punch ofrece un perfil de terpenos explosivo, donde predominan los aromas c\u00edtricos a naranja y mandarina, complementados con notas dulces y terrosas. Al fumarla, su sabor afrutado y cremoso deja un retrogusto duradero y refrescante, convirti\u00e9ndola en una de las variedades m\u00e1s sabrosas de Dutch Passion.<\/p>\n<h4 data-start=\"4164\" data-end=\"4189\"><strong data-start=\"4169\" data-end=\"4187\">Efectos y Usos<\/strong><\/h4>\n<p data-start=\"4190\" data-end=\"4517\">Con un THC que oscila entre el <strong data-start=\"4221\" data-end=\"4236\">18 y el 22%<\/strong>, Critical Orange Punch proporciona un efecto equilibrado. Comienza con una euforia cerebral estimulante y motivadora, seguida de una relajaci\u00f3n f\u00edsica suave y placentera. Es perfecta para consumir durante el d\u00eda o la tarde, ya que permite mantenerse activo sin provocar pesadez.<\/p>\n<h3 data-start=\"1474\" data-end=\"1518\"><strong data-start=\"1477\" data-end=\"1516\">C\u00f3mo cultivar Critical Orange Punch<\/strong><\/h3>\n<h4 data-start=\"1520\" data-end=\"1549\"><strong data-start=\"1524\" data-end=\"1547\">Cultivo en Interior<\/strong><\/h4>\n<ul data-start=\"1550\" data-end=\"1732\">\n<li data-start=\"1550\" data-end=\"1575\"><strong data-start=\"1552\" data-end=\"1563\">Altura:<\/strong> 90-140 cm<\/li>\n<li data-start=\"1576\" data-end=\"1614\"><strong data-start=\"1578\" data-end=\"1602\">Tiempo de floraci\u00f3n:<\/strong> 8 semanas<\/li>\n<li data-start=\"1615\" data-end=\"1647\"><strong data-start=\"1617\" data-end=\"1632\">Producci\u00f3n:<\/strong> 500-600 g\/m\u00b2<\/li>\n<li data-start=\"1648\" data-end=\"1696\"><strong data-start=\"1650\" data-end=\"1674\">Humedad recomendada:<\/strong> 40-50% en floraci\u00f3n<\/li>\n<li data-start=\"1697\" data-end=\"1732\"><strong data-start=\"1699\" data-end=\"1722\">Temperatura \u00f3ptima:<\/strong> 22-26\u00b0C<\/li>\n<\/ul>\n<p data-start=\"1734\" data-end=\"2283\">En <strong data-start=\"1737\" data-end=\"1749\">interior<\/strong>, Critical Orange Punch se desarrolla con vigor y rapidez. <strong data-start=\"1808\" data-end=\"1849\">Su crecimiento es fuerte y ramificado<\/strong>, con una estructura ideal para t\u00e9cnicas de alto rendimiento como <strong data-start=\"1915\" data-end=\"1942\">SCROG (Screen of Green)<\/strong> o <strong data-start=\"1945\" data-end=\"1967\">SOG (Sea of Green)<\/strong>, que permiten maximizar la producci\u00f3n.<br data-start=\"2006\" data-end=\"2009\" \/>Debido a su rapidez en floraci\u00f3n, <strong data-start=\"2043\" data-end=\"2088\">se recomienda un per\u00edodo vegetativo corto<\/strong> para evitar que la planta crezca demasiado en espacios reducidos. Es fundamental mantener <strong data-start=\"2179\" data-end=\"2204\">una buena ventilaci\u00f3n<\/strong> y controlar la humedad para evitar problemas de moho en los densos cogollos.<\/p>\n<p data-start=\"2285\" data-end=\"2479\"><strong data-start=\"2285\" data-end=\"2297\">Consejo:<\/strong> Para obtener una <strong data-start=\"2315\" data-end=\"2339\">resina m\u00e1s abundante<\/strong> y mejorar la producci\u00f3n de terpenos, <strong data-start=\"2377\" data-end=\"2434\">bajar la temperatura en la \u00faltima semana de floraci\u00f3n<\/strong> ayuda a intensificar los aromas y sabores.<\/p>\n<h4 data-start=\"2486\" data-end=\"2515\"><strong data-start=\"2490\" data-end=\"2513\">Cultivo en Exterior<\/strong><\/h4>\n<ul data-start=\"2516\" data-end=\"2692\">\n<li data-start=\"2516\" data-end=\"2546\"><strong data-start=\"2518\" data-end=\"2529\">Altura:<\/strong> Hasta 2 metros<\/li>\n<li data-start=\"2547\" data-end=\"2609\"><strong data-start=\"2549\" data-end=\"2561\">Cosecha:<\/strong> Finales de septiembre &#8211; principios de octubre<\/li>\n<li data-start=\"2610\" data-end=\"2646\"><strong data-start=\"2612\" data-end=\"2627\">Producci\u00f3n:<\/strong> 600-800 g\/planta<\/li>\n<li data-start=\"2647\" data-end=\"2692\"><strong data-start=\"2649\" data-end=\"2671\">Clima recomendado:<\/strong> Templado y soleado<\/li>\n<\/ul>\n<p data-start=\"2694\" data-end=\"3152\">En <strong data-start=\"2697\" data-end=\"2709\">exterior<\/strong>, Critical Orange Punch se convierte en una <strong data-start=\"2753\" data-end=\"2773\">planta imponente<\/strong>, alcanzando <strong data-start=\"2786\" data-end=\"2814\">hasta 2 metros de altura<\/strong> en condiciones \u00f3ptimas. Prefiere climas c\u00e1lidos y soleados, aunque su gen\u00e9tica <strong data-start=\"2894\" data-end=\"2947\">le otorga una gran resistencia a climas m\u00e1s fr\u00edos<\/strong> y h\u00famedos.<br data-start=\"2958\" data-end=\"2961\" \/>Para maximizar su producci\u00f3n, se recomienda <strong data-start=\"3005\" data-end=\"3035\">plantarla en suelo directo<\/strong> o en <strong data-start=\"3041\" data-end=\"3085\">macetas grandes de al menos 20-30 litros<\/strong>, asegurando suficiente espacio para el desarrollo de sus ra\u00edces.<\/p>\n<p data-start=\"3154\" data-end=\"3489\">Durante la fase de crecimiento, <strong data-start=\"3186\" data-end=\"3245\">podas ligeras y t\u00e9cnicas como LST (Low Stress Training)<\/strong> pueden ayudar a mejorar la penetraci\u00f3n de la luz y aumentar la producci\u00f3n de cogollos. En climas h\u00famedos, es recomendable <strong data-start=\"3368\" data-end=\"3395\">protegerla de la lluvia<\/strong> en las \u00faltimas semanas de floraci\u00f3n para evitar problemas de hongos en sus cogollos densos.<\/p>\n<p data-start=\"3491\" data-end=\"3676\"><strong data-start=\"3491\" data-end=\"3503\">Consejo:<\/strong> Para potenciar su producci\u00f3n y calidad, usar <strong data-start=\"3549\" data-end=\"3603\">fertilizantes org\u00e1nicos ricos en f\u00f3sforo y potasio<\/strong> en la fase de floraci\u00f3n mejorar\u00e1 el tama\u00f1o y densidad de los cogollos.<\/p>\n","protected":false},"excerpt":{"rendered":"<p>Critical Orange Punch es una variedad feminizada de Dutch Passion que combina la productividad de Critical con el perfil de sabor afrutado y c\u00edtrico de Orange Bud. Con un tiempo de floraci\u00f3n de 8 semanas, esta h\u00edbrida de dominancia \u00edndica ofrece cogollos densos y resinosos, un THC del 18-22% y un efecto equilibrado entre euforia y relajaci\u00f3n. Se adapta perfectamente al cultivo en interior y exterior, garantizando cosechas abundantes y de alta calidad.<\/p>\n","protected":false},"featured_media":13773,"comment_status":"open","ping_status":"closed","template":"","meta":{"_bst_post_transparent":"","_bst_post_title":"","_bst_post_layout":"","_bst_post_sidebar_id":"","_bst_post_content_style":"","_bst_post_vertical_padding":"","_bst_post_feature":"","_bst_post_feature_position":"","_bst_post_header":false,"_bst_post_footer":false},"pwb-brand":[186],"product_brand":[],"product_cat":[98,69],"product_tag":[],"class_list":{"0":"post-29114","1":"product","2":"type-product","3":"status-publish","4":"has-post-thumbnail","6":"pwb-brand-dutch-passion","7":"product_cat-para-exterior","8":"product_cat-feminizadas","10":"first","11":"instock","12":"sale","13":"taxable","14":"shipping-taxable","15":"purchasable","16":"product-type-variable","17":"has-default-attributes","18":"entry","19":"content-bg","20":"loop-entry"},"brands":[{"id":186,"name":"Dutch Passion","slug":"dutch-passion"}],"_links":{"self":[{"href":"https:\/\/puregrowshop.com\/fr\/wp-json\/wp\/v2\/product\/29114","targetHints":{"allow":["GET"]}}],"collection":[{"href":"https:\/\/puregrowshop.com\/fr\/wp-json\/wp\/v2\/product"}],"about":[{"href":"https:\/\/puregrowshop.com\/fr\/wp-json\/wp\/v2\/types\/product"}],"replies":[{"embeddable":true,"href":"https:\/\/puregrowshop.com\/fr\/wp-json\/wp\/v2\/comments?post=29114"}],"wp:featuredmedia":[{"embeddable":true,"href":"https:\/\/puregrowshop.com\/fr\/wp-json\/wp\/v2\/media\/13773"}],"wp:attachment":[{"href":"https:\/\/puregrowshop.com\/fr\/wp-json\/wp\/v2\/media?parent=29114"}],"wp:term":[{"taxonomy":"pwb-brand","embeddable":true,"href":"https:\/\/puregrowshop.com\/fr\/wp-json\/wp\/v2\/pwb-brand?post=29114"},{"taxonomy":"product_brand","embeddable":true,"href":"https:\/\/puregrowshop.com\/fr\/wp-json\/wp\/v2\/product_brand?post=29114"},{"taxonomy":"product_cat","embeddable":true,"href":"https:\/\/puregrowshop.com\/fr\/wp-json\/wp\/v2\/product_cat?post=29114"},{"taxonomy":"product_tag","embeddable":true,"href":"https:\/\/puregrowshop.com\/fr\/wp-json\/wp\/v2\/product_tag?post=29114"}],"curies":[{"name":"wp","href":"https:\/\/api.w.org\/{rel}","templated":true}]}}