{"id":29112,"date":"2025-03-02T18:11:16","date_gmt":"2025-03-02T18:11:16","guid":{"rendered":"https:\/\/puregrowshop.com\/?post_type=product&#038;p=29112"},"modified":"2025-11-21T11:06:05","modified_gmt":"2025-11-21T11:06:05","slug":"cbd-skunkhaze-dutch-passion","status":"publish","type":"product","link":"https:\/\/puregrowshop.com\/fr\/cbd-skunkhaze-dutch-passion\/","title":{"rendered":"CBD Skunkhaze. Dutch Passion"},"content":{"rendered":"<p>En el uso m\u00e9dico, se prefiere un % bajo de THC para pacientes que desean un aut\u00e9ntico efecto cann\u00e1bico potente y relajante sin la intensidad que proporcionan algunas variedades con THC elevado. Los usuarios recreativos descubrir\u00e1n que los elevados niveles de CBD proporcionan un subid\u00f3n suave y c\u00f3modo sin ansiedad ni paranoia. CBD Skunk Haze contiene un 7,5% de THC y un 7,5% de CBD. Para crear esta variedad, nuestra Haze\/Skunk (ganadora de la High Times Cannabis Cup de 1992) se cruz\u00f3 cuidadosamente con una variedad con elevado nivel de CBD.<\/p>\n<p>CBD Skunk Haze produce plantas altas y grandes. Este cruce de Sativa\/Indica (50\/50) produce grandes buds, no demasiado densos. El aroma y el sabor recuerdan a la madera de cedro picante, junto con toques c\u00edtricos, de pino y menta. CBD Skunk Haze crece bien en interiores y en invernaderos. El periodo de floraci\u00f3n es aproximadamente de 10 semanas y puede llegar a producir 450 g\/m2 en condiciones ideales.<\/p>\n","protected":false},"excerpt":{"rendered":"<p>Haze\/Skunk X High CBD variety<br \/>La CBD Skunk Haze proviene de un proyecto entre Dutch Passion y CBD Crew. El objetivo era conseguir un \u00edndice \u00f3ptimo de 1:1 entre THC:CBD.<\/p>\n","protected":false},"featured_media":13795,"comment_status":"open","ping_status":"closed","template":"","meta":{"_bst_post_transparent":"","_bst_post_title":"","_bst_post_layout":"","_bst_post_sidebar_id":"","_bst_post_content_style":"","_bst_post_vertical_padding":"","_bst_post_feature":"","_bst_post_feature_position":"","_bst_post_header":false,"_bst_post_footer":false},"pwb-brand":[186],"product_brand":[],"product_cat":[69],"product_tag":[],"class_list":{"0":"post-29112","1":"product","2":"type-product","3":"status-publish","4":"has-post-thumbnail","6":"pwb-brand-dutch-passion","7":"product_cat-feminizadas","9":"first","10":"outofstock","11":"sale","12":"taxable","13":"shipping-taxable","14":"purchasable","15":"product-type-variable","16":"has-default-attributes","17":"entry","18":"content-bg","19":"loop-entry"},"brands":[{"id":186,"name":"Dutch Passion","slug":"dutch-passion"}],"_links":{"self":[{"href":"https:\/\/puregrowshop.com\/fr\/wp-json\/wp\/v2\/product\/29112","targetHints":{"allow":["GET"]}}],"collection":[{"href":"https:\/\/puregrowshop.com\/fr\/wp-json\/wp\/v2\/product"}],"about":[{"href":"https:\/\/puregrowshop.com\/fr\/wp-json\/wp\/v2\/types\/product"}],"replies":[{"embeddable":true,"href":"https:\/\/puregrowshop.com\/fr\/wp-json\/wp\/v2\/comments?post=29112"}],"wp:featuredmedia":[{"embeddable":true,"href":"https:\/\/puregrowshop.com\/fr\/wp-json\/wp\/v2\/media\/13795"}],"wp:attachment":[{"href":"https:\/\/puregrowshop.com\/fr\/wp-json\/wp\/v2\/media?parent=29112"}],"wp:term":[{"taxonomy":"pwb-brand","embeddable":true,"href":"https:\/\/puregrowshop.com\/fr\/wp-json\/wp\/v2\/pwb-brand?post=29112"},{"taxonomy":"product_brand","embeddable":true,"href":"https:\/\/puregrowshop.com\/fr\/wp-json\/wp\/v2\/product_brand?post=29112"},{"taxonomy":"product_cat","embeddable":true,"href":"https:\/\/puregrowshop.com\/fr\/wp-json\/wp\/v2\/product_cat?post=29112"},{"taxonomy":"product_tag","embeddable":true,"href":"https:\/\/puregrowshop.com\/fr\/wp-json\/wp\/v2\/product_tag?post=29112"}],"curies":[{"name":"wp","href":"https:\/\/api.w.org\/{rel}","templated":true}]}}